{"id":531,"date":"2018-12-11T06:00:17","date_gmt":"2018-12-11T05:00:17","guid":{"rendered":"https:\/\/www.parishotelminerve.com\/plan-paris-minerve-hotel\/"},"modified":"2019-03-18T17:05:13","modified_gmt":"2019-03-18T16:05:13","slug":"plan-paris-minerve-hotel","status":"publish","type":"page","link":"https:\/\/www.parishotelminerve.com\/zh-hans\/plan-paris-minerve-hotel\/","title":{"rendered":"Situation"},"content":{"rendered":"<p>[vc_row css_animation=&#8221;&#8221; row_type=&#8221;row&#8221; use_row_as_full_screen_section=&#8221;no&#8221; type=&#8221;full_width&#8221; angled_section=&#8221;no&#8221; text_align=&#8221;left&#8221; background_image_as_pattern=&#8221;without_pattern&#8221; css=&#8221;.vc_custom_1544448491317{margin-bottom: 0px !important;padding-bottom: 0px !important;}&#8221; z_index=&#8221;&#8221;][vc_column][vc_raw_html]JTNDaWZyYW1lJTIwc3JjJTNEJTIyaHR0cHMlM0ElMkYlMkZ3d3cuZ29vZ2xlLmNvbSUyRm1hcHMlMkZlbWJlZCUzRnBiJTNEJTIxMW0xOCUyMTFtMTIlMjExbTMlMjExZDUyNTAuNjYzMTI1MDk1NzklMjEyZDIuMzQ5NTM4MzgyNDY2NjY3JTIxM2Q0OC44NTE4ODc1NDM3MDYwNyUyMTJtMyUyMTFmMCUyMTJmMCUyMTNmMCUyMTNtMiUyMTFpMTAyNCUyMTJpNzY4JTIxNGYxMy4xJTIxM20zJTIxMW0yJTIxMXMweDQ3ZTY3MWU1YmI0MTE2MTklMjUzQTB4OTViOWJiOTcxZWFlMTQ3MyUyMTJzMTMlMkJSdWUlMkJkZXMlMkIlMjVDMyUyNTg5Y29sZXMlMjUyQyUyQjc1MDA1JTJCUGFyaXMlMjE1ZTAlMjEzbTIlMjExc2ZyJTIxMnNmciUyMTR2MTQxMjc1MTgzNjA5OSUyMiUyMHdpZHRoJTNEJTIyMTAwJTI1JTIyJTIwaGVpZ2h0JTNEJTIyNTUwJTIyJTIwZnJhbWVib3JkZXIlM0QlMjIwJTIyJTIwc3R5bGUlM0QlMjJib3JkZXIlM0EwJTIyJTNFJTNDJTJGaWZyYW1lJTNFJTBB[\/vc_raw_html][\/vc_column][\/vc_row][vc_row css_animation=&#8221;&#8221; row_type=&#8221;row&#8221; use_row_as_full_screen_section=&#8221;no&#8221; type=&#8221;grid&#8221; angled_section=&#8221;no&#8221; text_align=&#8221;center&#8221; background_image_as_pattern=&#8221;without_pattern&#8221; padding_top=&#8221;50&#8243; z_index=&#8221;&#8221;][vc_column][vc_column_text]<\/p>\n<h1>\u4f4d\u4e8e\u5df4\u9ece\u4e94\u533a\u62c9\u4e01\u533a\uff08QUARTIER LATIN\uff09<\/h1>\n<p>[\/vc_column_text][vc_empty_space height=&#8221;12px&#8221;][vc_separator type=&#8221;small&#8221; position=&#8221;center&#8221; color=&#8221;#95775d&#8221; thickness=&#8221;3&#8243; width=&#8221;150&#8243;][vc_empty_space height=&#8221;10px&#8221;][\/vc_column][\/vc_row][vc_row css_animation=&#8221;&#8221; row_type=&#8221;row&#8221; use_row_as_full_screen_section=&#8221;no&#8221; type=&#8221;grid&#8221; angled_section=&#8221;no&#8221; text_align=&#8221;center&#8221; background_image_as_pattern=&#8221;without_pattern&#8221; padding_top=&#8221;50&#8243; z_index=&#8221;&#8221; css=&#8221;.vc_custom_1544454746609{margin-top: 0px !important;padding-top: 0px !important;}&#8221;][vc_column width=&#8221;2\/3&#8243; offset=&#8221;vc_col-lg-offset-2 vc_col-md-offset-2 vc_col-xs-12&#8243;][vc_column_text]<\/p>\n<div style=\"text-align: justify;\">\n<p>\u9152\u5e97\u9644\u8fd1\u6709\u4e13\u4eba\u7ba1\u7406\u7684\u4ed8\u8d39\u505c\u8f66\u573a\uff0850\u7c73\u8fdc\uff09\u3002<\/p>\n<p><u>\u516c\u4ea4\u8f66:<\/u><br \/>\n-&gt;\u00a0<a class=\"qode-prettyphoto\" href=\"https:\/\/www.parishotelminerve.com\/img\/bus_63.jpg\" rel=\"prettyPhoto[rel-bus63]\" data-rel=\"prettyPhoto[rel-bus63]\">63\u8def<\/a>\u00a0: Mus\u00e9e d\u2019Orsay \u2013 Invalides \u2013 Tour Eiffel \u2013 Gare de Lyon<br \/>\n-&gt;\u00a0<a class=\"qode-prettyphoto\" href=\"https:\/\/www.parishotelminerve.com\/img\/bus_67.jpg\" rel=\"prettyPhoto[rel-bus67]\" data-rel=\"prettyPhoto[rel-bus67]\">67\u8def<\/a>\u00a0: Louvre \u2013 Montmartre<br \/>\n-&gt;\u00a0<a class=\"qode-prettyphoto\" href=\"https:\/\/www.parishotelminerve.com\/img\/bus_89.jpg\" rel=\"prettyPhoto[rel-bus89]\" data-rel=\"prettyPhoto[rel-bus89]\">89\u8def<\/a>\u00a0: Gare d\u2019Austerlitz\u548cMontparnasse<\/p>\n<p><u>\u5730\u94c1:<\/u><br \/>\n-&gt;<a class=\"qode-prettyphoto\" href=\"https:\/\/www.parishotelminerve.com\/img\/ligne_10.jpg\" rel=\"prettyPhoto[rel-m10]\" data-rel=\"prettyPhoto[rel-m10]\">ligne 10<\/a>\u00a0: Austerlitz &#8211; Boulogne Roland Garros<br \/>\n-&gt;<a class=\"qode-prettyphoto\" href=\"https:\/\/www.parishotelminerve.com\/img\/ligne_7.jpg\" rel=\"prettyPhoto[rel-m7]\" data-rel=\"prettyPhoto[rel-m7]\">ligne 7<\/a>\u00a0: Jussieu : Pont Neuf, Le Louvre, Gare de l&#8217;Est, Mus\u00e9e des Sciences et des Techniques, Op\u00e9ra<\/p>\n<p><u>\u57ce\u90ca\u5feb\u7ebf\uff08RER\uff09:<\/u><br \/>\nSt Michel\uff1aGare du Nord\u3001Eurostar\u548cThalys\u3001Parc des Expositions de Villepinte\u3001\u6234\u9ad8\u4e50\u673a\u573a\uff08Roissy CDG\uff09<\/p>\n<\/div>\n<p>[\/vc_column_text][\/vc_column][\/vc_row][vc_row css_animation=&#8221;&#8221; row_type=&#8221;row&#8221; use_row_as_full_screen_section=&#8221;yes&#8221; type=&#8221;full_width&#8221; angled_section=&#8221;no&#8221; text_align=&#8221;left&#8221; background_image_as_pattern=&#8221;without_pattern&#8221; padding_top=&#8221;50&#8243; z_index=&#8221;&#8221; css=&#8221;.vc_custom_1544451374989{margin-bottom: 30px !important;}&#8221;][vc_column][vc_single_image image=&#8221;340&#8243; img_size=&#8221;full&#8221; alignment=&#8221;center&#8221; qode_css_animation=&#8221;&#8221;][\/vc_column][\/vc_row][vc_row css_animation=&#8221;&#8221; row_type=&#8221;row&#8221; use_row_as_full_screen_section=&#8221;no&#8221; type=&#8221;grid&#8221; angled_section=&#8221;no&#8221; text_align=&#8221;center&#8221; background_image_as_pattern=&#8221;without_pattern&#8221; padding_top=&#8221;50&#8243; z_index=&#8221;&#8221;][vc_column][vc_column_text]<\/p>\n<h2>\u5df4\u9ece\u5723\u6bcd\u9662\uff08Cath\u00e9drale Notre-Dame de Paris\uff09<\/h2>\n<p>[\/vc_column_text][vc_empty_space height=&#8221;12px&#8221;][vc_separator type=&#8221;small&#8221; position=&#8221;center&#8221; color=&#8221;#95775d&#8221; thickness=&#8221;3&#8243; width=&#8221;150&#8243;][vc_empty_space height=&#8221;10px&#8221;][\/vc_column][\/vc_row][vc_row css_animation=&#8221;&#8221; row_type=&#8221;row&#8221; use_row_as_full_screen_section=&#8221;no&#8221; type=&#8221;grid&#8221; angled_section=&#8221;no&#8221; text_align=&#8221;center&#8221; background_image_as_pattern=&#8221;without_pattern&#8221; padding_top=&#8221;50&#8243; z_index=&#8221;&#8221; css=&#8221;.vc_custom_1544504972905{margin-top: 0px !important;padding-top: 0px !important;padding-bottom: 70px !important;}&#8221;][vc_column width=&#8221;2\/3&#8243; offset=&#8221;vc_col-lg-offset-2 vc_col-md-offset-2 vc_col-xs-12&#8243;][vc_column_text]<\/p>\n<div style=\"text-align: justify;\">\n<h3><\/h3>\n<p><strong>-&gt; \u5730\u94c1 :<\/strong> Cluny la Sorbonne\u3001Cardinal Lemoine\u548cMaubert<\/p>\n<p><strong>-&gt; \u6b65\u884c\uff1a<\/strong>\u00a0\u4ece\u9152\u5e97\u5bf9\u9762\u7684\u666e\u74e6\u897f\u8def\uff08Rue de Poissy\uff09\u8d70\u5230\u56fe\u5c14\u5185\u5c14\u6cb3\u5cb8\uff08Quai de la Tournelle\uff09\uff0c\u5c31\u4f1a\u770b\u5230\u5df4\u9ece\u5723\u6bcd\u9662\uff08Notre Dame\uff09\u3002<br \/>\n\u6b65\u884c10\u5206\u949f\u5373\u53ef\u5230\u9152\u5e97\u3002<\/p>\n<p>&nbsp;<\/p>\n<p>\u5df4\u9ece\u5723\u6bcd\u9662\u662f\u5df4\u9ece\u5929\u4e3b\u6559\u7684\u603b\u4e3b\u6559\u6559\u533a\u3002<\/p>\n<p>&nbsp;<\/p>\n<p>\u5b83\u4f4d\u4e8e\u5df4\u9ece\u56db\u533a\u897f\u5cb1\u5c9b\uff08Ile de la cit\u00ea\uff09\u7684\u4e1c\u7aef\u3002<br \/>\n\u6559\u5802\u7684\u897f\u5927\u95e8\u4f4d\u4e8e\u5723\u6bcd\u9662-\u8ba9\u4fdd\u7f57\u4e8c\u4e16\u5e7f\u573a\uff08Parvis Notre-Dame \u2013 place Jean-Paul-ll\uff09\u3002<\/p>\n<p>&nbsp;<\/p>\n<p>\u5723\u6bcd\u9662\u5728\u51e0\u5341\u5e74\uff08\u5171\u4e24\u4e2a\u4e16\u7eaa\uff09\u4e2d\u4e0d\u65ad\u6269\u5927\uff0c\u56e0\u6b64\u7cc5\u5408\u4e86\u4e0d\u540c\u7684\u98ce\u683c\uff1a\u7531\u539f\u59cb\u54e5\u7279\u5f0f\uff08\u808b\u67b6\u62f1\u9876\uff09\u548c\u8f90\u5c04\u54e5\u7279\u5f0f\u98ce\u683c\u7ec4\u6210\u3002<br \/>\n\u8033\u5802\u7684\u88c5\u9970\u73ab\u7470\u82b1\u7a97\u662f\u6b27\u6d32\u6700\u5927\u7684\u82b1\u7a97\uff0c\u6bcf\u4e00\u6247\u7684\u76f4\u5f84\u90fd\u8fbe\u5230\u4e8613\u7c73\u3002<br \/>\n\u5723\u6bcd\u9662\u5efa\u6210\u65f6\uff0c\u662f\u897f\u65b9\u6700\u5927\u7684\u5927\u6559\u5802\u4e4b\u4e00\u3002<\/p>\n<p>&nbsp;<\/p>\n<p>\u5b83\u65e2\u662f\u4fe1\u4ef0\u548c\u671d\u5723\u4e4b\u5730\uff0c\u4e5f\u662f\u5c5e\u4e8e\u5df4\u9ece\u3001\u6cd5\u56fd\u548c\u5168\u4e16\u754c\u7684\u540d\u80dc\u53e4\u8ff9\uff0c\u5438\u5f15\u5927\u91cf\u4fe1\u5f92\u3001\u671d\u5723\u8005\u548c\u6e38\u5ba2\uff08\u6bcf\u5e74\u8fd11400\u4e07\u4eba\u6b21\uff09\u3002<\/p>\n<\/div>\n<p>[\/vc_column_text][\/vc_column][\/vc_row]<\/p>\n","protected":false},"excerpt":{"rendered":"<p>[vc_row css_animation=&#8221;&#8221; row_type&#8230;<\/p>\n","protected":false},"author":1,"featured_media":0,"parent":0,"menu_order":0,"comment_status":"closed","ping_status":"closed","template":"full_width.php","meta":{"footnotes":""},"yoast_head":"<!-- This site is optimized with the Yoast SEO plugin v21.8.1 - https:\/\/yoast.com\/wordpress\/plugins\/seo\/ -->\n<title>\u7c73\u5167\u798f\u9152\u5e97\uff0c3\u661f\u7ea7\u6d6a\u6f2b\u4e2a\u6027\u9152\u5e97\uff0c\u6bd7\u90bb\u5df4\u9ece\u5723\u6bcd\u9662 \u548c\u7d22\u90a6\u5927\u5b66\u3002<\/title>\n<meta name=\"description\" content=\"\u4f4d\u4e8e\u5df4\u9ece\u4e94\u533a\u62c9\u4e01\u533a\uff08QUARTIER LATIN\uff09\u7c73\u5167\u798f\u9152\u5e97\uff08Minerve H\u00f4tel\uff09\uff0c3\u661f\u7ea7\u6d6a\u6f2b\u4e2a\u6027\u9152\u5e97\uff0c\u6c14\u6c1b\u6e29\u99a8\uff0c\u6bd7\u90bb\u5df4\u9ece\u5723\u6bcd\u9662\uff08Notre Dame\uff09\u548c\u7d22\u90a6\u5927\u5b66\uff08Sorbonne\uff09\u3002\u8fd9\u95f4\u6d6a\u6f2b\u9152\u5e97\u4ee5\u540d\u8d35\u6750\u6599\u8fdb\u884c\u88c5\u9970\uff0c\u5982\u6302\u6bef\u3001\u77f3\u5899\u3001\u62a4\u5899\u677f\u3001\u5c4b\u6881\uff0c\u4ee5\u53ca\u7531\u4e13\u4e1a\u753b\u5bb6\u7ed8\u5236\u7684\u58c1\u753b\u3002\" \/>\n<meta name=\"robots\" content=\"index, follow, max-snippet:-1, max-image-preview:large, max-video-preview:-1\" \/>\n<link rel=\"canonical\" href=\"https:\/\/www.parishotelminerve.com\/zh-hans\/plan-paris-minerve-hotel\/\" \/>\n<meta property=\"og:locale\" content=\"zh_CN\" \/>\n<meta property=\"og:type\" content=\"article\" \/>\n<meta property=\"og:title\" content=\"\u7c73\u5167\u798f\u9152\u5e97\uff0c3\u661f\u7ea7\u6d6a\u6f2b\u4e2a\u6027\u9152\u5e97\uff0c\u6bd7\u90bb\u5df4\u9ece\u5723\u6bcd\u9662 \u548c\u7d22\u90a6\u5927\u5b66\u3002\" \/>\n<meta property=\"og:description\" content=\"\u4f4d\u4e8e\u5df4\u9ece\u4e94\u533a\u62c9\u4e01\u533a\uff08QUARTIER LATIN\uff09\u7c73\u5167\u798f\u9152\u5e97\uff08Minerve H\u00f4tel\uff09\uff0c3\u661f\u7ea7\u6d6a\u6f2b\u4e2a\u6027\u9152\u5e97\uff0c\u6c14\u6c1b\u6e29\u99a8\uff0c\u6bd7\u90bb\u5df4\u9ece\u5723\u6bcd\u9662\uff08Notre Dame\uff09\u548c\u7d22\u90a6\u5927\u5b66\uff08Sorbonne\uff09\u3002\u8fd9\u95f4\u6d6a\u6f2b\u9152\u5e97\u4ee5\u540d\u8d35\u6750\u6599\u8fdb\u884c\u88c5\u9970\uff0c\u5982\u6302\u6bef\u3001\u77f3\u5899\u3001\u62a4\u5899\u677f\u3001\u5c4b\u6881\uff0c\u4ee5\u53ca\u7531\u4e13\u4e1a\u753b\u5bb6\u7ed8\u5236\u7684\u58c1\u753b\u3002\" \/>\n<meta property=\"og:url\" content=\"https:\/\/www.parishotelminerve.com\/zh-hans\/plan-paris-minerve-hotel\/\" \/>\n<meta property=\"og:site_name\" content=\"H\u00f4tel Minerve Paris\" \/>\n<meta property=\"article:modified_time\" content=\"2019-03-18T16:05:13+00:00\" \/>\n<meta name=\"twitter:card\" content=\"summary_large_image\" \/>\n<meta name=\"twitter:label1\" content=\"\u9884\u8ba1\u9605\u8bfb\u65f6\u95f4\" \/>\n\t<meta name=\"twitter:data1\" content=\"3 \u5206\" \/>\n<script type=\"application\/ld+json\" class=\"yoast-schema-graph\">{\"@context\":\"https:\/\/schema.org\",\"@graph\":[{\"@type\":\"WebPage\",\"@id\":\"https:\/\/www.parishotelminerve.com\/zh-hans\/plan-paris-minerve-hotel\/\",\"url\":\"https:\/\/www.parishotelminerve.com\/zh-hans\/plan-paris-minerve-hotel\/\",\"name\":\"\u7c73\u5167\u798f\u9152\u5e97\uff0c3\u661f\u7ea7\u6d6a\u6f2b\u4e2a\u6027\u9152\u5e97\uff0c\u6bd7\u90bb\u5df4\u9ece\u5723\u6bcd\u9662 \u548c\u7d22\u90a6\u5927\u5b66\u3002\",\"isPartOf\":{\"@id\":\"https:\/\/www.parishotelminerve.com\/en\/#website\"},\"datePublished\":\"2018-12-11T05:00:17+00:00\",\"dateModified\":\"2019-03-18T16:05:13+00:00\",\"description\":\"\u4f4d\u4e8e\u5df4\u9ece\u4e94\u533a\u62c9\u4e01\u533a\uff08QUARTIER LATIN\uff09\u7c73\u5167\u798f\u9152\u5e97\uff08Minerve H\u00f4tel\uff09\uff0c3\u661f\u7ea7\u6d6a\u6f2b\u4e2a\u6027\u9152\u5e97\uff0c\u6c14\u6c1b\u6e29\u99a8\uff0c\u6bd7\u90bb\u5df4\u9ece\u5723\u6bcd\u9662\uff08Notre Dame\uff09\u548c\u7d22\u90a6\u5927\u5b66\uff08Sorbonne\uff09\u3002\u8fd9\u95f4\u6d6a\u6f2b\u9152\u5e97\u4ee5\u540d\u8d35\u6750\u6599\u8fdb\u884c\u88c5\u9970\uff0c\u5982\u6302\u6bef\u3001\u77f3\u5899\u3001\u62a4\u5899\u677f\u3001\u5c4b\u6881\uff0c\u4ee5\u53ca\u7531\u4e13\u4e1a\u753b\u5bb6\u7ed8\u5236\u7684\u58c1\u753b\u3002\",\"breadcrumb\":{\"@id\":\"https:\/\/www.parishotelminerve.com\/zh-hans\/plan-paris-minerve-hotel\/#breadcrumb\"},\"inLanguage\":\"zh-Hans\",\"potentialAction\":[{\"@type\":\"ReadAction\",\"target\":[\"https:\/\/www.parishotelminerve.com\/zh-hans\/plan-paris-minerve-hotel\/\"]}]},{\"@type\":\"BreadcrumbList\",\"@id\":\"https:\/\/www.parishotelminerve.com\/zh-hans\/plan-paris-minerve-hotel\/#breadcrumb\",\"itemListElement\":[{\"@type\":\"ListItem\",\"position\":1,\"name\":\"Accueil\",\"item\":\"https:\/\/www.parishotelminerve.com\/zh-hans\/\"},{\"@type\":\"ListItem\",\"position\":2,\"name\":\"Situation\"}]},{\"@type\":\"WebSite\",\"@id\":\"https:\/\/www.parishotelminerve.com\/en\/#website\",\"url\":\"https:\/\/www.parishotelminerve.com\/en\/\",\"name\":\"H\u00f4tel Minerve Paris\",\"description\":\"H\u00f4tel 3 \u00e9toiles de charme au coeur du quartier latin\",\"potentialAction\":[{\"@type\":\"SearchAction\",\"target\":{\"@type\":\"EntryPoint\",\"urlTemplate\":\"https:\/\/www.parishotelminerve.com\/en\/?s={search_term_string}\"},\"query-input\":\"required name=search_term_string\"}],\"inLanguage\":\"zh-Hans\"}]}<\/script>\n<!-- \/ Yoast SEO plugin. -->","yoast_head_json":{"title":"\u7c73\u5167\u798f\u9152\u5e97\uff0c3\u661f\u7ea7\u6d6a\u6f2b\u4e2a\u6027\u9152\u5e97\uff0c\u6bd7\u90bb\u5df4\u9ece\u5723\u6bcd\u9662 \u548c\u7d22\u90a6\u5927\u5b66\u3002","description":"\u4f4d\u4e8e\u5df4\u9ece\u4e94\u533a\u62c9\u4e01\u533a\uff08QUARTIER LATIN\uff09\u7c73\u5167\u798f\u9152\u5e97\uff08Minerve H\u00f4tel\uff09\uff0c3\u661f\u7ea7\u6d6a\u6f2b\u4e2a\u6027\u9152\u5e97\uff0c\u6c14\u6c1b\u6e29\u99a8\uff0c\u6bd7\u90bb\u5df4\u9ece\u5723\u6bcd\u9662\uff08Notre Dame\uff09\u548c\u7d22\u90a6\u5927\u5b66\uff08Sorbonne\uff09\u3002\u8fd9\u95f4\u6d6a\u6f2b\u9152\u5e97\u4ee5\u540d\u8d35\u6750\u6599\u8fdb\u884c\u88c5\u9970\uff0c\u5982\u6302\u6bef\u3001\u77f3\u5899\u3001\u62a4\u5899\u677f\u3001\u5c4b\u6881\uff0c\u4ee5\u53ca\u7531\u4e13\u4e1a\u753b\u5bb6\u7ed8\u5236\u7684\u58c1\u753b\u3002","robots":{"index":"index","follow":"follow","max-snippet":"max-snippet:-1","max-image-preview":"max-image-preview:large","max-video-preview":"max-video-preview:-1"},"canonical":"https:\/\/www.parishotelminerve.com\/zh-hans\/plan-paris-minerve-hotel\/","og_locale":"zh_CN","og_type":"article","og_title":"\u7c73\u5167\u798f\u9152\u5e97\uff0c3\u661f\u7ea7\u6d6a\u6f2b\u4e2a\u6027\u9152\u5e97\uff0c\u6bd7\u90bb\u5df4\u9ece\u5723\u6bcd\u9662 \u548c\u7d22\u90a6\u5927\u5b66\u3002","og_description":"\u4f4d\u4e8e\u5df4\u9ece\u4e94\u533a\u62c9\u4e01\u533a\uff08QUARTIER LATIN\uff09\u7c73\u5167\u798f\u9152\u5e97\uff08Minerve H\u00f4tel\uff09\uff0c3\u661f\u7ea7\u6d6a\u6f2b\u4e2a\u6027\u9152\u5e97\uff0c\u6c14\u6c1b\u6e29\u99a8\uff0c\u6bd7\u90bb\u5df4\u9ece\u5723\u6bcd\u9662\uff08Notre Dame\uff09\u548c\u7d22\u90a6\u5927\u5b66\uff08Sorbonne\uff09\u3002\u8fd9\u95f4\u6d6a\u6f2b\u9152\u5e97\u4ee5\u540d\u8d35\u6750\u6599\u8fdb\u884c\u88c5\u9970\uff0c\u5982\u6302\u6bef\u3001\u77f3\u5899\u3001\u62a4\u5899\u677f\u3001\u5c4b\u6881\uff0c\u4ee5\u53ca\u7531\u4e13\u4e1a\u753b\u5bb6\u7ed8\u5236\u7684\u58c1\u753b\u3002","og_url":"https:\/\/www.parishotelminerve.com\/zh-hans\/plan-paris-minerve-hotel\/","og_site_name":"H\u00f4tel Minerve Paris","article_modified_time":"2019-03-18T16:05:13+00:00","twitter_card":"summary_large_image","twitter_misc":{"\u9884\u8ba1\u9605\u8bfb\u65f6\u95f4":"3 \u5206"},"schema":{"@context":"https:\/\/schema.org","@graph":[{"@type":"WebPage","@id":"https:\/\/www.parishotelminerve.com\/zh-hans\/plan-paris-minerve-hotel\/","url":"https:\/\/www.parishotelminerve.com\/zh-hans\/plan-paris-minerve-hotel\/","name":"\u7c73\u5167\u798f\u9152\u5e97\uff0c3\u661f\u7ea7\u6d6a\u6f2b\u4e2a\u6027\u9152\u5e97\uff0c\u6bd7\u90bb\u5df4\u9ece\u5723\u6bcd\u9662 \u548c\u7d22\u90a6\u5927\u5b66\u3002","isPartOf":{"@id":"https:\/\/www.parishotelminerve.com\/en\/#website"},"datePublished":"2018-12-11T05:00:17+00:00","dateModified":"2019-03-18T16:05:13+00:00","description":"\u4f4d\u4e8e\u5df4\u9ece\u4e94\u533a\u62c9\u4e01\u533a\uff08QUARTIER LATIN\uff09\u7c73\u5167\u798f\u9152\u5e97\uff08Minerve H\u00f4tel\uff09\uff0c3\u661f\u7ea7\u6d6a\u6f2b\u4e2a\u6027\u9152\u5e97\uff0c\u6c14\u6c1b\u6e29\u99a8\uff0c\u6bd7\u90bb\u5df4\u9ece\u5723\u6bcd\u9662\uff08Notre Dame\uff09\u548c\u7d22\u90a6\u5927\u5b66\uff08Sorbonne\uff09\u3002\u8fd9\u95f4\u6d6a\u6f2b\u9152\u5e97\u4ee5\u540d\u8d35\u6750\u6599\u8fdb\u884c\u88c5\u9970\uff0c\u5982\u6302\u6bef\u3001\u77f3\u5899\u3001\u62a4\u5899\u677f\u3001\u5c4b\u6881\uff0c\u4ee5\u53ca\u7531\u4e13\u4e1a\u753b\u5bb6\u7ed8\u5236\u7684\u58c1\u753b\u3002","breadcrumb":{"@id":"https:\/\/www.parishotelminerve.com\/zh-hans\/plan-paris-minerve-hotel\/#breadcrumb"},"inLanguage":"zh-Hans","potentialAction":[{"@type":"ReadAction","target":["https:\/\/www.parishotelminerve.com\/zh-hans\/plan-paris-minerve-hotel\/"]}]},{"@type":"BreadcrumbList","@id":"https:\/\/www.parishotelminerve.com\/zh-hans\/plan-paris-minerve-hotel\/#breadcrumb","itemListElement":[{"@type":"ListItem","position":1,"name":"Accueil","item":"https:\/\/www.parishotelminerve.com\/zh-hans\/"},{"@type":"ListItem","position":2,"name":"Situation"}]},{"@type":"WebSite","@id":"https:\/\/www.parishotelminerve.com\/en\/#website","url":"https:\/\/www.parishotelminerve.com\/en\/","name":"H\u00f4tel Minerve Paris","description":"H\u00f4tel 3 \u00e9toiles de charme au coeur du quartier latin","potentialAction":[{"@type":"SearchAction","target":{"@type":"EntryPoint","urlTemplate":"https:\/\/www.parishotelminerve.com\/en\/?s={search_term_string}"},"query-input":"required name=search_term_string"}],"inLanguage":"zh-Hans"}]}},"_links":{"self":[{"href":"https:\/\/www.parishotelminerve.com\/zh-hans\/wp-json\/wp\/v2\/pages\/531"}],"collection":[{"href":"https:\/\/www.parishotelminerve.com\/zh-hans\/wp-json\/wp\/v2\/pages"}],"about":[{"href":"https:\/\/www.parishotelminerve.com\/zh-hans\/wp-json\/wp\/v2\/types\/page"}],"author":[{"embeddable":true,"href":"https:\/\/www.parishotelminerve.com\/zh-hans\/wp-json\/wp\/v2\/users\/1"}],"replies":[{"embeddable":true,"href":"https:\/\/www.parishotelminerve.com\/zh-hans\/wp-json\/wp\/v2\/comments?post=531"}],"version-history":[{"count":2,"href":"https:\/\/www.parishotelminerve.com\/zh-hans\/wp-json\/wp\/v2\/pages\/531\/revisions"}],"predecessor-version":[{"id":698,"href":"https:\/\/www.parishotelminerve.com\/zh-hans\/wp-json\/wp\/v2\/pages\/531\/revisions\/698"}],"wp:attachment":[{"href":"https:\/\/www.parishotelminerve.com\/zh-hans\/wp-json\/wp\/v2\/media?parent=531"}],"curies":[{"name":"wp","href":"https:\/\/api.w.org\/{rel}","templated":true}]}}