{"id":501,"date":"2018-07-02T08:03:07","date_gmt":"2018-07-02T08:03:07","guid":{"rendered":"https:\/\/www.parishotelminerve.com\/home\/"},"modified":"2019-03-18T16:43:17","modified_gmt":"2019-03-18T15:43:17","slug":"home","status":"publish","type":"page","link":"https:\/\/www.parishotelminerve.com\/zh-hans\/","title":{"rendered":"Home"},"content":{"rendered":"<p>[vc_row css_animation=&#8221;&#8221; row_type=&#8221;row&#8221; use_row_as_full_screen_section=&#8221;no&#8221; type=&#8221;full_width&#8221; angled_section=&#8221;no&#8221; text_align=&#8221;left&#8221; background_image_as_pattern=&#8221;without_pattern&#8221; css=&#8221;.vc_custom_1544448491317{margin-bottom: 0px !important;padding-bottom: 0px !important;}&#8221; z_index=&#8221;&#8221;][vc_column][rev_slider_vc alias=&#8221;accueil&#8221;][\/vc_column][\/vc_row][vc_row css_animation=&#8221;&#8221; row_type=&#8221;row&#8221; use_row_as_full_screen_section=&#8221;no&#8221; type=&#8221;grid&#8221; angled_section=&#8221;no&#8221; text_align=&#8221;center&#8221; background_image_as_pattern=&#8221;without_pattern&#8221; padding_top=&#8221;50&#8243; z_index=&#8221;&#8221;][vc_column][vc_column_text]<\/p>\n<h1>\u4f4d\u4e8e\u5df4\u9ece\u4e94\u533a\u62c9\u4e01\u533a\uff08QUARTIER LATIN\uff09<\/h1>\n<p>[\/vc_column_text][vc_empty_space height=&#8221;12px&#8221;][vc_separator type=&#8221;small&#8221; position=&#8221;center&#8221; color=&#8221;#95775d&#8221; thickness=&#8221;3&#8243; width=&#8221;150&#8243;][vc_empty_space height=&#8221;10px&#8221;][\/vc_column][\/vc_row][vc_row css_animation=&#8221;&#8221; row_type=&#8221;row&#8221; use_row_as_full_screen_section=&#8221;no&#8221; type=&#8221;grid&#8221; angled_section=&#8221;no&#8221; text_align=&#8221;center&#8221; background_image_as_pattern=&#8221;without_pattern&#8221; padding_top=&#8221;50&#8243; z_index=&#8221;&#8221; css=&#8221;.vc_custom_1544454746609{margin-top: 0px !important;padding-top: 0px !important;}&#8221;][vc_column width=&#8221;2\/3&#8243; offset=&#8221;vc_col-lg-offset-2 vc_col-md-offset-2 vc_col-xs-12&#8243;][vc_column_text]<\/p>\n<div style=\"text-align: justify;\">\n<p>\u7c73\u5167\u798f\u9152\u5e97\uff08Minerve H\u00f4tel\uff09\uff0c3\u661f\u7ea7\u6d6a\u6f2b\u4e2a\u6027\u9152\u5e97\uff0c\u6c14\u6c1b\u6e29\u99a8\uff0c\u6bd7\u90bb\u5df4\u9ece\u5723\u6bcd\u9662\uff08Notre Dame\uff09\u548c\u7d22\u90a6\u5927\u5b66\uff08Sorbonne\uff09\u3002<\/p>\n<p>\u8fd9\u95f4\u6d6a\u6f2b\u9152\u5e97\u4ee5\u540d\u8d35\u6750\u6599\u8fdb\u884c\u88c5\u9970\uff0c\u5982\u6302\u6bef\u3001\u77f3\u5899\u3001\u62a4\u5899\u677f\u3001\u5c4b\u6881\uff0c\u4ee5\u53ca\u7531\u4e13\u4e1a\u753b\u5bb6\u7ed8\u5236\u7684\u58c1\u753b\u3002\u8bf7\u6765\u9152\u5e97\u4e00\u7779\u4e3a\u5feb\u3002<\/p>\n<\/div>\n<p>[\/vc_column_text][\/vc_column][\/vc_row][vc_row css_animation=&#8221;&#8221; row_type=&#8221;row&#8221; use_row_as_full_screen_section=&#8221;yes&#8221; type=&#8221;full_width&#8221; angled_section=&#8221;no&#8221; text_align=&#8221;left&#8221; background_image_as_pattern=&#8221;without_pattern&#8221; padding_top=&#8221;50&#8243; z_index=&#8221;&#8221; css=&#8221;.vc_custom_1544451374989{margin-bottom: 30px !important;}&#8221;][vc_column][vc_single_image image=&#8221;280&#8243; img_size=&#8221;full&#8221; alignment=&#8221;center&#8221; qode_css_animation=&#8221;&#8221;][\/vc_column][\/vc_row][vc_row css_animation=&#8221;&#8221; row_type=&#8221;row&#8221; use_row_as_full_screen_section=&#8221;no&#8221; type=&#8221;grid&#8221; angled_section=&#8221;no&#8221; text_align=&#8221;center&#8221; background_image_as_pattern=&#8221;without_pattern&#8221; padding_top=&#8221;50&#8243; z_index=&#8221;&#8221; css=&#8221;.vc_custom_1544455599848{margin-top: 0px !important;margin-bottom: 50px !important;padding-top: 0px !important;}&#8221;][vc_column width=&#8221;2\/3&#8243; offset=&#8221;vc_col-lg-offset-2 vc_col-md-offset-2 vc_col-xs-12&#8243;][vc_column_text]<\/p>\n<div style=\"text-align: justify;\">\u9ad8\u8d35\u5178\u96c5\u7684\u5965\u65af\u66fc\u5f0f\u5efa\u7b51\uff0c\u6e90\u4e8e1864\u5e74\uff0c\u4ece\u82b1\u56e2\u9526\u7c07\u7684\u9732\u53f0\u53ef\u4fef\u77b0\u98ce\u666f\u3002<\/div>\n<p>[\/vc_column_text][\/vc_column][\/vc_row][vc_row css_animation=&#8221;&#8221; row_type=&#8221;row&#8221; use_row_as_full_screen_section=&#8221;no&#8221; type=&#8221;full_width&#8221; angled_section=&#8221;no&#8221; text_align=&#8221;left&#8221; background_image_as_pattern=&#8221;without_pattern&#8221; padding_bottom=&#8221;0&#8243; css=&#8221;.vc_custom_1544456018328{margin-top: 0px !important;margin-bottom: 0px !important;padding-top: 0px !important;padding-bottom: 0px !important;}&#8221; z_index=&#8221;&#8221;][vc_column css=&#8221;.vc_custom_1544456024391{margin-top: 0px !important;margin-bottom: 0px !important;border-bottom-width: 0px !important;padding-top: 0px !important;padding-bottom: 0px !important;}&#8221;][vc_single_image image=&#8221;277&#8243; img_size=&#8221;full&#8221; alignment=&#8221;center&#8221; style=&#8221;vc_box_shadow_3d&#8221; qode_css_animation=&#8221;&#8221; css=&#8221;.vc_custom_1544456033932{margin-top: 0px !important;margin-bottom: 0px !important;border-top-width: 0px !important;border-bottom-width: 0px !important;padding-top: 0px !important;padding-bottom: 0px !important;}&#8221;][\/vc_column][\/vc_row]<\/p>\n","protected":false},"excerpt":{"rendered":"<p>[vc_row css_animation=&#8221;&#8221; row_type&#8230;<\/p>\n","protected":false},"author":1,"featured_media":0,"parent":0,"menu_order":0,"comment_status":"closed","ping_status":"closed","template":"full_width.php","meta":{"footnotes":""},"yoast_head":"<!-- This site is optimized with the Yoast SEO plugin v21.8.1 - https:\/\/yoast.com\/wordpress\/plugins\/seo\/ -->\n<title>\u7c73\u5167\u798f\u9152\u5e97\uff0c3\u661f\u7ea7\u6d6a\u6f2b\u4e2a\u6027\u9152\u5e97\uff0c\u6bd7\u90bb\u5df4\u9ece\u5723\u6bcd\u9662 \u548c\u7d22\u90a6\u5927\u5b66\u3002<\/title>\n<meta name=\"description\" content=\"\u4f4d\u4e8e\u5df4\u9ece\u4e94\u533a\u62c9\u4e01\u533a\uff08QUARTIER LATIN\uff09\u7c73\u5167\u798f\u9152\u5e97\uff08Minerve H\u00f4tel\uff09\uff0c3\u661f\u7ea7\u6d6a\u6f2b\u4e2a\u6027\u9152\u5e97\uff0c\u6c14\u6c1b\u6e29\u99a8\uff0c\u6bd7\u90bb\u5df4\u9ece\u5723\u6bcd\u9662\uff08Notre Dame\uff09\u548c\u7d22\u90a6\u5927\u5b66\uff08Sorbonne\uff09\u3002\u8fd9\u95f4\u6d6a\u6f2b\u9152\u5e97\u4ee5\u540d\u8d35\u6750\u6599\u8fdb\u884c\u88c5\u9970\uff0c\u5982\u6302\u6bef\u3001\u77f3\u5899\u3001\u62a4\u5899\u677f\u3001\u5c4b\u6881\uff0c\u4ee5\u53ca\u7531\u4e13\u4e1a\u753b\u5bb6\u7ed8\u5236\u7684\u58c1\u753b\u3002\" \/>\n<meta name=\"robots\" content=\"index, follow, max-snippet:-1, max-image-preview:large, max-video-preview:-1\" \/>\n<link rel=\"canonical\" href=\"https:\/\/www.parishotelminerve.com\/zh-hans\/\" \/>\n<meta property=\"og:locale\" content=\"zh_CN\" \/>\n<meta property=\"og:type\" content=\"article\" \/>\n<meta property=\"og:title\" content=\"\u7c73\u5167\u798f\u9152\u5e97\uff0c3\u661f\u7ea7\u6d6a\u6f2b\u4e2a\u6027\u9152\u5e97\uff0c\u6bd7\u90bb\u5df4\u9ece\u5723\u6bcd\u9662 \u548c\u7d22\u90a6\u5927\u5b66\u3002\" \/>\n<meta property=\"og:description\" content=\"\u4f4d\u4e8e\u5df4\u9ece\u4e94\u533a\u62c9\u4e01\u533a\uff08QUARTIER LATIN\uff09\u7c73\u5167\u798f\u9152\u5e97\uff08Minerve H\u00f4tel\uff09\uff0c3\u661f\u7ea7\u6d6a\u6f2b\u4e2a\u6027\u9152\u5e97\uff0c\u6c14\u6c1b\u6e29\u99a8\uff0c\u6bd7\u90bb\u5df4\u9ece\u5723\u6bcd\u9662\uff08Notre Dame\uff09\u548c\u7d22\u90a6\u5927\u5b66\uff08Sorbonne\uff09\u3002\u8fd9\u95f4\u6d6a\u6f2b\u9152\u5e97\u4ee5\u540d\u8d35\u6750\u6599\u8fdb\u884c\u88c5\u9970\uff0c\u5982\u6302\u6bef\u3001\u77f3\u5899\u3001\u62a4\u5899\u677f\u3001\u5c4b\u6881\uff0c\u4ee5\u53ca\u7531\u4e13\u4e1a\u753b\u5bb6\u7ed8\u5236\u7684\u58c1\u753b\u3002\" \/>\n<meta property=\"og:url\" content=\"https:\/\/www.parishotelminerve.com\/zh-hans\/\" \/>\n<meta property=\"og:site_name\" content=\"H\u00f4tel Minerve Paris\" \/>\n<meta property=\"article:modified_time\" content=\"2019-03-18T15:43:17+00:00\" \/>\n<meta name=\"twitter:card\" content=\"summary_large_image\" \/>\n<meta name=\"twitter:label1\" content=\"\u9884\u8ba1\u9605\u8bfb\u65f6\u95f4\" \/>\n\t<meta name=\"twitter:data1\" content=\"2 \u5206\" \/>\n<script type=\"application\/ld+json\" class=\"yoast-schema-graph\">{\"@context\":\"https:\/\/schema.org\",\"@graph\":[{\"@type\":\"WebPage\",\"@id\":\"https:\/\/www.parishotelminerve.com\/zh-hans\/\",\"url\":\"https:\/\/www.parishotelminerve.com\/zh-hans\/\",\"name\":\"\u7c73\u5167\u798f\u9152\u5e97\uff0c3\u661f\u7ea7\u6d6a\u6f2b\u4e2a\u6027\u9152\u5e97\uff0c\u6bd7\u90bb\u5df4\u9ece\u5723\u6bcd\u9662 \u548c\u7d22\u90a6\u5927\u5b66\u3002\",\"isPartOf\":{\"@id\":\"https:\/\/www.parishotelminerve.com\/en\/#website\"},\"datePublished\":\"2018-07-02T08:03:07+00:00\",\"dateModified\":\"2019-03-18T15:43:17+00:00\",\"description\":\"\u4f4d\u4e8e\u5df4\u9ece\u4e94\u533a\u62c9\u4e01\u533a\uff08QUARTIER LATIN\uff09\u7c73\u5167\u798f\u9152\u5e97\uff08Minerve H\u00f4tel\uff09\uff0c3\u661f\u7ea7\u6d6a\u6f2b\u4e2a\u6027\u9152\u5e97\uff0c\u6c14\u6c1b\u6e29\u99a8\uff0c\u6bd7\u90bb\u5df4\u9ece\u5723\u6bcd\u9662\uff08Notre Dame\uff09\u548c\u7d22\u90a6\u5927\u5b66\uff08Sorbonne\uff09\u3002\u8fd9\u95f4\u6d6a\u6f2b\u9152\u5e97\u4ee5\u540d\u8d35\u6750\u6599\u8fdb\u884c\u88c5\u9970\uff0c\u5982\u6302\u6bef\u3001\u77f3\u5899\u3001\u62a4\u5899\u677f\u3001\u5c4b\u6881\uff0c\u4ee5\u53ca\u7531\u4e13\u4e1a\u753b\u5bb6\u7ed8\u5236\u7684\u58c1\u753b\u3002\",\"breadcrumb\":{\"@id\":\"https:\/\/www.parishotelminerve.com\/zh-hans\/#breadcrumb\"},\"inLanguage\":\"zh-Hans\",\"potentialAction\":[{\"@type\":\"ReadAction\",\"target\":[\"https:\/\/www.parishotelminerve.com\/zh-hans\/\"]}]},{\"@type\":\"BreadcrumbList\",\"@id\":\"https:\/\/www.parishotelminerve.com\/zh-hans\/#breadcrumb\",\"itemListElement\":[{\"@type\":\"ListItem\",\"position\":1,\"name\":\"Accueil\",\"item\":\"https:\/\/www.parishotelminerve.com\/zh-hans\/\"},{\"@type\":\"ListItem\",\"position\":2,\"name\":\"Home\"}]},{\"@type\":\"WebSite\",\"@id\":\"https:\/\/www.parishotelminerve.com\/en\/#website\",\"url\":\"https:\/\/www.parishotelminerve.com\/en\/\",\"name\":\"H\u00f4tel Minerve Paris\",\"description\":\"H\u00f4tel 3 \u00e9toiles de charme au coeur du quartier latin\",\"potentialAction\":[{\"@type\":\"SearchAction\",\"target\":{\"@type\":\"EntryPoint\",\"urlTemplate\":\"https:\/\/www.parishotelminerve.com\/en\/?s={search_term_string}\"},\"query-input\":\"required name=search_term_string\"}],\"inLanguage\":\"zh-Hans\"}]}<\/script>\n<!-- \/ Yoast SEO plugin. -->","yoast_head_json":{"title":"\u7c73\u5167\u798f\u9152\u5e97\uff0c3\u661f\u7ea7\u6d6a\u6f2b\u4e2a\u6027\u9152\u5e97\uff0c\u6bd7\u90bb\u5df4\u9ece\u5723\u6bcd\u9662 \u548c\u7d22\u90a6\u5927\u5b66\u3002","description":"\u4f4d\u4e8e\u5df4\u9ece\u4e94\u533a\u62c9\u4e01\u533a\uff08QUARTIER LATIN\uff09\u7c73\u5167\u798f\u9152\u5e97\uff08Minerve H\u00f4tel\uff09\uff0c3\u661f\u7ea7\u6d6a\u6f2b\u4e2a\u6027\u9152\u5e97\uff0c\u6c14\u6c1b\u6e29\u99a8\uff0c\u6bd7\u90bb\u5df4\u9ece\u5723\u6bcd\u9662\uff08Notre Dame\uff09\u548c\u7d22\u90a6\u5927\u5b66\uff08Sorbonne\uff09\u3002\u8fd9\u95f4\u6d6a\u6f2b\u9152\u5e97\u4ee5\u540d\u8d35\u6750\u6599\u8fdb\u884c\u88c5\u9970\uff0c\u5982\u6302\u6bef\u3001\u77f3\u5899\u3001\u62a4\u5899\u677f\u3001\u5c4b\u6881\uff0c\u4ee5\u53ca\u7531\u4e13\u4e1a\u753b\u5bb6\u7ed8\u5236\u7684\u58c1\u753b\u3002","robots":{"index":"index","follow":"follow","max-snippet":"max-snippet:-1","max-image-preview":"max-image-preview:large","max-video-preview":"max-video-preview:-1"},"canonical":"https:\/\/www.parishotelminerve.com\/zh-hans\/","og_locale":"zh_CN","og_type":"article","og_title":"\u7c73\u5167\u798f\u9152\u5e97\uff0c3\u661f\u7ea7\u6d6a\u6f2b\u4e2a\u6027\u9152\u5e97\uff0c\u6bd7\u90bb\u5df4\u9ece\u5723\u6bcd\u9662 \u548c\u7d22\u90a6\u5927\u5b66\u3002","og_description":"\u4f4d\u4e8e\u5df4\u9ece\u4e94\u533a\u62c9\u4e01\u533a\uff08QUARTIER LATIN\uff09\u7c73\u5167\u798f\u9152\u5e97\uff08Minerve H\u00f4tel\uff09\uff0c3\u661f\u7ea7\u6d6a\u6f2b\u4e2a\u6027\u9152\u5e97\uff0c\u6c14\u6c1b\u6e29\u99a8\uff0c\u6bd7\u90bb\u5df4\u9ece\u5723\u6bcd\u9662\uff08Notre Dame\uff09\u548c\u7d22\u90a6\u5927\u5b66\uff08Sorbonne\uff09\u3002\u8fd9\u95f4\u6d6a\u6f2b\u9152\u5e97\u4ee5\u540d\u8d35\u6750\u6599\u8fdb\u884c\u88c5\u9970\uff0c\u5982\u6302\u6bef\u3001\u77f3\u5899\u3001\u62a4\u5899\u677f\u3001\u5c4b\u6881\uff0c\u4ee5\u53ca\u7531\u4e13\u4e1a\u753b\u5bb6\u7ed8\u5236\u7684\u58c1\u753b\u3002","og_url":"https:\/\/www.parishotelminerve.com\/zh-hans\/","og_site_name":"H\u00f4tel Minerve Paris","article_modified_time":"2019-03-18T15:43:17+00:00","twitter_card":"summary_large_image","twitter_misc":{"\u9884\u8ba1\u9605\u8bfb\u65f6\u95f4":"2 \u5206"},"schema":{"@context":"https:\/\/schema.org","@graph":[{"@type":"WebPage","@id":"https:\/\/www.parishotelminerve.com\/zh-hans\/","url":"https:\/\/www.parishotelminerve.com\/zh-hans\/","name":"\u7c73\u5167\u798f\u9152\u5e97\uff0c3\u661f\u7ea7\u6d6a\u6f2b\u4e2a\u6027\u9152\u5e97\uff0c\u6bd7\u90bb\u5df4\u9ece\u5723\u6bcd\u9662 \u548c\u7d22\u90a6\u5927\u5b66\u3002","isPartOf":{"@id":"https:\/\/www.parishotelminerve.com\/en\/#website"},"datePublished":"2018-07-02T08:03:07+00:00","dateModified":"2019-03-18T15:43:17+00:00","description":"\u4f4d\u4e8e\u5df4\u9ece\u4e94\u533a\u62c9\u4e01\u533a\uff08QUARTIER LATIN\uff09\u7c73\u5167\u798f\u9152\u5e97\uff08Minerve H\u00f4tel\uff09\uff0c3\u661f\u7ea7\u6d6a\u6f2b\u4e2a\u6027\u9152\u5e97\uff0c\u6c14\u6c1b\u6e29\u99a8\uff0c\u6bd7\u90bb\u5df4\u9ece\u5723\u6bcd\u9662\uff08Notre Dame\uff09\u548c\u7d22\u90a6\u5927\u5b66\uff08Sorbonne\uff09\u3002\u8fd9\u95f4\u6d6a\u6f2b\u9152\u5e97\u4ee5\u540d\u8d35\u6750\u6599\u8fdb\u884c\u88c5\u9970\uff0c\u5982\u6302\u6bef\u3001\u77f3\u5899\u3001\u62a4\u5899\u677f\u3001\u5c4b\u6881\uff0c\u4ee5\u53ca\u7531\u4e13\u4e1a\u753b\u5bb6\u7ed8\u5236\u7684\u58c1\u753b\u3002","breadcrumb":{"@id":"https:\/\/www.parishotelminerve.com\/zh-hans\/#breadcrumb"},"inLanguage":"zh-Hans","potentialAction":[{"@type":"ReadAction","target":["https:\/\/www.parishotelminerve.com\/zh-hans\/"]}]},{"@type":"BreadcrumbList","@id":"https:\/\/www.parishotelminerve.com\/zh-hans\/#breadcrumb","itemListElement":[{"@type":"ListItem","position":1,"name":"Accueil","item":"https:\/\/www.parishotelminerve.com\/zh-hans\/"},{"@type":"ListItem","position":2,"name":"Home"}]},{"@type":"WebSite","@id":"https:\/\/www.parishotelminerve.com\/en\/#website","url":"https:\/\/www.parishotelminerve.com\/en\/","name":"H\u00f4tel Minerve Paris","description":"H\u00f4tel 3 \u00e9toiles de charme au coeur du quartier latin","potentialAction":[{"@type":"SearchAction","target":{"@type":"EntryPoint","urlTemplate":"https:\/\/www.parishotelminerve.com\/en\/?s={search_term_string}"},"query-input":"required name=search_term_string"}],"inLanguage":"zh-Hans"}]}},"_links":{"self":[{"href":"https:\/\/www.parishotelminerve.com\/zh-hans\/wp-json\/wp\/v2\/pages\/501"}],"collection":[{"href":"https:\/\/www.parishotelminerve.com\/zh-hans\/wp-json\/wp\/v2\/pages"}],"about":[{"href":"https:\/\/www.parishotelminerve.com\/zh-hans\/wp-json\/wp\/v2\/types\/page"}],"author":[{"embeddable":true,"href":"https:\/\/www.parishotelminerve.com\/zh-hans\/wp-json\/wp\/v2\/users\/1"}],"replies":[{"embeddable":true,"href":"https:\/\/www.parishotelminerve.com\/zh-hans\/wp-json\/wp\/v2\/comments?post=501"}],"version-history":[{"count":2,"href":"https:\/\/www.parishotelminerve.com\/zh-hans\/wp-json\/wp\/v2\/pages\/501\/revisions"}],"predecessor-version":[{"id":680,"href":"https:\/\/www.parishotelminerve.com\/zh-hans\/wp-json\/wp\/v2\/pages\/501\/revisions\/680"}],"wp:attachment":[{"href":"https:\/\/www.parishotelminerve.com\/zh-hans\/wp-json\/wp\/v2\/media?parent=501"}],"curies":[{"name":"wp","href":"https:\/\/api.w.org\/{rel}","templated":true}]}}