{"id":491,"date":"2018-12-11T06:21:33","date_gmt":"2018-12-11T05:21:33","guid":{"rendered":"https:\/\/www.parishotelminerve.com\/galerie-photos-hotel-minerve-paris\/"},"modified":"2024-01-24T09:58:45","modified_gmt":"2024-01-24T08:58:45","slug":"photo-gallery-hotel-minerve-paris","status":"publish","type":"page","link":"https:\/\/www.parishotelminerve.com\/zh-hans\/photo-gallery-hotel-minerve-paris\/","title":{"rendered":"Galerie"},"content":{"rendered":"<p>[vc_row css_animation=&#8221;&#8221; row_type=&#8221;row&#8221; use_row_as_full_screen_section=&#8221;no&#8221; type=&#8221;full_width&#8221; angled_section=&#8221;no&#8221; text_align=&#8221;left&#8221; background_image_as_pattern=&#8221;without_pattern&#8221; css=&#8221;.vc_custom_1544448491317{margin-bottom: 0px !important;padding-bottom: 0px !important;}&#8221; z_index=&#8221;&#8221;][vc_column][vc_gallery type=&#8221;image_grid&#8221; images=&#8221;951,1422,1401,1359,1415,1352,1380,1429,1905,1912,1919,1926,1933,1940,1947,1954,1961,1968,1975,1982,1996,2003,2010,1892,1885,1878,1871,1863,1856,1849,1842,1835,1828,1821,1814,1807,1800,1793,1786,1779,1772,1765,1758,1751,1744,1737,1730,1723,1716,1702,1695,1688,1681,1674,1667,1660,1653,1646,1639,1632,1625,1618,1611,1604,1597,1590,1583,1576,1569,1562,1555,1548,1541,1534,1520,1513,1506,1499,1492,1485,1478,1471,1464,1457,1443,1436,1387,392&#8243; img_size=&#8221;medium&#8221; onclick=&#8221;img_link_large&#8221; column_number=&#8221;4&#8243; grayscale=&#8221;no&#8221; images_space=&#8221;gallery_with_space&#8221; css=&#8221;.vc_custom_1706086725820{padding-top: 20px !important;padding-right: 20px !important;padding-bottom: 20px !important;padding-left: 20px !important;}&#8221; el_class=&#8221;foobox&#8221;][\/vc_column][\/vc_row]<\/p>\n","protected":false},"excerpt":{"rendered":"<p>[vc_row css_animation=&#8221;&#8221; row_type&#8230;<\/p>\n","protected":false},"author":1,"featured_media":0,"parent":0,"menu_order":0,"comment_status":"closed","ping_status":"closed","template":"full_width.php","meta":{"footnotes":""},"yoast_head":"<!-- This site is optimized with the Yoast SEO plugin v21.8.1 - https:\/\/yoast.com\/wordpress\/plugins\/seo\/ -->\n<title>\u7c73\u5167\u798f\u9152\u5e97\uff0c3\u661f\u7ea7\u6d6a\u6f2b\u4e2a\u6027\u9152\u5e97\uff0c\u6bd7\u90bb\u5df4\u9ece\u5723\u6bcd\u9662 \u548c\u7d22\u90a6\u5927\u5b66\u3002<\/title>\n<meta name=\"description\" content=\"\u4f4d\u4e8e\u5df4\u9ece\u4e94\u533a\u62c9\u4e01\u533a\uff08QUARTIER LATIN\uff09\u7c73\u5167\u798f\u9152\u5e97\uff08Minerve H\u00f4tel\uff09\uff0c3\u661f\u7ea7\u6d6a\u6f2b\u4e2a\u6027\u9152\u5e97\uff0c\u6c14\u6c1b\u6e29\u99a8\uff0c\u6bd7\u90bb\u5df4\u9ece\u5723\u6bcd\u9662\uff08Notre Dame\uff09\u548c\u7d22\u90a6\u5927\u5b66\uff08Sorbonne\uff09\u3002\u8fd9\u95f4\u6d6a\u6f2b\u9152\u5e97\u4ee5\u540d\u8d35\u6750\u6599\u8fdb\u884c\u88c5\u9970\uff0c\u5982\u6302\u6bef\u3001\u77f3\u5899\u3001\u62a4\u5899\u677f\u3001\u5c4b\u6881\uff0c\u4ee5\u53ca\u7531\u4e13\u4e1a\u753b\u5bb6\u7ed8\u5236\u7684\u58c1\u753b\u3002\" \/>\n<meta name=\"robots\" content=\"index, follow, max-snippet:-1, max-image-preview:large, max-video-preview:-1\" \/>\n<link rel=\"canonical\" href=\"https:\/\/www.parishotelminerve.com\/zh-hans\/photo-gallery-hotel-minerve-paris\/\" \/>\n<meta property=\"og:locale\" content=\"zh_CN\" \/>\n<meta property=\"og:type\" content=\"article\" \/>\n<meta property=\"og:title\" content=\"\u7c73\u5167\u798f\u9152\u5e97\uff0c3\u661f\u7ea7\u6d6a\u6f2b\u4e2a\u6027\u9152\u5e97\uff0c\u6bd7\u90bb\u5df4\u9ece\u5723\u6bcd\u9662 \u548c\u7d22\u90a6\u5927\u5b66\u3002\" \/>\n<meta property=\"og:description\" content=\"\u4f4d\u4e8e\u5df4\u9ece\u4e94\u533a\u62c9\u4e01\u533a\uff08QUARTIER LATIN\uff09\u7c73\u5167\u798f\u9152\u5e97\uff08Minerve H\u00f4tel\uff09\uff0c3\u661f\u7ea7\u6d6a\u6f2b\u4e2a\u6027\u9152\u5e97\uff0c\u6c14\u6c1b\u6e29\u99a8\uff0c\u6bd7\u90bb\u5df4\u9ece\u5723\u6bcd\u9662\uff08Notre Dame\uff09\u548c\u7d22\u90a6\u5927\u5b66\uff08Sorbonne\uff09\u3002\u8fd9\u95f4\u6d6a\u6f2b\u9152\u5e97\u4ee5\u540d\u8d35\u6750\u6599\u8fdb\u884c\u88c5\u9970\uff0c\u5982\u6302\u6bef\u3001\u77f3\u5899\u3001\u62a4\u5899\u677f\u3001\u5c4b\u6881\uff0c\u4ee5\u53ca\u7531\u4e13\u4e1a\u753b\u5bb6\u7ed8\u5236\u7684\u58c1\u753b\u3002\" \/>\n<meta property=\"og:url\" content=\"https:\/\/www.parishotelminerve.com\/zh-hans\/photo-gallery-hotel-minerve-paris\/\" \/>\n<meta property=\"og:site_name\" content=\"H\u00f4tel Minerve Paris\" \/>\n<meta property=\"article:modified_time\" content=\"2024-01-24T08:58:45+00:00\" \/>\n<meta name=\"twitter:card\" content=\"summary_large_image\" \/>\n<meta name=\"twitter:label1\" content=\"\u9884\u8ba1\u9605\u8bfb\u65f6\u95f4\" \/>\n\t<meta name=\"twitter:data1\" content=\"1 \u5206\" \/>\n<script type=\"application\/ld+json\" class=\"yoast-schema-graph\">{\"@context\":\"https:\/\/schema.org\",\"@graph\":[{\"@type\":\"WebPage\",\"@id\":\"https:\/\/www.parishotelminerve.com\/zh-hans\/photo-gallery-hotel-minerve-paris\/\",\"url\":\"https:\/\/www.parishotelminerve.com\/zh-hans\/photo-gallery-hotel-minerve-paris\/\",\"name\":\"\u7c73\u5167\u798f\u9152\u5e97\uff0c3\u661f\u7ea7\u6d6a\u6f2b\u4e2a\u6027\u9152\u5e97\uff0c\u6bd7\u90bb\u5df4\u9ece\u5723\u6bcd\u9662 \u548c\u7d22\u90a6\u5927\u5b66\u3002\",\"isPartOf\":{\"@id\":\"https:\/\/www.parishotelminerve.com\/en\/#website\"},\"datePublished\":\"2018-12-11T05:21:33+00:00\",\"dateModified\":\"2024-01-24T08:58:45+00:00\",\"description\":\"\u4f4d\u4e8e\u5df4\u9ece\u4e94\u533a\u62c9\u4e01\u533a\uff08QUARTIER LATIN\uff09\u7c73\u5167\u798f\u9152\u5e97\uff08Minerve H\u00f4tel\uff09\uff0c3\u661f\u7ea7\u6d6a\u6f2b\u4e2a\u6027\u9152\u5e97\uff0c\u6c14\u6c1b\u6e29\u99a8\uff0c\u6bd7\u90bb\u5df4\u9ece\u5723\u6bcd\u9662\uff08Notre Dame\uff09\u548c\u7d22\u90a6\u5927\u5b66\uff08Sorbonne\uff09\u3002\u8fd9\u95f4\u6d6a\u6f2b\u9152\u5e97\u4ee5\u540d\u8d35\u6750\u6599\u8fdb\u884c\u88c5\u9970\uff0c\u5982\u6302\u6bef\u3001\u77f3\u5899\u3001\u62a4\u5899\u677f\u3001\u5c4b\u6881\uff0c\u4ee5\u53ca\u7531\u4e13\u4e1a\u753b\u5bb6\u7ed8\u5236\u7684\u58c1\u753b\u3002\",\"breadcrumb\":{\"@id\":\"https:\/\/www.parishotelminerve.com\/zh-hans\/photo-gallery-hotel-minerve-paris\/#breadcrumb\"},\"inLanguage\":\"zh-Hans\",\"potentialAction\":[{\"@type\":\"ReadAction\",\"target\":[\"https:\/\/www.parishotelminerve.com\/zh-hans\/photo-gallery-hotel-minerve-paris\/\"]}]},{\"@type\":\"BreadcrumbList\",\"@id\":\"https:\/\/www.parishotelminerve.com\/zh-hans\/photo-gallery-hotel-minerve-paris\/#breadcrumb\",\"itemListElement\":[{\"@type\":\"ListItem\",\"position\":1,\"name\":\"Accueil\",\"item\":\"https:\/\/www.parishotelminerve.com\/zh-hans\/\"},{\"@type\":\"ListItem\",\"position\":2,\"name\":\"Galerie\"}]},{\"@type\":\"WebSite\",\"@id\":\"https:\/\/www.parishotelminerve.com\/en\/#website\",\"url\":\"https:\/\/www.parishotelminerve.com\/en\/\",\"name\":\"H\u00f4tel Minerve Paris\",\"description\":\"H\u00f4tel 3 \u00e9toiles de charme au coeur du quartier latin\",\"potentialAction\":[{\"@type\":\"SearchAction\",\"target\":{\"@type\":\"EntryPoint\",\"urlTemplate\":\"https:\/\/www.parishotelminerve.com\/en\/?s={search_term_string}\"},\"query-input\":\"required name=search_term_string\"}],\"inLanguage\":\"zh-Hans\"}]}<\/script>\n<!-- \/ Yoast SEO plugin. -->","yoast_head_json":{"title":"\u7c73\u5167\u798f\u9152\u5e97\uff0c3\u661f\u7ea7\u6d6a\u6f2b\u4e2a\u6027\u9152\u5e97\uff0c\u6bd7\u90bb\u5df4\u9ece\u5723\u6bcd\u9662 \u548c\u7d22\u90a6\u5927\u5b66\u3002","description":"\u4f4d\u4e8e\u5df4\u9ece\u4e94\u533a\u62c9\u4e01\u533a\uff08QUARTIER LATIN\uff09\u7c73\u5167\u798f\u9152\u5e97\uff08Minerve H\u00f4tel\uff09\uff0c3\u661f\u7ea7\u6d6a\u6f2b\u4e2a\u6027\u9152\u5e97\uff0c\u6c14\u6c1b\u6e29\u99a8\uff0c\u6bd7\u90bb\u5df4\u9ece\u5723\u6bcd\u9662\uff08Notre Dame\uff09\u548c\u7d22\u90a6\u5927\u5b66\uff08Sorbonne\uff09\u3002\u8fd9\u95f4\u6d6a\u6f2b\u9152\u5e97\u4ee5\u540d\u8d35\u6750\u6599\u8fdb\u884c\u88c5\u9970\uff0c\u5982\u6302\u6bef\u3001\u77f3\u5899\u3001\u62a4\u5899\u677f\u3001\u5c4b\u6881\uff0c\u4ee5\u53ca\u7531\u4e13\u4e1a\u753b\u5bb6\u7ed8\u5236\u7684\u58c1\u753b\u3002","robots":{"index":"index","follow":"follow","max-snippet":"max-snippet:-1","max-image-preview":"max-image-preview:large","max-video-preview":"max-video-preview:-1"},"canonical":"https:\/\/www.parishotelminerve.com\/zh-hans\/photo-gallery-hotel-minerve-paris\/","og_locale":"zh_CN","og_type":"article","og_title":"\u7c73\u5167\u798f\u9152\u5e97\uff0c3\u661f\u7ea7\u6d6a\u6f2b\u4e2a\u6027\u9152\u5e97\uff0c\u6bd7\u90bb\u5df4\u9ece\u5723\u6bcd\u9662 \u548c\u7d22\u90a6\u5927\u5b66\u3002","og_description":"\u4f4d\u4e8e\u5df4\u9ece\u4e94\u533a\u62c9\u4e01\u533a\uff08QUARTIER LATIN\uff09\u7c73\u5167\u798f\u9152\u5e97\uff08Minerve H\u00f4tel\uff09\uff0c3\u661f\u7ea7\u6d6a\u6f2b\u4e2a\u6027\u9152\u5e97\uff0c\u6c14\u6c1b\u6e29\u99a8\uff0c\u6bd7\u90bb\u5df4\u9ece\u5723\u6bcd\u9662\uff08Notre Dame\uff09\u548c\u7d22\u90a6\u5927\u5b66\uff08Sorbonne\uff09\u3002\u8fd9\u95f4\u6d6a\u6f2b\u9152\u5e97\u4ee5\u540d\u8d35\u6750\u6599\u8fdb\u884c\u88c5\u9970\uff0c\u5982\u6302\u6bef\u3001\u77f3\u5899\u3001\u62a4\u5899\u677f\u3001\u5c4b\u6881\uff0c\u4ee5\u53ca\u7531\u4e13\u4e1a\u753b\u5bb6\u7ed8\u5236\u7684\u58c1\u753b\u3002","og_url":"https:\/\/www.parishotelminerve.com\/zh-hans\/photo-gallery-hotel-minerve-paris\/","og_site_name":"H\u00f4tel Minerve Paris","article_modified_time":"2024-01-24T08:58:45+00:00","twitter_card":"summary_large_image","twitter_misc":{"\u9884\u8ba1\u9605\u8bfb\u65f6\u95f4":"1 \u5206"},"schema":{"@context":"https:\/\/schema.org","@graph":[{"@type":"WebPage","@id":"https:\/\/www.parishotelminerve.com\/zh-hans\/photo-gallery-hotel-minerve-paris\/","url":"https:\/\/www.parishotelminerve.com\/zh-hans\/photo-gallery-hotel-minerve-paris\/","name":"\u7c73\u5167\u798f\u9152\u5e97\uff0c3\u661f\u7ea7\u6d6a\u6f2b\u4e2a\u6027\u9152\u5e97\uff0c\u6bd7\u90bb\u5df4\u9ece\u5723\u6bcd\u9662 \u548c\u7d22\u90a6\u5927\u5b66\u3002","isPartOf":{"@id":"https:\/\/www.parishotelminerve.com\/en\/#website"},"datePublished":"2018-12-11T05:21:33+00:00","dateModified":"2024-01-24T08:58:45+00:00","description":"\u4f4d\u4e8e\u5df4\u9ece\u4e94\u533a\u62c9\u4e01\u533a\uff08QUARTIER LATIN\uff09\u7c73\u5167\u798f\u9152\u5e97\uff08Minerve H\u00f4tel\uff09\uff0c3\u661f\u7ea7\u6d6a\u6f2b\u4e2a\u6027\u9152\u5e97\uff0c\u6c14\u6c1b\u6e29\u99a8\uff0c\u6bd7\u90bb\u5df4\u9ece\u5723\u6bcd\u9662\uff08Notre Dame\uff09\u548c\u7d22\u90a6\u5927\u5b66\uff08Sorbonne\uff09\u3002\u8fd9\u95f4\u6d6a\u6f2b\u9152\u5e97\u4ee5\u540d\u8d35\u6750\u6599\u8fdb\u884c\u88c5\u9970\uff0c\u5982\u6302\u6bef\u3001\u77f3\u5899\u3001\u62a4\u5899\u677f\u3001\u5c4b\u6881\uff0c\u4ee5\u53ca\u7531\u4e13\u4e1a\u753b\u5bb6\u7ed8\u5236\u7684\u58c1\u753b\u3002","breadcrumb":{"@id":"https:\/\/www.parishotelminerve.com\/zh-hans\/photo-gallery-hotel-minerve-paris\/#breadcrumb"},"inLanguage":"zh-Hans","potentialAction":[{"@type":"ReadAction","target":["https:\/\/www.parishotelminerve.com\/zh-hans\/photo-gallery-hotel-minerve-paris\/"]}]},{"@type":"BreadcrumbList","@id":"https:\/\/www.parishotelminerve.com\/zh-hans\/photo-gallery-hotel-minerve-paris\/#breadcrumb","itemListElement":[{"@type":"ListItem","position":1,"name":"Accueil","item":"https:\/\/www.parishotelminerve.com\/zh-hans\/"},{"@type":"ListItem","position":2,"name":"Galerie"}]},{"@type":"WebSite","@id":"https:\/\/www.parishotelminerve.com\/en\/#website","url":"https:\/\/www.parishotelminerve.com\/en\/","name":"H\u00f4tel Minerve Paris","description":"H\u00f4tel 3 \u00e9toiles de charme au coeur du quartier latin","potentialAction":[{"@type":"SearchAction","target":{"@type":"EntryPoint","urlTemplate":"https:\/\/www.parishotelminerve.com\/en\/?s={search_term_string}"},"query-input":"required name=search_term_string"}],"inLanguage":"zh-Hans"}]}},"_links":{"self":[{"href":"https:\/\/www.parishotelminerve.com\/zh-hans\/wp-json\/wp\/v2\/pages\/491"}],"collection":[{"href":"https:\/\/www.parishotelminerve.com\/zh-hans\/wp-json\/wp\/v2\/pages"}],"about":[{"href":"https:\/\/www.parishotelminerve.com\/zh-hans\/wp-json\/wp\/v2\/types\/page"}],"author":[{"embeddable":true,"href":"https:\/\/www.parishotelminerve.com\/zh-hans\/wp-json\/wp\/v2\/users\/1"}],"replies":[{"embeddable":true,"href":"https:\/\/www.parishotelminerve.com\/zh-hans\/wp-json\/wp\/v2\/comments?post=491"}],"version-history":[{"count":6,"href":"https:\/\/www.parishotelminerve.com\/zh-hans\/wp-json\/wp\/v2\/pages\/491\/revisions"}],"predecessor-version":[{"id":2071,"href":"https:\/\/www.parishotelminerve.com\/zh-hans\/wp-json\/wp\/v2\/pages\/491\/revisions\/2071"}],"wp:attachment":[{"href":"https:\/\/www.parishotelminerve.com\/zh-hans\/wp-json\/wp\/v2\/media?parent=491"}],"curies":[{"name":"wp","href":"https:\/\/api.w.org\/{rel}","templated":true}]}}