{"id":486,"date":"2018-12-10T18:39:26","date_gmt":"2018-12-10T17:39:26","guid":{"rendered":"https:\/\/www.parishotelminerve.com\/chambres-hotel-minerve-paris\/"},"modified":"2025-11-04T15:55:45","modified_gmt":"2025-11-04T14:55:45","slug":"rooms-hotel-minerve-paris","status":"publish","type":"page","link":"https:\/\/www.parishotelminerve.com\/zh-hans\/rooms-hotel-minerve-paris\/","title":{"rendered":"Chambres"},"content":{"rendered":"<p>[vc_row css_animation=&#8221;&#8221; row_type=&#8221;row&#8221; use_row_as_full_screen_section=&#8221;no&#8221; type=&#8221;full_width&#8221; angled_section=&#8221;no&#8221; text_align=&#8221;left&#8221; background_image_as_pattern=&#8221;without_pattern&#8221; css=&#8221;.vc_custom_1544448491317{margin-bottom: 0px !important;padding-bottom: 0px !important;}&#8221; z_index=&#8221;&#8221;][vc_column][rev_slider_vc alias=&#8221;chambre-zh&#8221;][\/vc_column][\/vc_row][vc_row css_animation=&#8221;&#8221; row_type=&#8221;row&#8221; use_row_as_full_screen_section=&#8221;no&#8221; type=&#8221;grid&#8221; angled_section=&#8221;no&#8221; text_align=&#8221;center&#8221; background_image_as_pattern=&#8221;without_pattern&#8221; padding_top=&#8221;50&#8243; z_index=&#8221;&#8221;][vc_column][vc_column_text]<\/p>\n<h1>\u5df4\u9ece\u7c73\u5167\u798f\u9152\u5e97\u5ba2\u623f<\/h1>\n<p>[\/vc_column_text][vc_empty_space height=&#8221;12px&#8221;][vc_separator type=&#8221;small&#8221; position=&#8221;center&#8221; color=&#8221;#95775d&#8221; thickness=&#8221;3&#8243; width=&#8221;150&#8243;][vc_empty_space height=&#8221;10px&#8221;][\/vc_column][\/vc_row][vc_row css_animation=&#8221;&#8221; row_type=&#8221;row&#8221; use_row_as_full_screen_section=&#8221;no&#8221; type=&#8221;grid&#8221; angled_section=&#8221;no&#8221; text_align=&#8221;center&#8221; background_image_as_pattern=&#8221;without_pattern&#8221; padding_top=&#8221;50&#8243; z_index=&#8221;&#8221; css=&#8221;.vc_custom_1544454746609{margin-top: 0px !important;padding-top: 0px !important;}&#8221;][vc_column width=&#8221;2\/3&#8243; offset=&#8221;vc_col-lg-offset-2 vc_col-md-offset-2 vc_col-xs-12&#8243;][vc_column_text]<\/p>\n<div style=\"text-align: justify;\">\n<p>\u9152\u5e97\u6bcf\u95f4\u5ba2\u623f\u5747\u62e5\u6709\u4e2a\u6027\u5316\u7684\u88c5\u9970\uff0c\u5176\u4e2d\u67d0\u4e9b\u5ba2\u623f\u975e\u5e38\u5bbd\u655e\uff0c\u5168\u90e8\u5ba2\u623f\u5747\u5b89\u88c5\u6dcb\u6d74\u6216\u6d74\u7f38\u3001\u5395\u6240\u3001\u5439\u98ce\u673a\u3001\u536b\u661f\u7535\u89c6\u548c\u7535\u8bdd\u673a\u3002<\/p>\n<p>\u6574\u5ea7\u9152\u5e97\u53ca\u6bcf\u95f4\u5ba2\u623f\u5185\u5747\u53ef\u514d\u8d39\u65e0\u7ebf\u4e0a\u7f51\uff0c\u5ba2\u623f\u5185\u5b89\u88c5\u4e2a\u4f53\u7a7a\u8c03\u3002<\/p>\n<p>\u4ece\u67d0\u4e9b\u82b1\u56ed\u623f\u5411\u5916\u770b\uff0c\u53ef\u770b\u5230\u4e00\u5e45\u7531\u4e13\u4e1a\u753b\u5bb6\u7ed8\u5236\u7684\u56ed\u6797\u98ce\u666f\u5de8\u578b\u58c1\u753b\u3002<\/p>\n<p>\u9152\u5e97\u8fd8\u8bbe\u6709\u4e00\u95f4\u6b8b\u969c\u4eba\u58eb\u4e13\u7528\u5ba2\u623f\u3002<\/p>\n<p>\u57ce\u5e02\u7a0e\uff1a5.53\u6b27\u5143\/\u4eba\/\u5929<\/p>\n<\/div>\n<p>[\/vc_column_text][\/vc_column][\/vc_row][vc_row css_animation=&#8221;&#8221; row_type=&#8221;row&#8221; use_row_as_full_screen_section=&#8221;yes&#8221; type=&#8221;full_width&#8221; angled_section=&#8221;no&#8221; text_align=&#8221;left&#8221; background_image_as_pattern=&#8221;without_pattern&#8221; padding_top=&#8221;50&#8243; z_index=&#8221;&#8221; css=&#8221;.vc_custom_1544451374989{margin-bottom: 30px !important;}&#8221;][vc_column width=&#8221;1\/2&#8243; css=&#8221;.vc_custom_1544500937758{padding-right: 20px !important;padding-left: 20px !important;}&#8221; offset=&#8221;vc_col-lg-3 vc_col-md-3 vc_col-xs-12&#8243;][vc_gallery interval=&#8221;5&#8243; images=&#8221;1591,1598,1605,1584&#8243; img_size=&#8221;full&#8221; onclick=&#8221;img_link_large&#8221; direction_nav=&#8221;no&#8221; control_nav=&#8221;no&#8221; css=&#8221;.vc_custom_1706086637869{margin-bottom: 0px !important;padding-bottom: 0px !important;}&#8221; el_class=&#8221;foobox&#8221;][vc_column_text css=&#8221;.vc_custom_1552923106263{margin-top: 10px !important;padding-top: 0px !important;}&#8221;]<\/p>\n<p style=\"text-align: center;\">\u5355\u4eba\u623f<\/p>\n<p style=\"text-align: center;\">9\u5e73\u65b9\u7c73 \u2013 1\u5f20120 x 190\u5355\u4eba\u5e8a \u2013 \u5355\u4eba<\/p>\n<p>&nbsp;<\/p>\n<p style=\"text-align: center;\"><a  itemprop=\"url\" href=\"https:\/\/www.secure-hotel-booking.com\/Hotel-Minerve\/2QAV\/zh?hotelId=21912\" target=\"_blank\"  class=\"qbutton  default\" style=\"border-radius: 0px;-moz-border-radius: 0px;-webkit-border-radius: 0px; \">\u9884\u8ba2<i class=\"qode_icon_font_awesome fa fa-calendar qode_button_icon_element\" style=\"\" ><\/i><\/a><\/p>\n<p>[\/vc_column_text][\/vc_column][vc_column width=&#8221;1\/2&#8243; css=&#8221;.vc_custom_1544500926217{padding-right: 20px !important;padding-left: 20px !important;}&#8221; offset=&#8221;vc_col-lg-3 vc_col-md-3 vc_col-xs-12&#8243;][vc_gallery interval=&#8221;3&#8243; images=&#8221;1619,1612,1626,1633,1640,1647,1654,1661,1668,1675&#8243; img_size=&#8221;full&#8221; onclick=&#8221;img_link_large&#8221; direction_nav=&#8221;no&#8221; el_class=&#8221;foobox&#8221;][vc_column_text css=&#8221;.vc_custom_1552923131638{margin-top: 10px !important;padding-top: 0px !important;}&#8221;]<\/p>\n<p style=\"text-align: center;\">\u9ad8\u7ea7\u5355\u4eba\u623f<\/p>\n<p style=\"text-align: center;\">12\u5e73\u65b9\u7c73 \u2013 1\u5f20120 x 200\u5355\u4eba\u5e8a \u2013 \u5355\u4eba<\/p>\n<p>&nbsp;<\/p>\n<p style=\"text-align: center;\"><a  itemprop=\"url\" href=\"https:\/\/www.secure-hotel-booking.com\/Hotel-Minerve\/2QAV\/zh?hotelId=21912\" target=\"_blank\"  class=\"qbutton  default\" style=\"border-radius: 0px;-moz-border-radius: 0px;-webkit-border-radius: 0px; \">\u9884\u8ba2<i class=\"qode_icon_font_awesome fa fa-calendar qode_button_icon_element\" style=\"\" ><\/i><\/a><\/p>\n<p>[\/vc_column_text][\/vc_column][vc_column width=&#8221;1\/2&#8243; css=&#8221;.vc_custom_1544500914432{padding-right: 20px !important;padding-left: 20px !important;}&#8221; offset=&#8221;vc_col-lg-3 vc_col-md-3 vc_col-xs-12&#8243;][vc_gallery interval=&#8221;3&#8243; images=&#8221;1872,1879,1886,1893&#8243; img_size=&#8221;full&#8221; onclick=&#8221;img_link_large&#8221; direction_nav=&#8221;no&#8221; el_class=&#8221;foobox&#8221;][vc_column_text css=&#8221;.vc_custom_1552923153327{margin-top: 10px !important;padding-top: 0px !important;}&#8221;]<\/p>\n<p style=\"text-align: center;\">\u53cc\u5e8a\u623f<\/p>\n<p style=\"text-align: center;\">12\u5e73\u65b9\u7c73 \u2013 2\u5f2080 x 200\u5355\u4eba\u5e8a \u2013 \u4e24\u4eba<\/p>\n<p>&nbsp;<\/p>\n<p style=\"text-align: center;\"><a  itemprop=\"url\" href=\"https:\/\/www.secure-hotel-booking.com\/Hotel-Minerve\/2QAV\/zh?hotelId=21912\" target=\"_blank\"  class=\"qbutton  default\" style=\"border-radius: 0px;-moz-border-radius: 0px;-webkit-border-radius: 0px; \">\u9884\u8ba2<i class=\"qode_icon_font_awesome fa fa-calendar qode_button_icon_element\" style=\"\" ><\/i><\/a><\/p>\n<p>[\/vc_column_text][\/vc_column][vc_column width=&#8221;1\/2&#8243; offset=&#8221;vc_col-lg-3 vc_col-md-3 vc_col-xs-12&#8243; css=&#8221;.vc_custom_1544501294041{padding-right: 20px !important;padding-left: 20px !important;}&#8221;][vc_gallery interval=&#8221;3&#8243; images=&#8221;1850,1857,1864,1787,1794,1780,1801,1808,1815,1822,1829,1836,1843&#8243; img_size=&#8221;full&#8221; onclick=&#8221;img_link_large&#8221; direction_nav=&#8221;no&#8221; el_class=&#8221;foobox&#8221;][vc_column_text css=&#8221;.vc_custom_1552923180679{margin-top: 10px !important;padding-top: 0px !important;}&#8221;]<\/p>\n<p style=\"text-align: center;\">\u9ad8\u7ea7\u53cc\u5e8a\u623f<\/p>\n<p style=\"text-align: center;\">14\u5e73\u65b9\u7c73 \u2013 2\u5f2090 x 200\u5355\u4eba\u5e8a \u2013 \u4e24\u4eba<\/p>\n<p>&nbsp;<\/p>\n<p style=\"text-align: center;\"><a  itemprop=\"url\" href=\"https:\/\/www.secure-hotel-booking.com\/Hotel-Minerve\/2QAV\/zh?hotelId=21912\" target=\"_blank\"  class=\"qbutton  default\" style=\"border-radius: 0px;-moz-border-radius: 0px;-webkit-border-radius: 0px; \">\u9884\u8ba2<i class=\"qode_icon_font_awesome fa fa-calendar qode_button_icon_element\" style=\"\" ><\/i><\/a><\/p>\n<p>[\/vc_column_text][\/vc_column][\/vc_row][vc_row css_animation=&#8221;&#8221; row_type=&#8221;row&#8221; use_row_as_full_screen_section=&#8221;yes&#8221; type=&#8221;full_width&#8221; angled_section=&#8221;no&#8221; text_align=&#8221;left&#8221; background_image_as_pattern=&#8221;without_pattern&#8221; padding_top=&#8221;50&#8243; z_index=&#8221;&#8221; css=&#8221;.vc_custom_1544502954643{margin-bottom: 70px !important;}&#8221;][vc_column width=&#8221;1\/2&#8243; css=&#8221;.vc_custom_1544500937758{padding-right: 20px !important;padding-left: 20px !important;}&#8221; offset=&#8221;vc_col-lg-3 vc_col-md-3 vc_col-xs-12&#8243;][vc_gallery interval=&#8221;5&#8243; images=&#8221;1682,1689,1696,1703,1717,1724,1731,1738,1745,1752,1759,1766,1773&#8243; img_size=&#8221;full&#8221; onclick=&#8221;img_link_large&#8221; direction_nav=&#8221;no&#8221; control_nav=&#8221;no&#8221; css=&#8221;.vc_custom_1706086673255{margin-bottom: 0px !important;padding-bottom: 0px !important;}&#8221; el_class=&#8221;foobox&#8221;][vc_column_text css=&#8221;.vc_custom_1552923206306{margin-top: 10px !important;padding-top: 0px !important;}&#8221;]<\/p>\n<p style=\"text-align: center;\">\u9ad8\u7ea7\u53cc\u4eba\u623f<\/p>\n<p style=\"text-align: center;\">14\u5e73\u65b9\u7c73 \u2013 1\u5f20150 x 190\u53cc\u4eba\u5e8a \u2013 \u4e24\u4eba<\/p>\n<p>&nbsp;<\/p>\n<p style=\"text-align: center;\"><a  itemprop=\"url\" href=\"https:\/\/www.secure-hotel-booking.com\/Hotel-Minerve\/2QAV\/zh?hotelId=21912\" target=\"_blank\"  class=\"qbutton  default\" style=\"border-radius: 0px;-moz-border-radius: 0px;-webkit-border-radius: 0px; \">\u9884\u8ba2<i class=\"qode_icon_font_awesome fa fa-calendar qode_button_icon_element\" style=\"\" ><\/i><\/a><\/p>\n<p>[\/vc_column_text][\/vc_column][vc_column width=&#8221;1\/2&#8243; css=&#8221;.vc_custom_1544500926217{padding-right: 20px !important;padding-left: 20px !important;}&#8221; offset=&#8221;vc_col-lg-3 vc_col-md-3 vc_col-xs-12&#8243;][vc_gallery interval=&#8221;3&#8243; images=&#8221;1535,1542,1549,1556,1563,1570,1577&#8243; img_size=&#8221;full&#8221; onclick=&#8221;img_link_large&#8221; direction_nav=&#8221;no&#8221; el_class=&#8221;foobox&#8221;][vc_column_text css=&#8221;.vc_custom_1552923230742{margin-top: 10px !important;padding-top: 0px !important;}&#8221;]<\/p>\n<p style=\"text-align: center;\">\u666e\u901a\u5957\u623f<\/p>\n<p style=\"text-align: center;\">15\u5e73\u65b9\u7c73 \u2013 1\u5f20150 x 200\u53cc\u4eba\u5e8a \u2013 \u4e24\u4eba<\/p>\n<p>&nbsp;<\/p>\n<p style=\"text-align: center;\"><a  itemprop=\"url\" href=\"https:\/\/www.secure-hotel-booking.com\/Hotel-Minerve\/2QAV\/zh?hotelId=21912\" target=\"_blank\"  class=\"qbutton  default\" style=\"border-radius: 0px;-moz-border-radius: 0px;-webkit-border-radius: 0px; \">\u9884\u8ba2<i class=\"qode_icon_font_awesome fa fa-calendar qode_button_icon_element\" style=\"\" ><\/i><\/a><\/p>\n<p>[\/vc_column_text][\/vc_column][vc_column width=&#8221;1\/2&#8243; css=&#8221;.vc_custom_1544500914432{padding-right: 20px !important;padding-left: 20px !important;}&#8221; offset=&#8221;vc_col-lg-3 vc_col-md-3 vc_col-xs-12&#8243;][vc_gallery interval=&#8221;3&#8243; images=&#8221;1465,1458,1444,1437,1472,1479,1486,1493,1500,1507,1514,1521&#8243; img_size=&#8221;full&#8221; onclick=&#8221;img_link_large&#8221; direction_nav=&#8221;no&#8221; el_class=&#8221;foobox&#8221;][vc_column_text css=&#8221;.vc_custom_1552923253741{margin-top: 10px !important;padding-top: 0px !important;}&#8221;]<\/p>\n<p style=\"text-align: center;\">\u884c\u653f\u5ba2\u623f<\/p>\n<p style=\"text-align: center;\">15\u5e73\u65b9\u7c73 \u2013 1\u5f20150 x 200\u53cc\u4eba\u5e8a \u2013 \u4e24\u4eba<\/p>\n<p>&nbsp;<\/p>\n<p style=\"text-align: center;\"><a  itemprop=\"url\" href=\"https:\/\/www.secure-hotel-booking.com\/Hotel-Minerve\/2QAV\/zh?hotelId=21912\" target=\"_blank\"  class=\"qbutton  default\" style=\"border-radius: 0px;-moz-border-radius: 0px;-webkit-border-radius: 0px; \">\u9884\u8ba2<i class=\"qode_icon_font_awesome fa fa-calendar qode_button_icon_element\" style=\"\" ><\/i><\/a><\/p>\n<p>[\/vc_column_text][\/vc_column][vc_column width=&#8221;1\/2&#8243; offset=&#8221;vc_col-lg-3 vc_col-md-3 vc_col-xs-12&#8243; css=&#8221;.vc_custom_1544501294041{padding-right: 20px !important;padding-left: 20px !important;}&#8221;][\/vc_column][\/vc_row]<\/p>\n","protected":false},"excerpt":{"rendered":"<p>[vc_row css_animation=&#8221;&#8221; row_type&#8230;<\/p>\n","protected":false},"author":1,"featured_media":0,"parent":0,"menu_order":0,"comment_status":"closed","ping_status":"closed","template":"full_width.php","meta":{"footnotes":""},"yoast_head":"<!-- This site is optimized with the Yoast SEO plugin v21.8.1 - https:\/\/yoast.com\/wordpress\/plugins\/seo\/ -->\n<title>\u7c73\u5167\u798f\u9152\u5e97\uff0c3\u661f\u7ea7\u6d6a\u6f2b\u4e2a\u6027\u9152\u5e97\uff0c\u6bd7\u90bb\u5df4\u9ece\u5723\u6bcd\u9662 \u548c\u7d22\u90a6\u5927\u5b66\u3002<\/title>\n<meta name=\"description\" content=\"\u4f4d\u4e8e\u5df4\u9ece\u4e94\u533a\u62c9\u4e01\u533a\uff08QUARTIER LATIN\uff09\u7c73\u5167\u798f\u9152\u5e97\uff08Minerve H\u00f4tel\uff09\uff0c3\u661f\u7ea7\u6d6a\u6f2b\u4e2a\u6027\u9152\u5e97\uff0c\u6c14\u6c1b\u6e29\u99a8\uff0c\u6bd7\u90bb\u5df4\u9ece\u5723\u6bcd\u9662\uff08Notre Dame\uff09\u548c\u7d22\u90a6\u5927\u5b66\uff08Sorbonne\uff09\u3002\u8fd9\u95f4\u6d6a\u6f2b\u9152\u5e97\u4ee5\u540d\u8d35\u6750\u6599\u8fdb\u884c\u88c5\u9970\uff0c\u5982\u6302\u6bef\u3001\u77f3\u5899\u3001\u62a4\u5899\u677f\u3001\u5c4b\u6881\uff0c\u4ee5\u53ca\u7531\u4e13\u4e1a\u753b\u5bb6\u7ed8\u5236\u7684\u58c1\u753b\u3002\" \/>\n<meta name=\"robots\" content=\"index, follow, max-snippet:-1, max-image-preview:large, max-video-preview:-1\" \/>\n<link rel=\"canonical\" href=\"https:\/\/www.parishotelminerve.com\/zh-hans\/rooms-hotel-minerve-paris\/\" \/>\n<meta property=\"og:locale\" content=\"zh_CN\" \/>\n<meta property=\"og:type\" content=\"article\" \/>\n<meta property=\"og:title\" content=\"\u7c73\u5167\u798f\u9152\u5e97\uff0c3\u661f\u7ea7\u6d6a\u6f2b\u4e2a\u6027\u9152\u5e97\uff0c\u6bd7\u90bb\u5df4\u9ece\u5723\u6bcd\u9662 \u548c\u7d22\u90a6\u5927\u5b66\u3002\" \/>\n<meta property=\"og:description\" content=\"\u4f4d\u4e8e\u5df4\u9ece\u4e94\u533a\u62c9\u4e01\u533a\uff08QUARTIER LATIN\uff09\u7c73\u5167\u798f\u9152\u5e97\uff08Minerve H\u00f4tel\uff09\uff0c3\u661f\u7ea7\u6d6a\u6f2b\u4e2a\u6027\u9152\u5e97\uff0c\u6c14\u6c1b\u6e29\u99a8\uff0c\u6bd7\u90bb\u5df4\u9ece\u5723\u6bcd\u9662\uff08Notre Dame\uff09\u548c\u7d22\u90a6\u5927\u5b66\uff08Sorbonne\uff09\u3002\u8fd9\u95f4\u6d6a\u6f2b\u9152\u5e97\u4ee5\u540d\u8d35\u6750\u6599\u8fdb\u884c\u88c5\u9970\uff0c\u5982\u6302\u6bef\u3001\u77f3\u5899\u3001\u62a4\u5899\u677f\u3001\u5c4b\u6881\uff0c\u4ee5\u53ca\u7531\u4e13\u4e1a\u753b\u5bb6\u7ed8\u5236\u7684\u58c1\u753b\u3002\" \/>\n<meta property=\"og:url\" content=\"https:\/\/www.parishotelminerve.com\/zh-hans\/rooms-hotel-minerve-paris\/\" \/>\n<meta property=\"og:site_name\" content=\"H\u00f4tel Minerve Paris\" \/>\n<meta property=\"article:modified_time\" content=\"2025-11-04T14:55:45+00:00\" \/>\n<meta name=\"twitter:card\" content=\"summary_large_image\" \/>\n<meta name=\"twitter:label1\" content=\"\u9884\u8ba1\u9605\u8bfb\u65f6\u95f4\" \/>\n\t<meta name=\"twitter:data1\" content=\"3 \u5206\" \/>\n<script type=\"application\/ld+json\" class=\"yoast-schema-graph\">{\"@context\":\"https:\/\/schema.org\",\"@graph\":[{\"@type\":\"WebPage\",\"@id\":\"https:\/\/www.parishotelminerve.com\/zh-hans\/rooms-hotel-minerve-paris\/\",\"url\":\"https:\/\/www.parishotelminerve.com\/zh-hans\/rooms-hotel-minerve-paris\/\",\"name\":\"\u7c73\u5167\u798f\u9152\u5e97\uff0c3\u661f\u7ea7\u6d6a\u6f2b\u4e2a\u6027\u9152\u5e97\uff0c\u6bd7\u90bb\u5df4\u9ece\u5723\u6bcd\u9662 \u548c\u7d22\u90a6\u5927\u5b66\u3002\",\"isPartOf\":{\"@id\":\"https:\/\/www.parishotelminerve.com\/en\/#website\"},\"datePublished\":\"2018-12-10T17:39:26+00:00\",\"dateModified\":\"2025-11-04T14:55:45+00:00\",\"description\":\"\u4f4d\u4e8e\u5df4\u9ece\u4e94\u533a\u62c9\u4e01\u533a\uff08QUARTIER LATIN\uff09\u7c73\u5167\u798f\u9152\u5e97\uff08Minerve H\u00f4tel\uff09\uff0c3\u661f\u7ea7\u6d6a\u6f2b\u4e2a\u6027\u9152\u5e97\uff0c\u6c14\u6c1b\u6e29\u99a8\uff0c\u6bd7\u90bb\u5df4\u9ece\u5723\u6bcd\u9662\uff08Notre Dame\uff09\u548c\u7d22\u90a6\u5927\u5b66\uff08Sorbonne\uff09\u3002\u8fd9\u95f4\u6d6a\u6f2b\u9152\u5e97\u4ee5\u540d\u8d35\u6750\u6599\u8fdb\u884c\u88c5\u9970\uff0c\u5982\u6302\u6bef\u3001\u77f3\u5899\u3001\u62a4\u5899\u677f\u3001\u5c4b\u6881\uff0c\u4ee5\u53ca\u7531\u4e13\u4e1a\u753b\u5bb6\u7ed8\u5236\u7684\u58c1\u753b\u3002\",\"breadcrumb\":{\"@id\":\"https:\/\/www.parishotelminerve.com\/zh-hans\/rooms-hotel-minerve-paris\/#breadcrumb\"},\"inLanguage\":\"zh-Hans\",\"potentialAction\":[{\"@type\":\"ReadAction\",\"target\":[\"https:\/\/www.parishotelminerve.com\/zh-hans\/rooms-hotel-minerve-paris\/\"]}]},{\"@type\":\"BreadcrumbList\",\"@id\":\"https:\/\/www.parishotelminerve.com\/zh-hans\/rooms-hotel-minerve-paris\/#breadcrumb\",\"itemListElement\":[{\"@type\":\"ListItem\",\"position\":1,\"name\":\"Accueil\",\"item\":\"https:\/\/www.parishotelminerve.com\/zh-hans\/\"},{\"@type\":\"ListItem\",\"position\":2,\"name\":\"Chambres\"}]},{\"@type\":\"WebSite\",\"@id\":\"https:\/\/www.parishotelminerve.com\/en\/#website\",\"url\":\"https:\/\/www.parishotelminerve.com\/en\/\",\"name\":\"H\u00f4tel Minerve Paris\",\"description\":\"H\u00f4tel 3 \u00e9toiles de charme au coeur du quartier latin\",\"potentialAction\":[{\"@type\":\"SearchAction\",\"target\":{\"@type\":\"EntryPoint\",\"urlTemplate\":\"https:\/\/www.parishotelminerve.com\/en\/?s={search_term_string}\"},\"query-input\":\"required name=search_term_string\"}],\"inLanguage\":\"zh-Hans\"}]}<\/script>\n<!-- \/ Yoast SEO plugin. -->","yoast_head_json":{"title":"\u7c73\u5167\u798f\u9152\u5e97\uff0c3\u661f\u7ea7\u6d6a\u6f2b\u4e2a\u6027\u9152\u5e97\uff0c\u6bd7\u90bb\u5df4\u9ece\u5723\u6bcd\u9662 \u548c\u7d22\u90a6\u5927\u5b66\u3002","description":"\u4f4d\u4e8e\u5df4\u9ece\u4e94\u533a\u62c9\u4e01\u533a\uff08QUARTIER LATIN\uff09\u7c73\u5167\u798f\u9152\u5e97\uff08Minerve H\u00f4tel\uff09\uff0c3\u661f\u7ea7\u6d6a\u6f2b\u4e2a\u6027\u9152\u5e97\uff0c\u6c14\u6c1b\u6e29\u99a8\uff0c\u6bd7\u90bb\u5df4\u9ece\u5723\u6bcd\u9662\uff08Notre Dame\uff09\u548c\u7d22\u90a6\u5927\u5b66\uff08Sorbonne\uff09\u3002\u8fd9\u95f4\u6d6a\u6f2b\u9152\u5e97\u4ee5\u540d\u8d35\u6750\u6599\u8fdb\u884c\u88c5\u9970\uff0c\u5982\u6302\u6bef\u3001\u77f3\u5899\u3001\u62a4\u5899\u677f\u3001\u5c4b\u6881\uff0c\u4ee5\u53ca\u7531\u4e13\u4e1a\u753b\u5bb6\u7ed8\u5236\u7684\u58c1\u753b\u3002","robots":{"index":"index","follow":"follow","max-snippet":"max-snippet:-1","max-image-preview":"max-image-preview:large","max-video-preview":"max-video-preview:-1"},"canonical":"https:\/\/www.parishotelminerve.com\/zh-hans\/rooms-hotel-minerve-paris\/","og_locale":"zh_CN","og_type":"article","og_title":"\u7c73\u5167\u798f\u9152\u5e97\uff0c3\u661f\u7ea7\u6d6a\u6f2b\u4e2a\u6027\u9152\u5e97\uff0c\u6bd7\u90bb\u5df4\u9ece\u5723\u6bcd\u9662 \u548c\u7d22\u90a6\u5927\u5b66\u3002","og_description":"\u4f4d\u4e8e\u5df4\u9ece\u4e94\u533a\u62c9\u4e01\u533a\uff08QUARTIER LATIN\uff09\u7c73\u5167\u798f\u9152\u5e97\uff08Minerve H\u00f4tel\uff09\uff0c3\u661f\u7ea7\u6d6a\u6f2b\u4e2a\u6027\u9152\u5e97\uff0c\u6c14\u6c1b\u6e29\u99a8\uff0c\u6bd7\u90bb\u5df4\u9ece\u5723\u6bcd\u9662\uff08Notre Dame\uff09\u548c\u7d22\u90a6\u5927\u5b66\uff08Sorbonne\uff09\u3002\u8fd9\u95f4\u6d6a\u6f2b\u9152\u5e97\u4ee5\u540d\u8d35\u6750\u6599\u8fdb\u884c\u88c5\u9970\uff0c\u5982\u6302\u6bef\u3001\u77f3\u5899\u3001\u62a4\u5899\u677f\u3001\u5c4b\u6881\uff0c\u4ee5\u53ca\u7531\u4e13\u4e1a\u753b\u5bb6\u7ed8\u5236\u7684\u58c1\u753b\u3002","og_url":"https:\/\/www.parishotelminerve.com\/zh-hans\/rooms-hotel-minerve-paris\/","og_site_name":"H\u00f4tel Minerve Paris","article_modified_time":"2025-11-04T14:55:45+00:00","twitter_card":"summary_large_image","twitter_misc":{"\u9884\u8ba1\u9605\u8bfb\u65f6\u95f4":"3 \u5206"},"schema":{"@context":"https:\/\/schema.org","@graph":[{"@type":"WebPage","@id":"https:\/\/www.parishotelminerve.com\/zh-hans\/rooms-hotel-minerve-paris\/","url":"https:\/\/www.parishotelminerve.com\/zh-hans\/rooms-hotel-minerve-paris\/","name":"\u7c73\u5167\u798f\u9152\u5e97\uff0c3\u661f\u7ea7\u6d6a\u6f2b\u4e2a\u6027\u9152\u5e97\uff0c\u6bd7\u90bb\u5df4\u9ece\u5723\u6bcd\u9662 \u548c\u7d22\u90a6\u5927\u5b66\u3002","isPartOf":{"@id":"https:\/\/www.parishotelminerve.com\/en\/#website"},"datePublished":"2018-12-10T17:39:26+00:00","dateModified":"2025-11-04T14:55:45+00:00","description":"\u4f4d\u4e8e\u5df4\u9ece\u4e94\u533a\u62c9\u4e01\u533a\uff08QUARTIER LATIN\uff09\u7c73\u5167\u798f\u9152\u5e97\uff08Minerve H\u00f4tel\uff09\uff0c3\u661f\u7ea7\u6d6a\u6f2b\u4e2a\u6027\u9152\u5e97\uff0c\u6c14\u6c1b\u6e29\u99a8\uff0c\u6bd7\u90bb\u5df4\u9ece\u5723\u6bcd\u9662\uff08Notre Dame\uff09\u548c\u7d22\u90a6\u5927\u5b66\uff08Sorbonne\uff09\u3002\u8fd9\u95f4\u6d6a\u6f2b\u9152\u5e97\u4ee5\u540d\u8d35\u6750\u6599\u8fdb\u884c\u88c5\u9970\uff0c\u5982\u6302\u6bef\u3001\u77f3\u5899\u3001\u62a4\u5899\u677f\u3001\u5c4b\u6881\uff0c\u4ee5\u53ca\u7531\u4e13\u4e1a\u753b\u5bb6\u7ed8\u5236\u7684\u58c1\u753b\u3002","breadcrumb":{"@id":"https:\/\/www.parishotelminerve.com\/zh-hans\/rooms-hotel-minerve-paris\/#breadcrumb"},"inLanguage":"zh-Hans","potentialAction":[{"@type":"ReadAction","target":["https:\/\/www.parishotelminerve.com\/zh-hans\/rooms-hotel-minerve-paris\/"]}]},{"@type":"BreadcrumbList","@id":"https:\/\/www.parishotelminerve.com\/zh-hans\/rooms-hotel-minerve-paris\/#breadcrumb","itemListElement":[{"@type":"ListItem","position":1,"name":"Accueil","item":"https:\/\/www.parishotelminerve.com\/zh-hans\/"},{"@type":"ListItem","position":2,"name":"Chambres"}]},{"@type":"WebSite","@id":"https:\/\/www.parishotelminerve.com\/en\/#website","url":"https:\/\/www.parishotelminerve.com\/en\/","name":"H\u00f4tel Minerve Paris","description":"H\u00f4tel 3 \u00e9toiles de charme au coeur du quartier latin","potentialAction":[{"@type":"SearchAction","target":{"@type":"EntryPoint","urlTemplate":"https:\/\/www.parishotelminerve.com\/en\/?s={search_term_string}"},"query-input":"required name=search_term_string"}],"inLanguage":"zh-Hans"}]}},"_links":{"self":[{"href":"https:\/\/www.parishotelminerve.com\/zh-hans\/wp-json\/wp\/v2\/pages\/486"}],"collection":[{"href":"https:\/\/www.parishotelminerve.com\/zh-hans\/wp-json\/wp\/v2\/pages"}],"about":[{"href":"https:\/\/www.parishotelminerve.com\/zh-hans\/wp-json\/wp\/v2\/types\/page"}],"author":[{"embeddable":true,"href":"https:\/\/www.parishotelminerve.com\/zh-hans\/wp-json\/wp\/v2\/users\/1"}],"replies":[{"embeddable":true,"href":"https:\/\/www.parishotelminerve.com\/zh-hans\/wp-json\/wp\/v2\/comments?post=486"}],"version-history":[{"count":9,"href":"https:\/\/www.parishotelminerve.com\/zh-hans\/wp-json\/wp\/v2\/pages\/486\/revisions"}],"predecessor-version":[{"id":2219,"href":"https:\/\/www.parishotelminerve.com\/zh-hans\/wp-json\/wp\/v2\/pages\/486\/revisions\/2219"}],"wp:attachment":[{"href":"https:\/\/www.parishotelminerve.com\/zh-hans\/wp-json\/wp\/v2\/media?parent=486"}],"curies":[{"name":"wp","href":"https:\/\/api.w.org\/{rel}","templated":true}]}}