{"id":527,"date":"2018-12-11T05:44:03","date_gmt":"2018-12-11T04:44:03","guid":{"rendered":"https:\/\/www.parishotelminerve.com\/services-paris-hotel-minerve\/"},"modified":"2024-04-02T07:46:32","modified_gmt":"2024-04-02T05:46:32","slug":"servicos-paris-hotel-minerve","status":"publish","type":"page","link":"https:\/\/www.parishotelminerve.com\/pt-pt\/servicos-paris-hotel-minerve\/","title":{"rendered":"Services"},"content":{"rendered":"<p>[vc_row css_animation=&#8221;&#8221; row_type=&#8221;row&#8221; use_row_as_full_screen_section=&#8221;no&#8221; type=&#8221;full_width&#8221; angled_section=&#8221;no&#8221; text_align=&#8221;left&#8221; background_image_as_pattern=&#8221;without_pattern&#8221; css=&#8221;.vc_custom_1544448491317{margin-bottom: 0px !important;padding-bottom: 0px !important;}&#8221; z_index=&#8221;&#8221;][vc_column][rev_slider_vc alias=&#8221;services&#8221;][\/vc_column][\/vc_row][vc_row css_animation=&#8221;&#8221; row_type=&#8221;row&#8221; use_row_as_full_screen_section=&#8221;no&#8221; type=&#8221;grid&#8221; angled_section=&#8221;no&#8221; text_align=&#8221;center&#8221; background_image_as_pattern=&#8221;without_pattern&#8221; padding_top=&#8221;50&#8243; z_index=&#8221;&#8221;][vc_column][vc_column_text]<\/p>\n<h1>PEQUENO-ALMO\u00c7O BUFFET<\/h1>\n<p>[\/vc_column_text][vc_empty_space height=&#8221;12px&#8221;][vc_separator type=&#8221;small&#8221; position=&#8221;center&#8221; color=&#8221;#95775d&#8221; thickness=&#8221;3&#8243; width=&#8221;150&#8243;][vc_empty_space height=&#8221;10px&#8221;][\/vc_column][\/vc_row][vc_row css_animation=&#8221;&#8221; row_type=&#8221;row&#8221; use_row_as_full_screen_section=&#8221;no&#8221; type=&#8221;grid&#8221; angled_section=&#8221;no&#8221; text_align=&#8221;center&#8221; background_image_as_pattern=&#8221;without_pattern&#8221; padding_top=&#8221;50&#8243; z_index=&#8221;&#8221; css=&#8221;.vc_custom_1544454746609{margin-top: 0px !important;padding-top: 0px !important;}&#8221;][vc_column width=&#8221;2\/3&#8243; offset=&#8221;vc_col-lg-offset-2 vc_col-md-offset-2 vc_col-xs-12&#8243;][vc_column_text]<\/p>\n<div style=\"text-align: justify;\">\n<p>O Hotel Minerve lhe prop\u00f5e come\u00e7ar o dia com um pequeno-almo\u00e7o servido em buffet:<br \/>\nM\u00e1quina WMF para preparar suas bebidas quentes variadas, sumo de laranja e de ma\u00e7\u00e3, p\u00e3es, mini viennoiseries, manteiga, frutos secos, cereais, iogurtes, queijo, presunto, ovos, p\u00e3o de forma, mel, marmelada, pasta para barrar de chocolate, compota de ma\u00e7\u00e3. Pr\u00e9\u00e7o: 17 \u20ac<\/p>\n<p>&nbsp;<\/p>\n<\/div>\n<p>[\/vc_column_text][\/vc_column][\/vc_row][vc_row css_animation=&#8221;&#8221; row_type=&#8221;row&#8221; use_row_as_full_screen_section=&#8221;no&#8221; type=&#8221;full_width&#8221; angled_section=&#8221;no&#8221; text_align=&#8221;left&#8221; background_image_as_pattern=&#8221;without_pattern&#8221; padding_bottom=&#8221;0&#8243; css=&#8221;.vc_custom_1544456018328{margin-top: 0px !important;margin-bottom: 0px !important;padding-top: 0px !important;padding-bottom: 0px !important;}&#8221; z_index=&#8221;&#8221;][vc_column css=&#8221;.vc_custom_1544456024391{margin-top: 0px !important;margin-bottom: 0px !important;border-bottom-width: 0px !important;padding-top: 0px !important;padding-bottom: 0px !important;}&#8221;][vc_single_image image=&#8221;277&#8243; img_size=&#8221;full&#8221; alignment=&#8221;center&#8221; style=&#8221;vc_box_shadow_3d&#8221; qode_css_animation=&#8221;&#8221; css=&#8221;.vc_custom_1544456033932{margin-top: 0px !important;margin-bottom: 0px !important;border-top-width: 0px !important;border-bottom-width: 0px !important;padding-top: 0px !important;padding-bottom: 0px !important;}&#8221;][\/vc_column][\/vc_row][vc_row css_animation=&#8221;&#8221; row_type=&#8221;row&#8221; use_row_as_full_screen_section=&#8221;no&#8221; type=&#8221;grid&#8221; angled_section=&#8221;no&#8221; text_align=&#8221;center&#8221; background_image_as_pattern=&#8221;without_pattern&#8221; padding_top=&#8221;50&#8243; z_index=&#8221;&#8221;][vc_column][vc_column_text]<\/p>\n<h1>OS SERVI\u00c7OS DO HOTEL MINERVE PARIS<\/h1>\n<p>[\/vc_column_text][vc_empty_space height=&#8221;12px&#8221;][vc_separator type=&#8221;small&#8221; position=&#8221;center&#8221; color=&#8221;#95775d&#8221; thickness=&#8221;3&#8243; width=&#8221;150&#8243;][vc_empty_space height=&#8221;10px&#8221;][\/vc_column][\/vc_row][vc_row css_animation=&#8221;&#8221; row_type=&#8221;row&#8221; use_row_as_full_screen_section=&#8221;no&#8221; type=&#8221;grid&#8221; angled_section=&#8221;no&#8221; text_align=&#8221;center&#8221; background_image_as_pattern=&#8221;without_pattern&#8221; padding_top=&#8221;50&#8243; z_index=&#8221;&#8221; css=&#8221;.vc_custom_1544455599848{margin-top: 0px !important;margin-bottom: 50px !important;padding-top: 0px !important;}&#8221;][vc_column width=&#8221;2\/3&#8243; offset=&#8221;vc_col-lg-offset-2 vc_col-md-offset-2 vc_col-xs-12&#8243;][vc_row_inner row_type=&#8221;row&#8221; type=&#8221;full_width&#8221; text_align=&#8221;left&#8221; css_animation=&#8221;&#8221;][vc_column_inner width=&#8221;1\/2&#8243; css=&#8221;.vc_custom_1544503674409{padding-right: 20px !important;padding-left: 20px !important;}&#8221;][vc_column_text]<\/p>\n<div style=\"text-align: justify;\">&#8211; Parque de estacionamento pago,\u00a0<a href=\"mailto:resa@parishotelminerve.com\">a solicitar<\/a>\u00a0quando efetuar a reserva.<br \/>\n&#8211; Climatiza\u00e7\u00e3o<br \/>\n&#8211; Check in a partir de 15h<br \/>\n&#8211; Check out no m\u00e1ximo \u00e0s 11h30<br \/>\n&#8211; Rece\u00e7\u00e3o aberta 24h<br \/>\n&#8211; Wi-fi gratuito em todo o hotel<br \/>\n&#8211; Computador na rece\u00e7\u00e3o e acesso gratuito \u00e0 Internet<br \/>\n&#8211; Pequeno-almo\u00e7o no sal\u00e3o das 7h \u00e0s 10h40<br \/>\n&#8211; Ascensor<br \/>\n&#8211; Servi\u00e7o de bagagens<br \/>\n&#8211; Servi\u00e7o de lavandaria<\/div>\n<p>[\/vc_column_text][\/vc_column_inner][vc_column_inner width=&#8221;1\/2&#8243; css=&#8221;.vc_custom_1544503683362{padding-right: 20px !important;padding-left: 20px !important;}&#8221;][vc_column_text]<\/p>\n<div style=\"text-align: justify;\">&#8211; Cofre-forte na rece\u00e7\u00e3o<br \/>\n&#8211; Vidros duplos<br \/>\n&#8211; Jornais na rece\u00e7\u00e3o<br \/>\n&#8211; Reserva de t\u00e1xi<br \/>\n&#8211; Reserva de transporte para o aeroporto a partir do hotel<br \/>\n&#8211; TV sat\u00e9lite<br \/>\n&#8211; Secador de cabelos<br \/>\n&#8211; Telefone &#8211; Fax na rece\u00e7\u00e3o<br \/>\n&#8211; M\u00e1quina de bebidas geladas e quentes (com pagamento)<br \/>\n&#8211; Cama para beb\u00e9 e para crian\u00e7a em suplemento, <a href=\"mailto:resa@parishotelminerve.com\">a solicitar<\/a> quando efetuar a reserva<br \/>\n&#8211; Conciergerie<\/div>\n<p>[\/vc_column_text][\/vc_column_inner][\/vc_row_inner][\/vc_column][\/vc_row]<\/p>\n","protected":false},"excerpt":{"rendered":"<p>[vc_row css_animation=&#8221;&#8221; row_type=&#8221;row&#8221; use_row_as_full_screen_section=&#8221;no&#8221; type=&#8221;full_width&#8221; angled_section=&#8221;no&#8221; text_align=&#8221;left&#8221; background_image_as_pattern=&#8221;without_pattern&#8221; css=&#8221;.vc_custom_1544448491317{margin-bottom: 0px !important;padding-bottom: 0px !important;}&#8221; z_index=&#8221;&#8221;][vc_column][rev_slider_vc alias=&#8221;services&#8221;][\/vc_column][\/vc_row][vc_row css_animation=&#8221;&#8221; row_type=&#8221;row&#8221; use_row_as_full_screen_section=&#8221;no&#8221; type=&#8221;grid&#8221; angled_section=&#8221;no&#8221; text_align=&#8221;center&#8221; background_image_as_pattern=&#8221;without_pattern&#8221; padding_top=&#8221;50&#8243; z_index=&#8221;&#8221;][vc_column][vc_column_text] PEQUENO-ALMO\u00c7O BUFFET [\/vc_column_text][vc_empty_space height=&#8221;12px&#8221;][vc_separator type=&#8221;small&#8221; position=&#8221;center&#8221; color=&#8221;#95775d&#8221; thickness=&#8221;3&#8243; width=&#8221;150&#8243;][vc_empty_space height=&#8221;10px&#8221;][\/vc_column][\/vc_row][vc_row css_animation=&#8221;&#8221; row_type=&#8221;row&#8221; use_row_as_full_screen_section=&#8221;no&#8221; type=&#8221;grid&#8221; angled_section=&#8221;no&#8221; text_align=&#8221;center&#8221; background_image_as_pattern=&#8221;without_pattern&#8221; padding_top=&#8221;50&#8243; z_index=&#8221;&#8221; css=&#8221;.vc_custom_1544454746609{margin-top: 0px&#8230;<\/p>\n","protected":false},"author":1,"featured_media":0,"parent":0,"menu_order":0,"comment_status":"closed","ping_status":"closed","template":"full_width.php","meta":{"footnotes":""},"yoast_head":"<!-- This site is optimized with the Yoast SEO plugin v21.8.1 - https:\/\/yoast.com\/wordpress\/plugins\/seo\/ -->\n<title>\u2192 Os servi\u00e7os do Hotel Minerve Paris, pr\u00f3ximo de Notre Dame<\/title>\n<meta name=\"description\" content=\"O Minerve Hotel, um hotel 3 estrelas com muito charme e personalidade, recebe seus clientes num ambiente \u00edntimo, pr\u00f3ximo de Notre Dame e da Sorbonne.\" \/>\n<meta name=\"robots\" content=\"index, follow, max-snippet:-1, max-image-preview:large, max-video-preview:-1\" \/>\n<link rel=\"canonical\" href=\"https:\/\/www.parishotelminerve.com\/pt-pt\/servicos-paris-hotel-minerve\/\" \/>\n<meta property=\"og:locale\" content=\"pt_PT\" \/>\n<meta property=\"og:type\" content=\"article\" \/>\n<meta property=\"og:title\" content=\"\u2192 Os servi\u00e7os do Hotel Minerve Paris, pr\u00f3ximo de Notre Dame\" \/>\n<meta property=\"og:description\" content=\"O Minerve Hotel, um hotel 3 estrelas com muito charme e personalidade, recebe seus clientes num ambiente \u00edntimo, pr\u00f3ximo de Notre Dame e da Sorbonne.\" \/>\n<meta property=\"og:url\" content=\"https:\/\/www.parishotelminerve.com\/pt-pt\/servicos-paris-hotel-minerve\/\" \/>\n<meta property=\"og:site_name\" content=\"H\u00f4tel Minerve Paris\" \/>\n<meta property=\"article:modified_time\" content=\"2024-04-02T05:46:32+00:00\" \/>\n<meta name=\"twitter:card\" content=\"summary_large_image\" \/>\n<meta name=\"twitter:label1\" content=\"Tempo estimado de leitura\" \/>\n\t<meta name=\"twitter:data1\" content=\"2 minutos\" \/>\n<script type=\"application\/ld+json\" class=\"yoast-schema-graph\">{\"@context\":\"https:\/\/schema.org\",\"@graph\":[{\"@type\":\"WebPage\",\"@id\":\"https:\/\/www.parishotelminerve.com\/pt-pt\/servicos-paris-hotel-minerve\/\",\"url\":\"https:\/\/www.parishotelminerve.com\/pt-pt\/servicos-paris-hotel-minerve\/\",\"name\":\"\u2192 Os servi\u00e7os do Hotel Minerve Paris, pr\u00f3ximo de Notre Dame\",\"isPartOf\":{\"@id\":\"https:\/\/www.parishotelminerve.com\/en\/#website\"},\"datePublished\":\"2018-12-11T04:44:03+00:00\",\"dateModified\":\"2024-04-02T05:46:32+00:00\",\"description\":\"O Minerve Hotel, um hotel 3 estrelas com muito charme e personalidade, recebe seus clientes num ambiente \u00edntimo, pr\u00f3ximo de Notre Dame e da Sorbonne.\",\"breadcrumb\":{\"@id\":\"https:\/\/www.parishotelminerve.com\/pt-pt\/servicos-paris-hotel-minerve\/#breadcrumb\"},\"inLanguage\":\"pt-PT\",\"potentialAction\":[{\"@type\":\"ReadAction\",\"target\":[\"https:\/\/www.parishotelminerve.com\/pt-pt\/servicos-paris-hotel-minerve\/\"]}]},{\"@type\":\"BreadcrumbList\",\"@id\":\"https:\/\/www.parishotelminerve.com\/pt-pt\/servicos-paris-hotel-minerve\/#breadcrumb\",\"itemListElement\":[{\"@type\":\"ListItem\",\"position\":1,\"name\":\"Accueil\",\"item\":\"https:\/\/www.parishotelminerve.com\/pt-pt\/\"},{\"@type\":\"ListItem\",\"position\":2,\"name\":\"Services\"}]},{\"@type\":\"WebSite\",\"@id\":\"https:\/\/www.parishotelminerve.com\/en\/#website\",\"url\":\"https:\/\/www.parishotelminerve.com\/en\/\",\"name\":\"H\u00f4tel Minerve Paris\",\"description\":\"H\u00f4tel 3 \u00e9toiles de charme au coeur du quartier latin\",\"potentialAction\":[{\"@type\":\"SearchAction\",\"target\":{\"@type\":\"EntryPoint\",\"urlTemplate\":\"https:\/\/www.parishotelminerve.com\/en\/?s={search_term_string}\"},\"query-input\":\"required name=search_term_string\"}],\"inLanguage\":\"pt-PT\"}]}<\/script>\n<!-- \/ Yoast SEO plugin. -->","yoast_head_json":{"title":"\u2192 Os servi\u00e7os do Hotel Minerve Paris, pr\u00f3ximo de Notre Dame","description":"O Minerve Hotel, um hotel 3 estrelas com muito charme e personalidade, recebe seus clientes num ambiente \u00edntimo, pr\u00f3ximo de Notre Dame e da Sorbonne.","robots":{"index":"index","follow":"follow","max-snippet":"max-snippet:-1","max-image-preview":"max-image-preview:large","max-video-preview":"max-video-preview:-1"},"canonical":"https:\/\/www.parishotelminerve.com\/pt-pt\/servicos-paris-hotel-minerve\/","og_locale":"pt_PT","og_type":"article","og_title":"\u2192 Os servi\u00e7os do Hotel Minerve Paris, pr\u00f3ximo de Notre Dame","og_description":"O Minerve Hotel, um hotel 3 estrelas com muito charme e personalidade, recebe seus clientes num ambiente \u00edntimo, pr\u00f3ximo de Notre Dame e da Sorbonne.","og_url":"https:\/\/www.parishotelminerve.com\/pt-pt\/servicos-paris-hotel-minerve\/","og_site_name":"H\u00f4tel Minerve Paris","article_modified_time":"2024-04-02T05:46:32+00:00","twitter_card":"summary_large_image","twitter_misc":{"Tempo estimado de leitura":"2 minutos"},"schema":{"@context":"https:\/\/schema.org","@graph":[{"@type":"WebPage","@id":"https:\/\/www.parishotelminerve.com\/pt-pt\/servicos-paris-hotel-minerve\/","url":"https:\/\/www.parishotelminerve.com\/pt-pt\/servicos-paris-hotel-minerve\/","name":"\u2192 Os servi\u00e7os do Hotel Minerve Paris, pr\u00f3ximo de Notre Dame","isPartOf":{"@id":"https:\/\/www.parishotelminerve.com\/en\/#website"},"datePublished":"2018-12-11T04:44:03+00:00","dateModified":"2024-04-02T05:46:32+00:00","description":"O Minerve Hotel, um hotel 3 estrelas com muito charme e personalidade, recebe seus clientes num ambiente \u00edntimo, pr\u00f3ximo de Notre Dame e da Sorbonne.","breadcrumb":{"@id":"https:\/\/www.parishotelminerve.com\/pt-pt\/servicos-paris-hotel-minerve\/#breadcrumb"},"inLanguage":"pt-PT","potentialAction":[{"@type":"ReadAction","target":["https:\/\/www.parishotelminerve.com\/pt-pt\/servicos-paris-hotel-minerve\/"]}]},{"@type":"BreadcrumbList","@id":"https:\/\/www.parishotelminerve.com\/pt-pt\/servicos-paris-hotel-minerve\/#breadcrumb","itemListElement":[{"@type":"ListItem","position":1,"name":"Accueil","item":"https:\/\/www.parishotelminerve.com\/pt-pt\/"},{"@type":"ListItem","position":2,"name":"Services"}]},{"@type":"WebSite","@id":"https:\/\/www.parishotelminerve.com\/en\/#website","url":"https:\/\/www.parishotelminerve.com\/en\/","name":"H\u00f4tel Minerve Paris","description":"H\u00f4tel 3 \u00e9toiles de charme au coeur du quartier latin","potentialAction":[{"@type":"SearchAction","target":{"@type":"EntryPoint","urlTemplate":"https:\/\/www.parishotelminerve.com\/en\/?s={search_term_string}"},"query-input":"required name=search_term_string"}],"inLanguage":"pt-PT"}]}},"_links":{"self":[{"href":"https:\/\/www.parishotelminerve.com\/pt-pt\/wp-json\/wp\/v2\/pages\/527"}],"collection":[{"href":"https:\/\/www.parishotelminerve.com\/pt-pt\/wp-json\/wp\/v2\/pages"}],"about":[{"href":"https:\/\/www.parishotelminerve.com\/pt-pt\/wp-json\/wp\/v2\/types\/page"}],"author":[{"embeddable":true,"href":"https:\/\/www.parishotelminerve.com\/pt-pt\/wp-json\/wp\/v2\/users\/1"}],"replies":[{"embeddable":true,"href":"https:\/\/www.parishotelminerve.com\/pt-pt\/wp-json\/wp\/v2\/comments?post=527"}],"version-history":[{"count":5,"href":"https:\/\/www.parishotelminerve.com\/pt-pt\/wp-json\/wp\/v2\/pages\/527\/revisions"}],"predecessor-version":[{"id":2097,"href":"https:\/\/www.parishotelminerve.com\/pt-pt\/wp-json\/wp\/v2\/pages\/527\/revisions\/2097"}],"wp:attachment":[{"href":"https:\/\/www.parishotelminerve.com\/pt-pt\/wp-json\/wp\/v2\/media?parent=527"}],"curies":[{"name":"wp","href":"https:\/\/api.w.org\/{rel}","templated":true}]}}