{"id":489,"date":"2018-12-10T18:39:26","date_gmt":"2018-12-10T17:39:26","guid":{"rendered":"https:\/\/www.parishotelminerve.com\/chambres-hotel-minerve-paris\/"},"modified":"2025-11-04T15:56:10","modified_gmt":"2025-11-04T14:56:10","slug":"quartos-hotel-minerve-paris","status":"publish","type":"page","link":"https:\/\/www.parishotelminerve.com\/pt-pt\/quartos-hotel-minerve-paris\/","title":{"rendered":"Chambres"},"content":{"rendered":"<p>[vc_row css_animation=&#8221;&#8221; row_type=&#8221;row&#8221; use_row_as_full_screen_section=&#8221;no&#8221; type=&#8221;full_width&#8221; angled_section=&#8221;no&#8221; text_align=&#8221;left&#8221; background_image_as_pattern=&#8221;without_pattern&#8221; css=&#8221;.vc_custom_1544448491317{margin-bottom: 0px !important;padding-bottom: 0px !important;}&#8221; z_index=&#8221;&#8221;][vc_column][rev_slider_vc alias=&#8221;chambres-pt&#8221;][\/vc_column][\/vc_row][vc_row css_animation=&#8221;&#8221; row_type=&#8221;row&#8221; use_row_as_full_screen_section=&#8221;no&#8221; type=&#8221;grid&#8221; angled_section=&#8221;no&#8221; text_align=&#8221;center&#8221; background_image_as_pattern=&#8221;without_pattern&#8221; padding_top=&#8221;50&#8243; z_index=&#8221;&#8221;][vc_column][vc_column_text]<\/p>\n<h1>OS QUARTOS DO HOTEL MINERVE PARIS<\/h1>\n<p>[\/vc_column_text][vc_empty_space height=&#8221;12px&#8221;][vc_separator type=&#8221;small&#8221; position=&#8221;center&#8221; color=&#8221;#95775d&#8221; thickness=&#8221;3&#8243; width=&#8221;150&#8243;][vc_empty_space height=&#8221;10px&#8221;][\/vc_column][\/vc_row][vc_row css_animation=&#8221;&#8221; row_type=&#8221;row&#8221; use_row_as_full_screen_section=&#8221;no&#8221; type=&#8221;grid&#8221; angled_section=&#8221;no&#8221; text_align=&#8221;center&#8221; background_image_as_pattern=&#8221;without_pattern&#8221; padding_top=&#8221;50&#8243; z_index=&#8221;&#8221; css=&#8221;.vc_custom_1544454746609{margin-top: 0px !important;padding-top: 0px !important;}&#8221;][vc_column width=&#8221;2\/3&#8243; offset=&#8221;vc_col-lg-offset-2 vc_col-md-offset-2 vc_col-xs-12&#8243;][vc_column_text]<\/p>\n<div style=\"text-align: justify;\">\n<p>Todos os nossos 54 quartos beneficiam de uma decora\u00e7\u00e3o personalizada e alguns deles s\u00e3o bem espa\u00e7osos. Todos possuem casa de banho com duche ou banheira, sanita, secador de cabelos, TV sat\u00e9lite, telefone.<\/p>\n<p>O hotel oferece acesso gratuito \u00e0 Internet Wi-Fi e disp\u00f5e de climatiza\u00e7\u00e3o individual nos quartos e em todo o hotel.<\/p>\n<p>Alguns dos nossos quartos possuem um belo afresco mural gigante, que representa um belo parque realizado por um artista da escola de Belas Artes.<\/p>\n<p>O hotel disp\u00f5e de um quarto acess\u00edvel \u00e0s pessoas com mobilidade reduzida.<\/p>\n<p>Taxa de estadia: 5,53 euros\/pessoa\/dia<\/p>\n<\/div>\n<p>[\/vc_column_text][\/vc_column][\/vc_row][vc_row css_animation=&#8221;&#8221; row_type=&#8221;row&#8221; use_row_as_full_screen_section=&#8221;yes&#8221; type=&#8221;full_width&#8221; angled_section=&#8221;no&#8221; text_align=&#8221;left&#8221; background_image_as_pattern=&#8221;without_pattern&#8221; padding_top=&#8221;50&#8243; z_index=&#8221;&#8221; css=&#8221;.vc_custom_1544451374989{margin-bottom: 30px !important;}&#8221;][vc_column width=&#8221;1\/2&#8243; css=&#8221;.vc_custom_1544500937758{padding-right: 20px !important;padding-left: 20px !important;}&#8221; offset=&#8221;vc_col-lg-3 vc_col-md-3 vc_col-xs-12&#8243;][vc_gallery interval=&#8221;5&#8243; images=&#8221;1595,1602,1609,1588&#8243; img_size=&#8221;full&#8221; onclick=&#8221;img_link_large&#8221; direction_nav=&#8221;no&#8221; control_nav=&#8221;no&#8221; css=&#8221;.vc_custom_1706087229369{margin-bottom: 0px !important;padding-bottom: 0px !important;}&#8221; el_class=&#8221;foobox&#8221;][vc_column_text css=&#8221;.vc_custom_1552927845465{margin-top: 10px !important;padding-top: 0px !important;}&#8221;]<\/p>\n<p style=\"text-align: center;\">SIMPLES<\/p>\n<p style=\"text-align: center;\">9 m\u00b2 \u2013 1 cama de solteiro 120 x 190 \u2013 1 pessoa<\/p>\n<p>&nbsp;<\/p>\n<p style=\"text-align: center;\"><a  itemprop=\"url\" href=\"https:\/\/www.secure-hotel-booking.com\/Hotel-Minerve\/2QAV\/pt?hotelId=21912\" target=\"_blank\"  class=\"qbutton  default\" style=\"border-radius: 0px;-moz-border-radius: 0px;-webkit-border-radius: 0px; \">RESERVAR<i class=\"qode_icon_font_awesome fa fa-calendar qode_button_icon_element\" style=\"\" ><\/i><\/a><\/p>\n<p>[\/vc_column_text][\/vc_column][vc_column width=&#8221;1\/2&#8243; css=&#8221;.vc_custom_1544500926217{padding-right: 20px !important;padding-left: 20px !important;}&#8221; offset=&#8221;vc_col-lg-3 vc_col-md-3 vc_col-xs-12&#8243;][vc_gallery interval=&#8221;3&#8243; images=&#8221;1623,1616,1630,1637,1644,1651,1658,1665,1672,1679&#8243; img_size=&#8221;full&#8221; onclick=&#8221;img_link_large&#8221; direction_nav=&#8221;no&#8221; el_class=&#8221;foobox&#8221;][vc_column_text css=&#8221;.vc_custom_1552927874314{margin-top: 10px !important;padding-top: 0px !important;}&#8221;]<\/p>\n<p style=\"text-align: center;\">SIMPLES SUPERIOR<\/p>\n<p style=\"text-align: center;\">12 m\u00b2 \u2013 1 cama de solteiro 120 x 200 \u2013 1 pessoa<\/p>\n<p>&nbsp;<\/p>\n<p style=\"text-align: center;\"><a  itemprop=\"url\" href=\"https:\/\/www.secure-hotel-booking.com\/Hotel-Minerve\/2QAV\/pt?hotelId=21912\" target=\"_blank\"  class=\"qbutton  default\" style=\"border-radius: 0px;-moz-border-radius: 0px;-webkit-border-radius: 0px; \">RESERVAR<i class=\"qode_icon_font_awesome fa fa-calendar qode_button_icon_element\" style=\"\" ><\/i><\/a><\/p>\n<p>[\/vc_column_text][\/vc_column][vc_column width=&#8221;1\/2&#8243; css=&#8221;.vc_custom_1544500914432{padding-right: 20px !important;padding-left: 20px !important;}&#8221; offset=&#8221;vc_col-lg-3 vc_col-md-3 vc_col-xs-12&#8243;][vc_gallery interval=&#8221;3&#8243; images=&#8221;1876,1890,1897,1883&#8243; img_size=&#8221;full&#8221; onclick=&#8221;img_link_large&#8221; direction_nav=&#8221;no&#8221; el_class=&#8221;foobox&#8221;][vc_column_text css=&#8221;.vc_custom_1552927894206{margin-top: 10px !important;padding-top: 0px !important;}&#8221;]<\/p>\n<p style=\"text-align: center;\">TWIN<\/p>\n<p style=\"text-align: center;\">12m\u00b2 \u2013 2 camas de solteiro 80 x 200 \u2013 2 pessoas<\/p>\n<p>&nbsp;<\/p>\n<p style=\"text-align: center;\"><a  itemprop=\"url\" href=\"https:\/\/www.secure-hotel-booking.com\/Hotel-Minerve\/2QAV\/pt?hotelId=21912\" target=\"_blank\"  class=\"qbutton  default\" style=\"border-radius: 0px;-moz-border-radius: 0px;-webkit-border-radius: 0px; \">RESERVAR<i class=\"qode_icon_font_awesome fa fa-calendar qode_button_icon_element\" style=\"\" ><\/i><\/a><\/p>\n<p>[\/vc_column_text][\/vc_column][vc_column width=&#8221;1\/2&#8243; offset=&#8221;vc_col-lg-3 vc_col-md-3 vc_col-xs-12&#8243; css=&#8221;.vc_custom_1544501294041{padding-right: 20px !important;padding-left: 20px !important;}&#8221;][vc_gallery interval=&#8221;3&#8243; images=&#8221;1854,1861,1868,1791,1798,1784,1805,1812,1819,1826,1833,1840,1847&#8243; img_size=&#8221;full&#8221; onclick=&#8221;img_link_large&#8221; direction_nav=&#8221;no&#8221; el_class=&#8221;foobox&#8221;][vc_column_text css=&#8221;.vc_custom_1552927918839{margin-top: 10px !important;padding-top: 0px !important;}&#8221;]<\/p>\n<p style=\"text-align: center;\">TWIN SUPERIOR<\/p>\n<p style=\"text-align: center;\">14m\u00b2 \u2013 2 camas de solteiro 90 x 200 \u2013 2 pessoas<\/p>\n<p>&nbsp;<\/p>\n<p style=\"text-align: center;\"><a  itemprop=\"url\" href=\"https:\/\/www.secure-hotel-booking.com\/Hotel-Minerve\/2QAV\/pt?hotelId=21912\" target=\"_blank\"  class=\"qbutton  default\" style=\"border-radius: 0px;-moz-border-radius: 0px;-webkit-border-radius: 0px; \">RESERVAR<i class=\"qode_icon_font_awesome fa fa-calendar qode_button_icon_element\" style=\"\" ><\/i><\/a><\/p>\n<p>[\/vc_column_text][\/vc_column][\/vc_row][vc_row css_animation=&#8221;&#8221; row_type=&#8221;row&#8221; use_row_as_full_screen_section=&#8221;yes&#8221; type=&#8221;full_width&#8221; angled_section=&#8221;no&#8221; text_align=&#8221;left&#8221; background_image_as_pattern=&#8221;without_pattern&#8221; padding_top=&#8221;50&#8243; z_index=&#8221;&#8221; css=&#8221;.vc_custom_1544502954643{margin-bottom: 70px !important;}&#8221;][vc_column width=&#8221;1\/2&#8243; css=&#8221;.vc_custom_1544500937758{padding-right: 20px !important;padding-left: 20px !important;}&#8221; offset=&#8221;vc_col-lg-3 vc_col-md-3 vc_col-xs-12&#8243;][vc_gallery interval=&#8221;5&#8243; images=&#8221;1686,1693,1700,1707,1721,1728,1735,1742,1749,1756,1763,1770,1777&#8243; img_size=&#8221;full&#8221; onclick=&#8221;img_link_large&#8221; direction_nav=&#8221;no&#8221; control_nav=&#8221;no&#8221; css=&#8221;.vc_custom_1706087263290{margin-bottom: 0px !important;padding-bottom: 0px !important;}&#8221; el_class=&#8221;foobox&#8221;][vc_column_text css=&#8221;.vc_custom_1552927950784{margin-top: 10px !important;padding-top: 0px !important;}&#8221;]<\/p>\n<p style=\"text-align: center;\">DUPLO SUPERIOR<\/p>\n<p style=\"text-align: center;\">14 m\u00b2 \u2013 1 cama de casal 150 x 190 \u2013 2 pessoas<\/p>\n<p>&nbsp;<\/p>\n<p style=\"text-align: center;\"><a  itemprop=\"url\" href=\"https:\/\/www.secure-hotel-booking.com\/Hotel-Minerve\/2QAV\/pt?hotelId=21912\" target=\"_blank\"  class=\"qbutton  default\" style=\"border-radius: 0px;-moz-border-radius: 0px;-webkit-border-radius: 0px; \">RESERVAR<i class=\"qode_icon_font_awesome fa fa-calendar qode_button_icon_element\" style=\"\" ><\/i><\/a><\/p>\n<p>[\/vc_column_text][\/vc_column][vc_column width=&#8221;1\/2&#8243; css=&#8221;.vc_custom_1544500926217{padding-right: 20px !important;padding-left: 20px !important;}&#8221; offset=&#8221;vc_col-lg-3 vc_col-md-3 vc_col-xs-12&#8243;][vc_gallery interval=&#8221;3&#8243; images=&#8221;1539,1546,1553,1560,1567,1574,1581&#8243; img_size=&#8221;full&#8221; onclick=&#8221;img_link_large&#8221; direction_nav=&#8221;no&#8221; el_class=&#8221;foobox&#8221;][vc_column_text css=&#8221;.vc_custom_1552927971994{margin-top: 10px !important;padding-top: 0px !important;}&#8221;]<\/p>\n<p style=\"text-align: center;\">SUITE JUNIOR<\/p>\n<p style=\"text-align: center;\">15 m\u00b2 \u2013 1 cama de casal 150 x 200 \u2013 2 pessoas<\/p>\n<p>&nbsp;<\/p>\n<p style=\"text-align: center;\"><a  itemprop=\"url\" href=\"https:\/\/www.secure-hotel-booking.com\/Hotel-Minerve\/2QAV\/pt?hotelId=21912\" target=\"_blank\"  class=\"qbutton  default\" style=\"border-radius: 0px;-moz-border-radius: 0px;-webkit-border-radius: 0px; \">RESERVAR<i class=\"qode_icon_font_awesome fa fa-calendar qode_button_icon_element\" style=\"\" ><\/i><\/a><\/p>\n<p>[\/vc_column_text][\/vc_column][vc_column width=&#8221;1\/2&#8243; css=&#8221;.vc_custom_1544500914432{padding-right: 20px !important;padding-left: 20px !important;}&#8221; offset=&#8221;vc_col-lg-3 vc_col-md-3 vc_col-xs-12&#8243;][vc_gallery interval=&#8221;3&#8243; images=&#8221;1469,1462,1448,1476,1441,1483,1490,1497,1504,1511,1518,1525&#8243; img_size=&#8221;full&#8221; onclick=&#8221;img_link_large&#8221; direction_nav=&#8221;no&#8221; el_class=&#8221;foobox&#8221;][vc_column_text css=&#8221;.vc_custom_1552927999573{margin-top: 10px !important;padding-top: 0px !important;}&#8221;]<\/p>\n<p style=\"text-align: center;\">EXECUTIVO DESIGN<\/p>\n<p style=\"text-align: center;\">15m\u00b2 \u2013 1 cama de casal 150 x 200 \u2013 2 pessoas<\/p>\n<p>&nbsp;<\/p>\n<p style=\"text-align: center;\"><a  itemprop=\"url\" href=\"https:\/\/www.secure-hotel-booking.com\/Hotel-Minerve\/2QAV\/pt?hotelId=21912\" target=\"_blank\"  class=\"qbutton  default\" style=\"border-radius: 0px;-moz-border-radius: 0px;-webkit-border-radius: 0px; \">RESERVAR<i class=\"qode_icon_font_awesome fa fa-calendar qode_button_icon_element\" style=\"\" ><\/i><\/a><\/p>\n<p>[\/vc_column_text][\/vc_column][vc_column width=&#8221;1\/2&#8243; offset=&#8221;vc_col-lg-3 vc_col-md-3 vc_col-xs-12&#8243; css=&#8221;.vc_custom_1544501294041{padding-right: 20px !important;padding-left: 20px !important;}&#8221;][\/vc_column][\/vc_row]<\/p>\n","protected":false},"excerpt":{"rendered":"<p>[vc_row css_animation=&#8221;&#8221; row_type=&#8221;row&#8221; use_row_as_full_screen_section=&#8221;no&#8221; type=&#8221;full_width&#8221; angled_section=&#8221;no&#8221; text_align=&#8221;left&#8221; background_image_as_pattern=&#8221;without_pattern&#8221; css=&#8221;.vc_custom_1544448491317{margin-bottom: 0px !important;padding-bottom: 0px !important;}&#8221; z_index=&#8221;&#8221;][vc_column][rev_slider_vc alias=&#8221;chambres-pt&#8221;][\/vc_column][\/vc_row][vc_row css_animation=&#8221;&#8221; row_type=&#8221;row&#8221; use_row_as_full_screen_section=&#8221;no&#8221; type=&#8221;grid&#8221; angled_section=&#8221;no&#8221; text_align=&#8221;center&#8221; background_image_as_pattern=&#8221;without_pattern&#8221; padding_top=&#8221;50&#8243; z_index=&#8221;&#8221;][vc_column][vc_column_text] OS QUARTOS DO HOTEL MINERVE PARIS [\/vc_column_text][vc_empty_space height=&#8221;12px&#8221;][vc_separator type=&#8221;small&#8221; position=&#8221;center&#8221; color=&#8221;#95775d&#8221; thickness=&#8221;3&#8243; width=&#8221;150&#8243;][vc_empty_space height=&#8221;10px&#8221;][\/vc_column][\/vc_row][vc_row css_animation=&#8221;&#8221; row_type=&#8221;row&#8221; use_row_as_full_screen_section=&#8221;no&#8221; type=&#8221;grid&#8221; angled_section=&#8221;no&#8221; text_align=&#8221;center&#8221; background_image_as_pattern=&#8221;without_pattern&#8221;&#8230;<\/p>\n","protected":false},"author":1,"featured_media":0,"parent":0,"menu_order":0,"comment_status":"closed","ping_status":"closed","template":"full_width.php","meta":{"footnotes":""},"yoast_head":"<!-- This site is optimized with the Yoast SEO plugin v21.8.1 - https:\/\/yoast.com\/wordpress\/plugins\/seo\/ -->\n<title>Os quartos do Hotel Minerve Paris, pr\u00f3ximo de Notre Dame e da Sorbonne<\/title>\n<meta name=\"description\" content=\"O Minerve Hotel, um hotel 3 estrelas com muito charme e personalidade, recebe seus clientes num ambiente \u00edntimo, pr\u00f3ximo de Notre Dame e da Sorbonne.\" \/>\n<meta name=\"robots\" content=\"index, follow, max-snippet:-1, max-image-preview:large, max-video-preview:-1\" \/>\n<link rel=\"canonical\" href=\"https:\/\/www.parishotelminerve.com\/pt-pt\/quartos-hotel-minerve-paris\/\" \/>\n<meta property=\"og:locale\" content=\"pt_PT\" \/>\n<meta property=\"og:type\" content=\"article\" \/>\n<meta property=\"og:title\" content=\"Os quartos do Hotel Minerve Paris, pr\u00f3ximo de Notre Dame e da Sorbonne\" \/>\n<meta property=\"og:description\" content=\"O Minerve Hotel, um hotel 3 estrelas com muito charme e personalidade, recebe seus clientes num ambiente \u00edntimo, pr\u00f3ximo de Notre Dame e da Sorbonne.\" \/>\n<meta property=\"og:url\" content=\"https:\/\/www.parishotelminerve.com\/pt-pt\/quartos-hotel-minerve-paris\/\" \/>\n<meta property=\"og:site_name\" content=\"H\u00f4tel Minerve Paris\" \/>\n<meta property=\"article:modified_time\" content=\"2025-11-04T14:56:10+00:00\" \/>\n<meta name=\"twitter:card\" content=\"summary_large_image\" \/>\n<meta name=\"twitter:label1\" content=\"Tempo estimado de leitura\" \/>\n\t<meta name=\"twitter:data1\" content=\"3 minutos\" \/>\n<script type=\"application\/ld+json\" class=\"yoast-schema-graph\">{\"@context\":\"https:\/\/schema.org\",\"@graph\":[{\"@type\":\"WebPage\",\"@id\":\"https:\/\/www.parishotelminerve.com\/pt-pt\/quartos-hotel-minerve-paris\/\",\"url\":\"https:\/\/www.parishotelminerve.com\/pt-pt\/quartos-hotel-minerve-paris\/\",\"name\":\"Os quartos do Hotel Minerve Paris, pr\u00f3ximo de Notre Dame e da Sorbonne\",\"isPartOf\":{\"@id\":\"https:\/\/www.parishotelminerve.com\/en\/#website\"},\"datePublished\":\"2018-12-10T17:39:26+00:00\",\"dateModified\":\"2025-11-04T14:56:10+00:00\",\"description\":\"O Minerve Hotel, um hotel 3 estrelas com muito charme e personalidade, recebe seus clientes num ambiente \u00edntimo, pr\u00f3ximo de Notre Dame e da Sorbonne.\",\"breadcrumb\":{\"@id\":\"https:\/\/www.parishotelminerve.com\/pt-pt\/quartos-hotel-minerve-paris\/#breadcrumb\"},\"inLanguage\":\"pt-PT\",\"potentialAction\":[{\"@type\":\"ReadAction\",\"target\":[\"https:\/\/www.parishotelminerve.com\/pt-pt\/quartos-hotel-minerve-paris\/\"]}]},{\"@type\":\"BreadcrumbList\",\"@id\":\"https:\/\/www.parishotelminerve.com\/pt-pt\/quartos-hotel-minerve-paris\/#breadcrumb\",\"itemListElement\":[{\"@type\":\"ListItem\",\"position\":1,\"name\":\"Accueil\",\"item\":\"https:\/\/www.parishotelminerve.com\/pt-pt\/\"},{\"@type\":\"ListItem\",\"position\":2,\"name\":\"Chambres\"}]},{\"@type\":\"WebSite\",\"@id\":\"https:\/\/www.parishotelminerve.com\/en\/#website\",\"url\":\"https:\/\/www.parishotelminerve.com\/en\/\",\"name\":\"H\u00f4tel Minerve Paris\",\"description\":\"H\u00f4tel 3 \u00e9toiles de charme au coeur du quartier latin\",\"potentialAction\":[{\"@type\":\"SearchAction\",\"target\":{\"@type\":\"EntryPoint\",\"urlTemplate\":\"https:\/\/www.parishotelminerve.com\/en\/?s={search_term_string}\"},\"query-input\":\"required name=search_term_string\"}],\"inLanguage\":\"pt-PT\"}]}<\/script>\n<!-- \/ Yoast SEO plugin. -->","yoast_head_json":{"title":"Os quartos do Hotel Minerve Paris, pr\u00f3ximo de Notre Dame e da Sorbonne","description":"O Minerve Hotel, um hotel 3 estrelas com muito charme e personalidade, recebe seus clientes num ambiente \u00edntimo, pr\u00f3ximo de Notre Dame e da Sorbonne.","robots":{"index":"index","follow":"follow","max-snippet":"max-snippet:-1","max-image-preview":"max-image-preview:large","max-video-preview":"max-video-preview:-1"},"canonical":"https:\/\/www.parishotelminerve.com\/pt-pt\/quartos-hotel-minerve-paris\/","og_locale":"pt_PT","og_type":"article","og_title":"Os quartos do Hotel Minerve Paris, pr\u00f3ximo de Notre Dame e da Sorbonne","og_description":"O Minerve Hotel, um hotel 3 estrelas com muito charme e personalidade, recebe seus clientes num ambiente \u00edntimo, pr\u00f3ximo de Notre Dame e da Sorbonne.","og_url":"https:\/\/www.parishotelminerve.com\/pt-pt\/quartos-hotel-minerve-paris\/","og_site_name":"H\u00f4tel Minerve Paris","article_modified_time":"2025-11-04T14:56:10+00:00","twitter_card":"summary_large_image","twitter_misc":{"Tempo estimado de leitura":"3 minutos"},"schema":{"@context":"https:\/\/schema.org","@graph":[{"@type":"WebPage","@id":"https:\/\/www.parishotelminerve.com\/pt-pt\/quartos-hotel-minerve-paris\/","url":"https:\/\/www.parishotelminerve.com\/pt-pt\/quartos-hotel-minerve-paris\/","name":"Os quartos do Hotel Minerve Paris, pr\u00f3ximo de Notre Dame e da Sorbonne","isPartOf":{"@id":"https:\/\/www.parishotelminerve.com\/en\/#website"},"datePublished":"2018-12-10T17:39:26+00:00","dateModified":"2025-11-04T14:56:10+00:00","description":"O Minerve Hotel, um hotel 3 estrelas com muito charme e personalidade, recebe seus clientes num ambiente \u00edntimo, pr\u00f3ximo de Notre Dame e da Sorbonne.","breadcrumb":{"@id":"https:\/\/www.parishotelminerve.com\/pt-pt\/quartos-hotel-minerve-paris\/#breadcrumb"},"inLanguage":"pt-PT","potentialAction":[{"@type":"ReadAction","target":["https:\/\/www.parishotelminerve.com\/pt-pt\/quartos-hotel-minerve-paris\/"]}]},{"@type":"BreadcrumbList","@id":"https:\/\/www.parishotelminerve.com\/pt-pt\/quartos-hotel-minerve-paris\/#breadcrumb","itemListElement":[{"@type":"ListItem","position":1,"name":"Accueil","item":"https:\/\/www.parishotelminerve.com\/pt-pt\/"},{"@type":"ListItem","position":2,"name":"Chambres"}]},{"@type":"WebSite","@id":"https:\/\/www.parishotelminerve.com\/en\/#website","url":"https:\/\/www.parishotelminerve.com\/en\/","name":"H\u00f4tel Minerve Paris","description":"H\u00f4tel 3 \u00e9toiles de charme au coeur du quartier latin","potentialAction":[{"@type":"SearchAction","target":{"@type":"EntryPoint","urlTemplate":"https:\/\/www.parishotelminerve.com\/en\/?s={search_term_string}"},"query-input":"required name=search_term_string"}],"inLanguage":"pt-PT"}]}},"_links":{"self":[{"href":"https:\/\/www.parishotelminerve.com\/pt-pt\/wp-json\/wp\/v2\/pages\/489"}],"collection":[{"href":"https:\/\/www.parishotelminerve.com\/pt-pt\/wp-json\/wp\/v2\/pages"}],"about":[{"href":"https:\/\/www.parishotelminerve.com\/pt-pt\/wp-json\/wp\/v2\/types\/page"}],"author":[{"embeddable":true,"href":"https:\/\/www.parishotelminerve.com\/pt-pt\/wp-json\/wp\/v2\/users\/1"}],"replies":[{"embeddable":true,"href":"https:\/\/www.parishotelminerve.com\/pt-pt\/wp-json\/wp\/v2\/comments?post=489"}],"version-history":[{"count":10,"href":"https:\/\/www.parishotelminerve.com\/pt-pt\/wp-json\/wp\/v2\/pages\/489\/revisions"}],"predecessor-version":[{"id":2220,"href":"https:\/\/www.parishotelminerve.com\/pt-pt\/wp-json\/wp\/v2\/pages\/489\/revisions\/2220"}],"wp:attachment":[{"href":"https:\/\/www.parishotelminerve.com\/pt-pt\/wp-json\/wp\/v2\/media?parent=489"}],"curies":[{"name":"wp","href":"https:\/\/api.w.org\/{rel}","templated":true}]}}