{"id":535,"date":"2018-12-11T06:00:17","date_gmt":"2018-12-11T05:00:17","guid":{"rendered":"https:\/\/www.parishotelminerve.com\/plan-paris-minerve-hotel\/"},"modified":"2019-03-18T16:05:31","modified_gmt":"2019-03-18T15:05:31","slug":"plan-paris-minerve-hotel","status":"publish","type":"page","link":"https:\/\/www.parishotelminerve.com\/ja\/plan-paris-minerve-hotel\/","title":{"rendered":"Situation"},"content":{"rendered":"<p>[vc_row css_animation=&#8221;&#8221; row_type=&#8221;row&#8221; use_row_as_full_screen_section=&#8221;no&#8221; type=&#8221;full_width&#8221; angled_section=&#8221;no&#8221; text_align=&#8221;left&#8221; background_image_as_pattern=&#8221;without_pattern&#8221; css=&#8221;.vc_custom_1544448491317{margin-bottom: 0px !important;padding-bottom: 0px !important;}&#8221; z_index=&#8221;&#8221;][vc_column][vc_raw_html]JTNDaWZyYW1lJTIwc3JjJTNEJTIyaHR0cHMlM0ElMkYlMkZ3d3cuZ29vZ2xlLmNvbSUyRm1hcHMlMkZlbWJlZCUzRnBiJTNEJTIxMW0xOCUyMTFtMTIlMjExbTMlMjExZDUyNTAuNjYzMTI1MDk1NzklMjEyZDIuMzQ5NTM4MzgyNDY2NjY3JTIxM2Q0OC44NTE4ODc1NDM3MDYwNyUyMTJtMyUyMTFmMCUyMTJmMCUyMTNmMCUyMTNtMiUyMTFpMTAyNCUyMTJpNzY4JTIxNGYxMy4xJTIxM20zJTIxMW0yJTIxMXMweDQ3ZTY3MWU1YmI0MTE2MTklMjUzQTB4OTViOWJiOTcxZWFlMTQ3MyUyMTJzMTMlMkJSdWUlMkJkZXMlMkIlMjVDMyUyNTg5Y29sZXMlMjUyQyUyQjc1MDA1JTJCUGFyaXMlMjE1ZTAlMjEzbTIlMjExc2ZyJTIxMnNmciUyMTR2MTQxMjc1MTgzNjA5OSUyMiUyMHdpZHRoJTNEJTIyMTAwJTI1JTIyJTIwaGVpZ2h0JTNEJTIyNTUwJTIyJTIwZnJhbWVib3JkZXIlM0QlMjIwJTIyJTIwc3R5bGUlM0QlMjJib3JkZXIlM0EwJTIyJTNFJTNDJTJGaWZyYW1lJTNFJTBB[\/vc_raw_html][\/vc_column][\/vc_row][vc_row css_animation=&#8221;&#8221; row_type=&#8221;row&#8221; use_row_as_full_screen_section=&#8221;no&#8221; type=&#8221;grid&#8221; angled_section=&#8221;no&#8221; text_align=&#8221;center&#8221; background_image_as_pattern=&#8221;without_pattern&#8221; padding_top=&#8221;50&#8243; z_index=&#8221;&#8221;][vc_column][vc_column_text]<\/p>\n<h1>\u30d1\u30ea\uff15\u533a\u306e\u30ab\u30eb\u30c1\u30a8\u30fb\u30e9\u30bf\u30f3\u306e\u4e2d\u5fc3\u90e8<\/h1>\n<p>[\/vc_column_text][vc_empty_space height=&#8221;12px&#8221;][vc_separator type=&#8221;small&#8221; position=&#8221;center&#8221; color=&#8221;#95775d&#8221; thickness=&#8221;3&#8243; width=&#8221;150&#8243;][vc_empty_space height=&#8221;10px&#8221;][\/vc_column][\/vc_row][vc_row css_animation=&#8221;&#8221; row_type=&#8221;row&#8221; use_row_as_full_screen_section=&#8221;no&#8221; type=&#8221;grid&#8221; angled_section=&#8221;no&#8221; text_align=&#8221;center&#8221; background_image_as_pattern=&#8221;without_pattern&#8221; padding_top=&#8221;50&#8243; z_index=&#8221;&#8221; css=&#8221;.vc_custom_1544454746609{margin-top: 0px !important;padding-top: 0px !important;}&#8221;][vc_column width=&#8221;2\/3&#8243; offset=&#8221;vc_col-lg-offset-2 vc_col-md-offset-2 vc_col-xs-12&#8243;][vc_column_text]<\/p>\n<div style=\"text-align: justify;\">\n<p>\u30db\u30c6\u30eb\u306e\u508d\uff0850m\uff09\u306b\u5c02\u7528\u306e\u76e3\u8996\u4ed8\u304d\u99d0\u8eca\u5834\u304c\u3054\u3056\u3044\u307e\u3059\u3002<\/p>\n<p><u>\u30d0\u30b9\uff1a<\/u><br \/>\n-&gt;\u00a0<a class=\"qode-prettyphoto\" href=\"https:\/\/www.parishotelminerve.com\/img\/bus_63.jpg\" rel=\"prettyPhoto[rel-bus63]\" data-rel=\"prettyPhoto[rel-bus63]\">63\u756a\u7dda\u00a0:<\/a> \u30aa\u30eb\u30bb\u30fc\u7f8e\u8853\u9928 \u2013 \u30a2\u30f3\u30f4\u30a1\u30ea\u30c3\u30c9 \u2013 \u30a8\u30c3\u30d5\u30a7\u30eb\u5854 \u2013 \u30ea\u30e8\u30f3\u99c5\u306b\u76f4\u901a<br \/>\n-&gt;\u00a0<a class=\"qode-prettyphoto\" href=\"https:\/\/www.parishotelminerve.com\/img\/bus_67.jpg\" rel=\"prettyPhoto[rel-bus67]\" data-rel=\"prettyPhoto[rel-bus67]\">67\u756a\u7dda:<\/a>\u00a0\u30eb\u30fc\u30f4\u30eb\u7f8e\u8853\u9928 \u2013 \u30e2\u30f3\u30de\u30eb\u30c8\u30eb\u306b\u76f4\u901a<br \/>\n-&gt;\u00a0<a class=\"qode-prettyphoto\" href=\"https:\/\/www.parishotelminerve.com\/img\/bus_89.jpg\" rel=\"prettyPhoto[rel-bus89]\" data-rel=\"prettyPhoto[rel-bus89]\">89\u756a\u7dda:<\/a> \u30aa\u30fc\u30b9\u30c6\u30eb\u30ea\u30c3\u30c4\u99c5\u3068\u30e2\u30f3\u30d1\u30eb\u30ca\u30b9\u306b\u76f4\u901a<\/p>\n<p><u>\u30e1\u30c8\u30ed:<\/u><br \/>\n-&gt;<a class=\"qode-prettyphoto\" href=\"https:\/\/www.parishotelminerve.com\/img\/ligne_10.jpg\" rel=\"prettyPhoto[rel-m10]\" data-rel=\"prettyPhoto[rel-m10]\">10\u756a\u7dda<\/a>\u00a0: \u30aa\u30fc\u30b9\u30c6\u30eb\u30ea\u30c3\u30c4\u99c5 \u2013 \u30d6\u30ed\u30fc\u30cb\u30e5\u306e\u68ee\u3001\u30ed\u30fc\u30e9\u30f3\u30fb\u30ae\u30e3\u30ed\u30b9<br \/>\n-&gt;<a class=\"qode-prettyphoto\" href=\"https:\/\/www.parishotelminerve.com\/img\/ligne_7.jpg\" rel=\"prettyPhoto[rel-m7]\" data-rel=\"prettyPhoto[rel-m7]\">7\u756a\u7dda<\/a>\u00a0: \u30b8\u30e5\u30b7\u30e5\u30fc\u99c5\uff1a\u30dd\u30f3\u30fb\u30cc\u30d5\u3001\u30eb\u30fc\u30f4\u30eb\u7f8e\u8853\u9928\u3001\u6771\u99c5\u3001\u79d1\u5b66\u6280\u8853\u535a\u7269\u9928\u3001\u30aa\u30da\u30e9\u5ea7\uff08\u30ac\u30eb\u30cb\u30a8\u5bae\uff09<\/p>\n<p><u>RER\uff08\u9996\u90fd\u570f\u9ad8\u901f\u9244\u9053\uff09:\u00a0<\/u><br \/>\n\u30b5\u30f3\u30fb\u30df\u30b7\u30a7\u30eb\uff1a\u5317\u99c5\uff08\u30e6\u30fc\u30ed\u30b9\u30bf\u30fc\u3001\u30bf\u30ea\u30b9\uff09\u3001\u30f4\u30a3\u30eb\u30d1\u30f3\u30c8\u898b\u672c\u5e02\u4f1a\u5834\u3001\u30ed\u30ef\u30b7\u30fcCDG\u7a7a\u6e2f\u306b\u76f4\u901a<\/p>\n<\/div>\n<p>[\/vc_column_text][\/vc_column][\/vc_row][vc_row css_animation=&#8221;&#8221; row_type=&#8221;row&#8221; use_row_as_full_screen_section=&#8221;yes&#8221; type=&#8221;full_width&#8221; angled_section=&#8221;no&#8221; text_align=&#8221;left&#8221; background_image_as_pattern=&#8221;without_pattern&#8221; padding_top=&#8221;50&#8243; z_index=&#8221;&#8221; css=&#8221;.vc_custom_1544451374989{margin-bottom: 30px !important;}&#8221;][vc_column][vc_single_image image=&#8221;340&#8243; img_size=&#8221;full&#8221; alignment=&#8221;center&#8221; qode_css_animation=&#8221;&#8221;][\/vc_column][\/vc_row][vc_row css_animation=&#8221;&#8221; row_type=&#8221;row&#8221; use_row_as_full_screen_section=&#8221;no&#8221; type=&#8221;grid&#8221; angled_section=&#8221;no&#8221; text_align=&#8221;center&#8221; background_image_as_pattern=&#8221;without_pattern&#8221; padding_top=&#8221;50&#8243; z_index=&#8221;&#8221;][vc_column][vc_column_text]<\/p>\n<h2>\u30d1\u30ea\u306e\u30ce\u30fc\u30c8\u30eb\u30c0\u30e0\u5927\u8056\u5802<\/h2>\n<p>[\/vc_column_text][vc_empty_space height=&#8221;12px&#8221;][vc_separator type=&#8221;small&#8221; position=&#8221;center&#8221; color=&#8221;#95775d&#8221; thickness=&#8221;3&#8243; width=&#8221;150&#8243;][vc_empty_space height=&#8221;10px&#8221;][\/vc_column][\/vc_row][vc_row css_animation=&#8221;&#8221; row_type=&#8221;row&#8221; use_row_as_full_screen_section=&#8221;no&#8221; type=&#8221;grid&#8221; angled_section=&#8221;no&#8221; text_align=&#8221;center&#8221; background_image_as_pattern=&#8221;without_pattern&#8221; padding_top=&#8221;50&#8243; z_index=&#8221;&#8221; css=&#8221;.vc_custom_1544504972905{margin-top: 0px !important;padding-top: 0px !important;padding-bottom: 70px !important;}&#8221;][vc_column width=&#8221;2\/3&#8243; offset=&#8221;vc_col-lg-offset-2 vc_col-md-offset-2 vc_col-xs-12&#8243;][vc_column_text]<\/p>\n<div style=\"text-align: justify;\">\n<h3><\/h3>\n<p><strong>-&gt; \u30e1\u30c8\u30ed\u3067:<\/strong> \u30af\u30ea\u30e5\u30cb\u30fc=\u30bd\u30eb\u30dc\u30f3\u30cc\u99c5\u3001\u30ab\u30eb\u30c7\u30a3\u30ca\u30eb\u30fb\u30eb\u30e2\u30ef\u30fc\u30cc\u99c5\u3001\u30e2\u30d9\u30fc\u30eb\u30fb\u30df\u30e5\u30c1\u30e5\u30a2\u30ea\u30c6\u99c5<\/p>\n<p><strong>-&gt; \u5f92\u6b69\u3067:<\/strong> \u30db\u30c6\u30eb\u306e\u524d\u306e\u30dd\u30ef\u30b7\u30fc\u901a\u308a\u3092\u30c8\u30a5\u30eb\u30cd\u30eb\u6cb3\u5cb8\u307e\u3067\u6b69\u304f\u3068\u3001\u30ce\u30fc\u30c8\u30eb\u30fb\u30c0\u30e0\u5927\u8056\u5802\u304c\u898b\u3048\u307e\u3059\u3002<br \/>\n\u30db\u30c6\u30eb\u304b\u3089\u5f92\u6b6910\u5206\u8db3\u3089\u305a\u3067\u3059\u3002<\/p>\n<p>&nbsp;<\/p>\n<p>\u30d1\u30ea\u306e\u30ce\u30fc\u30c8\u30eb\u30fb\u30c0\u30e0\u5927\u8056\u5802\u306f\u3001\u30ab\u30c8\u30ea\u30c3\u30af\u306e\u30d1\u30ea\u5927\u53f8\u6559\u533a\u306e\u5927\u8056\u5802\u3067\u3059\u3002<\/p>\n<p>&nbsp;<\/p>\n<p>\u30d1\u30ea5\u533a\u306e\u3001\u30b7\u30c6\u5cf6\u306e\u6771\u534a\u5206\u306b\u4f4d\u7f6e\u3057\u307e\u3059\u3002<br \/>\n\u897f\u306e\u30d5\u30a1\u30b5\u30fc\u30c9\u306f\u3001\u30ce\u30fc\u30c8\u30eb\u30fb\u30c0\u30e0\u5e83\u5834\u3001\u30b8\u30e3\u30f3\u30fb\u30dd\u30fc\u30eb2\u4e16\u5e83\u5834\u306b\u9762\u3057\u3066\u3044\u307e\u3059\u3002<\/p>\n<p>&nbsp;<\/p>\n<p>\u5efa\u8a2d\u306f\u6570\u4e16\u7d00\uff08\uff12\u4e16\u7d00\uff09\u306b\u6e21\u308b\u305f\u3081\u3001\u69d8\u5f0f\u306f\u7d71\u4e00\u3055\u308c\u3066\u304a\u3089\u305a\u3001\u521d\u671f\u30b4\u30b7\u30c3\u30af\uff08\u5916\u9663\u306e\uff16\u5206\u30f4\u30a9\u30fc\u30eb\u30c8\uff09\u3068\u30ec\u30e8\u30ca\u30f3\u5f0f\u30b4\u30b7\u30c3\u30af\u306e\u7279\u5fb4\u304c\u6df7\u3056\u308a\u5408\u3063\u3066\u3044\u307e\u3059\u3002<br \/>\n\u30c8\u30e9\u30f3\u30bb\u30d7\u30c8\u306e\u4e21\u8896\u3092\u98fe\u308b\uff12\u3064\u306e\u30d0\u30e9\u7a93\u306f\u305d\u308c\u305e\u308c\uff11\uff13\u30e1\u30fc\u30c8\u30eb\u3042\u308a\u3001\u30e8\u30fc\u30ed\u30c3\u30d1\u6700\u5927\u7d1a\u3067\u3059\u3002<br \/>\n\u30d1\u30ea\u306e\u30ce\u30fc\u30c8\u30eb\u30fb\u30c0\u30e0\u5927\u8056\u5802\u306f\u3001\u5b8c\u6210\u5f53\u6642\u306b\u306f\u3001\u30e8\u30fc\u30ed\u30c3\u30d1\u6700\u5927\u306e\u5927\u8056\u5802\u3067\u3057\u305f\u3002<\/p>\n<p>&nbsp;<\/p>\n<p>\u793c\u62dd\u3068\u5de1\u793c\u306e\u30b9\u30d4\u30ea\u30c1\u30e5\u30a2\u30eb\u306a\u540d\u6240\u3001\u30d1\u30ea\u3068\u30d5\u30e9\u30f3\u30b9\u306e\u6b74\u53f2\u7684\u8a18\u5ff5\u7269\u3067\u3042\u308a\u3001\u4e16\u754c\u7684\u306a\u6b74\u53f2\u7684\u907a\u7523\u3067\u3042\u308b\u3001\u30d1\u30ea\u306e\u30ce\u30fc\u30c8\u30eb\u30fb\u30c0\u30e0\u5927\u8056\u5802\u306b\u306f\u3001\u5927\u52e2\u306e\u4fe1\u8005\u3001\u5de1\u793c\u8005\u3068\u898b\u5b66\u8005\u304c\u8a2a\u308c\u307e\u3059\uff08\u5e74\u9593\u304a\u3088\u305d1400\u4e07\u4eba\uff09<\/p>\n<\/div>\n<p>[\/vc_column_text][\/vc_column][\/vc_row]<\/p>\n","protected":false},"excerpt":{"rendered":"<p>[vc_row css_animation=&#8221;&#8221; row_type&#8230;<\/p>\n","protected":false},"author":1,"featured_media":0,"parent":0,"menu_order":0,"comment_status":"closed","ping_status":"closed","template":"full_width.php","meta":{"footnotes":""},"yoast_head":"<!-- This site is optimized with the Yoast SEO plugin v21.8.1 - https:\/\/yoast.com\/wordpress\/plugins\/seo\/ -->\n<title>\u2192 \u30ed\u30b1\u30fc\u30b7\u30e7\u30f3, \u30d1\u30ea\uff15\u533a\u306e\u30ab\u30eb\u30c1\u30a8\u30fb\u30e9\u30bf\u30f3\u306e\u4e2d\u5fc3\u90e8<\/title>\n<meta name=\"description\" content=\"\u30d1\u30ea\uff15\u533a\u306e\u30ab\u30eb\u30c1\u30a8\u30fb\u30e9\u30bf\u30f3\u306e\u4e2d\u5fc3\u90e8\u9b45\u529b\u7684\u3067\u500b\u6027\u7684\u306a\u30013\u3064\u661f\u306e\u30db\u30c6\u30eb \u30df\u30cd\u30eb\u30f4\u306f\u3001\u30ce\u30fc\u30c8\u30eb\u30fb\u30c0\u30e0\u5927\u8056\u5802\u3068\u30bd\u30eb\u30dc\u30f3\u30cc\u5927\u5b66\u306e\u508d\u306e\u7a4f\u3084\u304b\u306a\u96f0\u56f2\u6c17\u306e\u4e2d\u3067\u3001\u304a\u5ba2\u69d8\u3092\u304a\u8fce\u3048\u3057\u307e\u3059\u3002\u3053\u306e\u9b45\u529b\u7684\u306a\u30db\u30c6\u30eb\u306f\u3001\u9ad8\u7d1a\u5efa\u6750\u3001\u30bf\u30d4\u30b9\u30ea\u30fc\u3001\u77f3\u58c1\u3001\u6728\u6750\u3001\u6881\u306e\u898b\u3048\u308b\u5929\u4e95\u3001\u30dc\u30b6\u30fc\u30eb\u51fa\u8eab\u306e\u30a2\u30fc\u30c6\u30a3\u30b9\u30c8\u304c\u63cf\u3044\u305f\u30d5\u30ec\u30b9\u30b3\u753b\u306e\u3042\u308b\u58c1\u3067\u88c5\u98fe\u3055\u308c\u3066\u3044\u307e\u3059\u3002\" \/>\n<meta name=\"robots\" content=\"index, follow, max-snippet:-1, max-image-preview:large, max-video-preview:-1\" \/>\n<link rel=\"canonical\" href=\"https:\/\/www.parishotelminerve.com\/ja\/plan-paris-minerve-hotel\/\" \/>\n<meta property=\"og:locale\" content=\"ja_JP\" \/>\n<meta property=\"og:type\" content=\"article\" \/>\n<meta property=\"og:title\" content=\"\u2192 \u30ed\u30b1\u30fc\u30b7\u30e7\u30f3, \u30d1\u30ea\uff15\u533a\u306e\u30ab\u30eb\u30c1\u30a8\u30fb\u30e9\u30bf\u30f3\u306e\u4e2d\u5fc3\u90e8\" \/>\n<meta property=\"og:description\" content=\"\u30d1\u30ea\uff15\u533a\u306e\u30ab\u30eb\u30c1\u30a8\u30fb\u30e9\u30bf\u30f3\u306e\u4e2d\u5fc3\u90e8\u9b45\u529b\u7684\u3067\u500b\u6027\u7684\u306a\u30013\u3064\u661f\u306e\u30db\u30c6\u30eb \u30df\u30cd\u30eb\u30f4\u306f\u3001\u30ce\u30fc\u30c8\u30eb\u30fb\u30c0\u30e0\u5927\u8056\u5802\u3068\u30bd\u30eb\u30dc\u30f3\u30cc\u5927\u5b66\u306e\u508d\u306e\u7a4f\u3084\u304b\u306a\u96f0\u56f2\u6c17\u306e\u4e2d\u3067\u3001\u304a\u5ba2\u69d8\u3092\u304a\u8fce\u3048\u3057\u307e\u3059\u3002\u3053\u306e\u9b45\u529b\u7684\u306a\u30db\u30c6\u30eb\u306f\u3001\u9ad8\u7d1a\u5efa\u6750\u3001\u30bf\u30d4\u30b9\u30ea\u30fc\u3001\u77f3\u58c1\u3001\u6728\u6750\u3001\u6881\u306e\u898b\u3048\u308b\u5929\u4e95\u3001\u30dc\u30b6\u30fc\u30eb\u51fa\u8eab\u306e\u30a2\u30fc\u30c6\u30a3\u30b9\u30c8\u304c\u63cf\u3044\u305f\u30d5\u30ec\u30b9\u30b3\u753b\u306e\u3042\u308b\u58c1\u3067\u88c5\u98fe\u3055\u308c\u3066\u3044\u307e\u3059\u3002\" \/>\n<meta property=\"og:url\" content=\"https:\/\/www.parishotelminerve.com\/ja\/plan-paris-minerve-hotel\/\" \/>\n<meta property=\"og:site_name\" content=\"H\u00f4tel Minerve Paris\" \/>\n<meta property=\"article:modified_time\" content=\"2019-03-18T15:05:31+00:00\" \/>\n<meta name=\"twitter:card\" content=\"summary_large_image\" \/>\n<meta name=\"twitter:label1\" content=\"\u63a8\u5b9a\u8aad\u307f\u53d6\u308a\u6642\u9593\" \/>\n\t<meta name=\"twitter:data1\" content=\"2\u5206\" \/>\n<script type=\"application\/ld+json\" class=\"yoast-schema-graph\">{\"@context\":\"https:\/\/schema.org\",\"@graph\":[{\"@type\":\"WebPage\",\"@id\":\"https:\/\/www.parishotelminerve.com\/ja\/plan-paris-minerve-hotel\/\",\"url\":\"https:\/\/www.parishotelminerve.com\/ja\/plan-paris-minerve-hotel\/\",\"name\":\"\u2192 \u30ed\u30b1\u30fc\u30b7\u30e7\u30f3, \u30d1\u30ea\uff15\u533a\u306e\u30ab\u30eb\u30c1\u30a8\u30fb\u30e9\u30bf\u30f3\u306e\u4e2d\u5fc3\u90e8\",\"isPartOf\":{\"@id\":\"https:\/\/www.parishotelminerve.com\/en\/#website\"},\"datePublished\":\"2018-12-11T05:00:17+00:00\",\"dateModified\":\"2019-03-18T15:05:31+00:00\",\"description\":\"\u30d1\u30ea\uff15\u533a\u306e\u30ab\u30eb\u30c1\u30a8\u30fb\u30e9\u30bf\u30f3\u306e\u4e2d\u5fc3\u90e8\u9b45\u529b\u7684\u3067\u500b\u6027\u7684\u306a\u30013\u3064\u661f\u306e\u30db\u30c6\u30eb \u30df\u30cd\u30eb\u30f4\u306f\u3001\u30ce\u30fc\u30c8\u30eb\u30fb\u30c0\u30e0\u5927\u8056\u5802\u3068\u30bd\u30eb\u30dc\u30f3\u30cc\u5927\u5b66\u306e\u508d\u306e\u7a4f\u3084\u304b\u306a\u96f0\u56f2\u6c17\u306e\u4e2d\u3067\u3001\u304a\u5ba2\u69d8\u3092\u304a\u8fce\u3048\u3057\u307e\u3059\u3002\u3053\u306e\u9b45\u529b\u7684\u306a\u30db\u30c6\u30eb\u306f\u3001\u9ad8\u7d1a\u5efa\u6750\u3001\u30bf\u30d4\u30b9\u30ea\u30fc\u3001\u77f3\u58c1\u3001\u6728\u6750\u3001\u6881\u306e\u898b\u3048\u308b\u5929\u4e95\u3001\u30dc\u30b6\u30fc\u30eb\u51fa\u8eab\u306e\u30a2\u30fc\u30c6\u30a3\u30b9\u30c8\u304c\u63cf\u3044\u305f\u30d5\u30ec\u30b9\u30b3\u753b\u306e\u3042\u308b\u58c1\u3067\u88c5\u98fe\u3055\u308c\u3066\u3044\u307e\u3059\u3002\",\"breadcrumb\":{\"@id\":\"https:\/\/www.parishotelminerve.com\/ja\/plan-paris-minerve-hotel\/#breadcrumb\"},\"inLanguage\":\"ja\",\"potentialAction\":[{\"@type\":\"ReadAction\",\"target\":[\"https:\/\/www.parishotelminerve.com\/ja\/plan-paris-minerve-hotel\/\"]}]},{\"@type\":\"BreadcrumbList\",\"@id\":\"https:\/\/www.parishotelminerve.com\/ja\/plan-paris-minerve-hotel\/#breadcrumb\",\"itemListElement\":[{\"@type\":\"ListItem\",\"position\":1,\"name\":\"Accueil\",\"item\":\"https:\/\/www.parishotelminerve.com\/ja\/\"},{\"@type\":\"ListItem\",\"position\":2,\"name\":\"Situation\"}]},{\"@type\":\"WebSite\",\"@id\":\"https:\/\/www.parishotelminerve.com\/en\/#website\",\"url\":\"https:\/\/www.parishotelminerve.com\/en\/\",\"name\":\"H\u00f4tel Minerve Paris\",\"description\":\"H\u00f4tel 3 \u00e9toiles de charme au coeur du quartier latin\",\"potentialAction\":[{\"@type\":\"SearchAction\",\"target\":{\"@type\":\"EntryPoint\",\"urlTemplate\":\"https:\/\/www.parishotelminerve.com\/en\/?s={search_term_string}\"},\"query-input\":\"required name=search_term_string\"}],\"inLanguage\":\"ja\"}]}<\/script>\n<!-- \/ Yoast SEO plugin. -->","yoast_head_json":{"title":"\u2192 \u30ed\u30b1\u30fc\u30b7\u30e7\u30f3, \u30d1\u30ea\uff15\u533a\u306e\u30ab\u30eb\u30c1\u30a8\u30fb\u30e9\u30bf\u30f3\u306e\u4e2d\u5fc3\u90e8","description":"\u30d1\u30ea\uff15\u533a\u306e\u30ab\u30eb\u30c1\u30a8\u30fb\u30e9\u30bf\u30f3\u306e\u4e2d\u5fc3\u90e8\u9b45\u529b\u7684\u3067\u500b\u6027\u7684\u306a\u30013\u3064\u661f\u306e\u30db\u30c6\u30eb \u30df\u30cd\u30eb\u30f4\u306f\u3001\u30ce\u30fc\u30c8\u30eb\u30fb\u30c0\u30e0\u5927\u8056\u5802\u3068\u30bd\u30eb\u30dc\u30f3\u30cc\u5927\u5b66\u306e\u508d\u306e\u7a4f\u3084\u304b\u306a\u96f0\u56f2\u6c17\u306e\u4e2d\u3067\u3001\u304a\u5ba2\u69d8\u3092\u304a\u8fce\u3048\u3057\u307e\u3059\u3002\u3053\u306e\u9b45\u529b\u7684\u306a\u30db\u30c6\u30eb\u306f\u3001\u9ad8\u7d1a\u5efa\u6750\u3001\u30bf\u30d4\u30b9\u30ea\u30fc\u3001\u77f3\u58c1\u3001\u6728\u6750\u3001\u6881\u306e\u898b\u3048\u308b\u5929\u4e95\u3001\u30dc\u30b6\u30fc\u30eb\u51fa\u8eab\u306e\u30a2\u30fc\u30c6\u30a3\u30b9\u30c8\u304c\u63cf\u3044\u305f\u30d5\u30ec\u30b9\u30b3\u753b\u306e\u3042\u308b\u58c1\u3067\u88c5\u98fe\u3055\u308c\u3066\u3044\u307e\u3059\u3002","robots":{"index":"index","follow":"follow","max-snippet":"max-snippet:-1","max-image-preview":"max-image-preview:large","max-video-preview":"max-video-preview:-1"},"canonical":"https:\/\/www.parishotelminerve.com\/ja\/plan-paris-minerve-hotel\/","og_locale":"ja_JP","og_type":"article","og_title":"\u2192 \u30ed\u30b1\u30fc\u30b7\u30e7\u30f3, \u30d1\u30ea\uff15\u533a\u306e\u30ab\u30eb\u30c1\u30a8\u30fb\u30e9\u30bf\u30f3\u306e\u4e2d\u5fc3\u90e8","og_description":"\u30d1\u30ea\uff15\u533a\u306e\u30ab\u30eb\u30c1\u30a8\u30fb\u30e9\u30bf\u30f3\u306e\u4e2d\u5fc3\u90e8\u9b45\u529b\u7684\u3067\u500b\u6027\u7684\u306a\u30013\u3064\u661f\u306e\u30db\u30c6\u30eb \u30df\u30cd\u30eb\u30f4\u306f\u3001\u30ce\u30fc\u30c8\u30eb\u30fb\u30c0\u30e0\u5927\u8056\u5802\u3068\u30bd\u30eb\u30dc\u30f3\u30cc\u5927\u5b66\u306e\u508d\u306e\u7a4f\u3084\u304b\u306a\u96f0\u56f2\u6c17\u306e\u4e2d\u3067\u3001\u304a\u5ba2\u69d8\u3092\u304a\u8fce\u3048\u3057\u307e\u3059\u3002\u3053\u306e\u9b45\u529b\u7684\u306a\u30db\u30c6\u30eb\u306f\u3001\u9ad8\u7d1a\u5efa\u6750\u3001\u30bf\u30d4\u30b9\u30ea\u30fc\u3001\u77f3\u58c1\u3001\u6728\u6750\u3001\u6881\u306e\u898b\u3048\u308b\u5929\u4e95\u3001\u30dc\u30b6\u30fc\u30eb\u51fa\u8eab\u306e\u30a2\u30fc\u30c6\u30a3\u30b9\u30c8\u304c\u63cf\u3044\u305f\u30d5\u30ec\u30b9\u30b3\u753b\u306e\u3042\u308b\u58c1\u3067\u88c5\u98fe\u3055\u308c\u3066\u3044\u307e\u3059\u3002","og_url":"https:\/\/www.parishotelminerve.com\/ja\/plan-paris-minerve-hotel\/","og_site_name":"H\u00f4tel Minerve Paris","article_modified_time":"2019-03-18T15:05:31+00:00","twitter_card":"summary_large_image","twitter_misc":{"\u63a8\u5b9a\u8aad\u307f\u53d6\u308a\u6642\u9593":"2\u5206"},"schema":{"@context":"https:\/\/schema.org","@graph":[{"@type":"WebPage","@id":"https:\/\/www.parishotelminerve.com\/ja\/plan-paris-minerve-hotel\/","url":"https:\/\/www.parishotelminerve.com\/ja\/plan-paris-minerve-hotel\/","name":"\u2192 \u30ed\u30b1\u30fc\u30b7\u30e7\u30f3, \u30d1\u30ea\uff15\u533a\u306e\u30ab\u30eb\u30c1\u30a8\u30fb\u30e9\u30bf\u30f3\u306e\u4e2d\u5fc3\u90e8","isPartOf":{"@id":"https:\/\/www.parishotelminerve.com\/en\/#website"},"datePublished":"2018-12-11T05:00:17+00:00","dateModified":"2019-03-18T15:05:31+00:00","description":"\u30d1\u30ea\uff15\u533a\u306e\u30ab\u30eb\u30c1\u30a8\u30fb\u30e9\u30bf\u30f3\u306e\u4e2d\u5fc3\u90e8\u9b45\u529b\u7684\u3067\u500b\u6027\u7684\u306a\u30013\u3064\u661f\u306e\u30db\u30c6\u30eb \u30df\u30cd\u30eb\u30f4\u306f\u3001\u30ce\u30fc\u30c8\u30eb\u30fb\u30c0\u30e0\u5927\u8056\u5802\u3068\u30bd\u30eb\u30dc\u30f3\u30cc\u5927\u5b66\u306e\u508d\u306e\u7a4f\u3084\u304b\u306a\u96f0\u56f2\u6c17\u306e\u4e2d\u3067\u3001\u304a\u5ba2\u69d8\u3092\u304a\u8fce\u3048\u3057\u307e\u3059\u3002\u3053\u306e\u9b45\u529b\u7684\u306a\u30db\u30c6\u30eb\u306f\u3001\u9ad8\u7d1a\u5efa\u6750\u3001\u30bf\u30d4\u30b9\u30ea\u30fc\u3001\u77f3\u58c1\u3001\u6728\u6750\u3001\u6881\u306e\u898b\u3048\u308b\u5929\u4e95\u3001\u30dc\u30b6\u30fc\u30eb\u51fa\u8eab\u306e\u30a2\u30fc\u30c6\u30a3\u30b9\u30c8\u304c\u63cf\u3044\u305f\u30d5\u30ec\u30b9\u30b3\u753b\u306e\u3042\u308b\u58c1\u3067\u88c5\u98fe\u3055\u308c\u3066\u3044\u307e\u3059\u3002","breadcrumb":{"@id":"https:\/\/www.parishotelminerve.com\/ja\/plan-paris-minerve-hotel\/#breadcrumb"},"inLanguage":"ja","potentialAction":[{"@type":"ReadAction","target":["https:\/\/www.parishotelminerve.com\/ja\/plan-paris-minerve-hotel\/"]}]},{"@type":"BreadcrumbList","@id":"https:\/\/www.parishotelminerve.com\/ja\/plan-paris-minerve-hotel\/#breadcrumb","itemListElement":[{"@type":"ListItem","position":1,"name":"Accueil","item":"https:\/\/www.parishotelminerve.com\/ja\/"},{"@type":"ListItem","position":2,"name":"Situation"}]},{"@type":"WebSite","@id":"https:\/\/www.parishotelminerve.com\/en\/#website","url":"https:\/\/www.parishotelminerve.com\/en\/","name":"H\u00f4tel Minerve Paris","description":"H\u00f4tel 3 \u00e9toiles de charme au coeur du quartier latin","potentialAction":[{"@type":"SearchAction","target":{"@type":"EntryPoint","urlTemplate":"https:\/\/www.parishotelminerve.com\/en\/?s={search_term_string}"},"query-input":"required name=search_term_string"}],"inLanguage":"ja"}]}},"_links":{"self":[{"href":"https:\/\/www.parishotelminerve.com\/ja\/wp-json\/wp\/v2\/pages\/535"}],"collection":[{"href":"https:\/\/www.parishotelminerve.com\/ja\/wp-json\/wp\/v2\/pages"}],"about":[{"href":"https:\/\/www.parishotelminerve.com\/ja\/wp-json\/wp\/v2\/types\/page"}],"author":[{"embeddable":true,"href":"https:\/\/www.parishotelminerve.com\/ja\/wp-json\/wp\/v2\/users\/1"}],"replies":[{"embeddable":true,"href":"https:\/\/www.parishotelminerve.com\/ja\/wp-json\/wp\/v2\/comments?post=535"}],"version-history":[{"count":2,"href":"https:\/\/www.parishotelminerve.com\/ja\/wp-json\/wp\/v2\/pages\/535\/revisions"}],"predecessor-version":[{"id":649,"href":"https:\/\/www.parishotelminerve.com\/ja\/wp-json\/wp\/v2\/pages\/535\/revisions\/649"}],"wp:attachment":[{"href":"https:\/\/www.parishotelminerve.com\/ja\/wp-json\/wp\/v2\/media?parent=535"}],"curies":[{"name":"wp","href":"https:\/\/api.w.org\/{rel}","templated":true}]}}