{"id":495,"date":"2018-12-11T06:21:33","date_gmt":"2018-12-11T05:21:33","guid":{"rendered":"https:\/\/www.parishotelminerve.com\/galerie-photos-hotel-minerve-paris\/"},"modified":"2024-01-24T10:06:31","modified_gmt":"2024-01-24T09:06:31","slug":"photo-gallery-hotel-minerve-paris","status":"publish","type":"page","link":"https:\/\/www.parishotelminerve.com\/ja\/photo-gallery-hotel-minerve-paris\/","title":{"rendered":"Galerie"},"content":{"rendered":"<p>[vc_row css_animation=&#8221;&#8221; row_type=&#8221;row&#8221; use_row_as_full_screen_section=&#8221;no&#8221; type=&#8221;full_width&#8221; angled_section=&#8221;no&#8221; text_align=&#8221;left&#8221; background_image_as_pattern=&#8221;without_pattern&#8221; css=&#8221;.vc_custom_1544448491317{margin-bottom: 0px !important;padding-bottom: 0px !important;}&#8221; z_index=&#8221;&#8221;][vc_column][vc_gallery type=&#8221;image_grid&#8221; images=&#8221;951,1422,1401,1359,1415,1352,1380,1429,1905,1912,1919,1926,1933,1940,1947,1954,1961,1968,1975,1982,1996,2003,2010,1892,1885,1878,1871,1863,1856,1849,1842,1835,1828,1821,1814,1807,1800,1793,1786,1779,1772,1765,1758,1751,1744,1737,1730,1723,1716,1702,1695,1688,1681,1674,1667,1660,1653,1646,1639,1632,1625,1618,1611,1604,1597,1590,1583,1576,1569,1562,1555,1548,1541,1534,1520,1513,1506,1499,1492,1485,1478,1471,1464,1457,1443,1436,1387,392&#8243; img_size=&#8221;medium&#8221; onclick=&#8221;img_link_large&#8221; column_number=&#8221;4&#8243; grayscale=&#8221;no&#8221; images_space=&#8221;gallery_with_space&#8221; css=&#8221;.vc_custom_1706087190241{padding-top: 20px !important;padding-right: 20px !important;padding-bottom: 20px !important;padding-left: 20px !important;}&#8221; el_class=&#8221;foobox&#8221;][\/vc_column][\/vc_row]<\/p>\n","protected":false},"excerpt":{"rendered":"<p>[vc_row css_animation=&#8221;&#8221; row_type&#8230;<\/p>\n","protected":false},"author":1,"featured_media":0,"parent":0,"menu_order":0,"comment_status":"closed","ping_status":"closed","template":"full_width.php","meta":{"footnotes":""},"yoast_head":"<!-- This site is optimized with the Yoast SEO plugin v21.8.1 - https:\/\/yoast.com\/wordpress\/plugins\/seo\/ -->\n<title>\u2192 \u9b45\u529b\u7684\u3067\u500b\u6027\u7684\u306a\u3001\u30d1\u30ea\uff15\u533a\u306e\u30ab\u30eb\u30c1\u30a8\u30fb\u30e9\u30bf\u30f3\u306e\u4e2d\u5fc3\u90e8<\/title>\n<meta name=\"description\" content=\"\u9b45\u529b\u7684\u3067\u500b\u6027\u7684\u306a\u30013\u3064\u661f\u306e\u30db\u30c6\u30eb \u30df\u30cd\u30eb\u30f4\u306f\u3001\u30ce\u30fc\u30c8\u30eb\u30fb\u30c0\u30e0\u5927\u8056\u5802\u3068\u30bd\u30eb\u30dc\u30f3\u30cc\u5927\u5b66\u306e\u508d\u306e\u7a4f\u3084\u304b\u306a\u96f0\u56f2\u6c17\u306e\u4e2d\u3067\u3001\u304a\u5ba2\u69d8\u3092\u304a\u8fce\u3048\u3057\u307e\u3059\u3002\" \/>\n<meta name=\"robots\" content=\"index, follow, max-snippet:-1, max-image-preview:large, max-video-preview:-1\" \/>\n<link rel=\"canonical\" href=\"https:\/\/www.parishotelminerve.com\/ja\/photo-gallery-hotel-minerve-paris\/\" \/>\n<meta property=\"og:locale\" content=\"ja_JP\" \/>\n<meta property=\"og:type\" content=\"article\" \/>\n<meta property=\"og:title\" content=\"\u2192 \u9b45\u529b\u7684\u3067\u500b\u6027\u7684\u306a\u3001\u30d1\u30ea\uff15\u533a\u306e\u30ab\u30eb\u30c1\u30a8\u30fb\u30e9\u30bf\u30f3\u306e\u4e2d\u5fc3\u90e8\" \/>\n<meta property=\"og:description\" content=\"\u9b45\u529b\u7684\u3067\u500b\u6027\u7684\u306a\u30013\u3064\u661f\u306e\u30db\u30c6\u30eb \u30df\u30cd\u30eb\u30f4\u306f\u3001\u30ce\u30fc\u30c8\u30eb\u30fb\u30c0\u30e0\u5927\u8056\u5802\u3068\u30bd\u30eb\u30dc\u30f3\u30cc\u5927\u5b66\u306e\u508d\u306e\u7a4f\u3084\u304b\u306a\u96f0\u56f2\u6c17\u306e\u4e2d\u3067\u3001\u304a\u5ba2\u69d8\u3092\u304a\u8fce\u3048\u3057\u307e\u3059\u3002\" \/>\n<meta property=\"og:url\" content=\"https:\/\/www.parishotelminerve.com\/ja\/photo-gallery-hotel-minerve-paris\/\" \/>\n<meta property=\"og:site_name\" content=\"H\u00f4tel Minerve Paris\" \/>\n<meta property=\"article:modified_time\" content=\"2024-01-24T09:06:31+00:00\" \/>\n<meta name=\"twitter:card\" content=\"summary_large_image\" \/>\n<meta name=\"twitter:label1\" content=\"\u63a8\u5b9a\u8aad\u307f\u53d6\u308a\u6642\u9593\" \/>\n\t<meta name=\"twitter:data1\" content=\"1\u5206\" \/>\n<script type=\"application\/ld+json\" class=\"yoast-schema-graph\">{\"@context\":\"https:\/\/schema.org\",\"@graph\":[{\"@type\":\"WebPage\",\"@id\":\"https:\/\/www.parishotelminerve.com\/ja\/photo-gallery-hotel-minerve-paris\/\",\"url\":\"https:\/\/www.parishotelminerve.com\/ja\/photo-gallery-hotel-minerve-paris\/\",\"name\":\"\u2192 \u9b45\u529b\u7684\u3067\u500b\u6027\u7684\u306a\u3001\u30d1\u30ea\uff15\u533a\u306e\u30ab\u30eb\u30c1\u30a8\u30fb\u30e9\u30bf\u30f3\u306e\u4e2d\u5fc3\u90e8\",\"isPartOf\":{\"@id\":\"https:\/\/www.parishotelminerve.com\/en\/#website\"},\"datePublished\":\"2018-12-11T05:21:33+00:00\",\"dateModified\":\"2024-01-24T09:06:31+00:00\",\"description\":\"\u9b45\u529b\u7684\u3067\u500b\u6027\u7684\u306a\u30013\u3064\u661f\u306e\u30db\u30c6\u30eb \u30df\u30cd\u30eb\u30f4\u306f\u3001\u30ce\u30fc\u30c8\u30eb\u30fb\u30c0\u30e0\u5927\u8056\u5802\u3068\u30bd\u30eb\u30dc\u30f3\u30cc\u5927\u5b66\u306e\u508d\u306e\u7a4f\u3084\u304b\u306a\u96f0\u56f2\u6c17\u306e\u4e2d\u3067\u3001\u304a\u5ba2\u69d8\u3092\u304a\u8fce\u3048\u3057\u307e\u3059\u3002\",\"breadcrumb\":{\"@id\":\"https:\/\/www.parishotelminerve.com\/ja\/photo-gallery-hotel-minerve-paris\/#breadcrumb\"},\"inLanguage\":\"ja\",\"potentialAction\":[{\"@type\":\"ReadAction\",\"target\":[\"https:\/\/www.parishotelminerve.com\/ja\/photo-gallery-hotel-minerve-paris\/\"]}]},{\"@type\":\"BreadcrumbList\",\"@id\":\"https:\/\/www.parishotelminerve.com\/ja\/photo-gallery-hotel-minerve-paris\/#breadcrumb\",\"itemListElement\":[{\"@type\":\"ListItem\",\"position\":1,\"name\":\"Accueil\",\"item\":\"https:\/\/www.parishotelminerve.com\/ja\/\"},{\"@type\":\"ListItem\",\"position\":2,\"name\":\"Galerie\"}]},{\"@type\":\"WebSite\",\"@id\":\"https:\/\/www.parishotelminerve.com\/en\/#website\",\"url\":\"https:\/\/www.parishotelminerve.com\/en\/\",\"name\":\"H\u00f4tel Minerve Paris\",\"description\":\"H\u00f4tel 3 \u00e9toiles de charme au coeur du quartier latin\",\"potentialAction\":[{\"@type\":\"SearchAction\",\"target\":{\"@type\":\"EntryPoint\",\"urlTemplate\":\"https:\/\/www.parishotelminerve.com\/en\/?s={search_term_string}\"},\"query-input\":\"required name=search_term_string\"}],\"inLanguage\":\"ja\"}]}<\/script>\n<!-- \/ Yoast SEO plugin. -->","yoast_head_json":{"title":"\u2192 \u9b45\u529b\u7684\u3067\u500b\u6027\u7684\u306a\u3001\u30d1\u30ea\uff15\u533a\u306e\u30ab\u30eb\u30c1\u30a8\u30fb\u30e9\u30bf\u30f3\u306e\u4e2d\u5fc3\u90e8","description":"\u9b45\u529b\u7684\u3067\u500b\u6027\u7684\u306a\u30013\u3064\u661f\u306e\u30db\u30c6\u30eb \u30df\u30cd\u30eb\u30f4\u306f\u3001\u30ce\u30fc\u30c8\u30eb\u30fb\u30c0\u30e0\u5927\u8056\u5802\u3068\u30bd\u30eb\u30dc\u30f3\u30cc\u5927\u5b66\u306e\u508d\u306e\u7a4f\u3084\u304b\u306a\u96f0\u56f2\u6c17\u306e\u4e2d\u3067\u3001\u304a\u5ba2\u69d8\u3092\u304a\u8fce\u3048\u3057\u307e\u3059\u3002","robots":{"index":"index","follow":"follow","max-snippet":"max-snippet:-1","max-image-preview":"max-image-preview:large","max-video-preview":"max-video-preview:-1"},"canonical":"https:\/\/www.parishotelminerve.com\/ja\/photo-gallery-hotel-minerve-paris\/","og_locale":"ja_JP","og_type":"article","og_title":"\u2192 \u9b45\u529b\u7684\u3067\u500b\u6027\u7684\u306a\u3001\u30d1\u30ea\uff15\u533a\u306e\u30ab\u30eb\u30c1\u30a8\u30fb\u30e9\u30bf\u30f3\u306e\u4e2d\u5fc3\u90e8","og_description":"\u9b45\u529b\u7684\u3067\u500b\u6027\u7684\u306a\u30013\u3064\u661f\u306e\u30db\u30c6\u30eb \u30df\u30cd\u30eb\u30f4\u306f\u3001\u30ce\u30fc\u30c8\u30eb\u30fb\u30c0\u30e0\u5927\u8056\u5802\u3068\u30bd\u30eb\u30dc\u30f3\u30cc\u5927\u5b66\u306e\u508d\u306e\u7a4f\u3084\u304b\u306a\u96f0\u56f2\u6c17\u306e\u4e2d\u3067\u3001\u304a\u5ba2\u69d8\u3092\u304a\u8fce\u3048\u3057\u307e\u3059\u3002","og_url":"https:\/\/www.parishotelminerve.com\/ja\/photo-gallery-hotel-minerve-paris\/","og_site_name":"H\u00f4tel Minerve Paris","article_modified_time":"2024-01-24T09:06:31+00:00","twitter_card":"summary_large_image","twitter_misc":{"\u63a8\u5b9a\u8aad\u307f\u53d6\u308a\u6642\u9593":"1\u5206"},"schema":{"@context":"https:\/\/schema.org","@graph":[{"@type":"WebPage","@id":"https:\/\/www.parishotelminerve.com\/ja\/photo-gallery-hotel-minerve-paris\/","url":"https:\/\/www.parishotelminerve.com\/ja\/photo-gallery-hotel-minerve-paris\/","name":"\u2192 \u9b45\u529b\u7684\u3067\u500b\u6027\u7684\u306a\u3001\u30d1\u30ea\uff15\u533a\u306e\u30ab\u30eb\u30c1\u30a8\u30fb\u30e9\u30bf\u30f3\u306e\u4e2d\u5fc3\u90e8","isPartOf":{"@id":"https:\/\/www.parishotelminerve.com\/en\/#website"},"datePublished":"2018-12-11T05:21:33+00:00","dateModified":"2024-01-24T09:06:31+00:00","description":"\u9b45\u529b\u7684\u3067\u500b\u6027\u7684\u306a\u30013\u3064\u661f\u306e\u30db\u30c6\u30eb \u30df\u30cd\u30eb\u30f4\u306f\u3001\u30ce\u30fc\u30c8\u30eb\u30fb\u30c0\u30e0\u5927\u8056\u5802\u3068\u30bd\u30eb\u30dc\u30f3\u30cc\u5927\u5b66\u306e\u508d\u306e\u7a4f\u3084\u304b\u306a\u96f0\u56f2\u6c17\u306e\u4e2d\u3067\u3001\u304a\u5ba2\u69d8\u3092\u304a\u8fce\u3048\u3057\u307e\u3059\u3002","breadcrumb":{"@id":"https:\/\/www.parishotelminerve.com\/ja\/photo-gallery-hotel-minerve-paris\/#breadcrumb"},"inLanguage":"ja","potentialAction":[{"@type":"ReadAction","target":["https:\/\/www.parishotelminerve.com\/ja\/photo-gallery-hotel-minerve-paris\/"]}]},{"@type":"BreadcrumbList","@id":"https:\/\/www.parishotelminerve.com\/ja\/photo-gallery-hotel-minerve-paris\/#breadcrumb","itemListElement":[{"@type":"ListItem","position":1,"name":"Accueil","item":"https:\/\/www.parishotelminerve.com\/ja\/"},{"@type":"ListItem","position":2,"name":"Galerie"}]},{"@type":"WebSite","@id":"https:\/\/www.parishotelminerve.com\/en\/#website","url":"https:\/\/www.parishotelminerve.com\/en\/","name":"H\u00f4tel Minerve Paris","description":"H\u00f4tel 3 \u00e9toiles de charme au coeur du quartier latin","potentialAction":[{"@type":"SearchAction","target":{"@type":"EntryPoint","urlTemplate":"https:\/\/www.parishotelminerve.com\/en\/?s={search_term_string}"},"query-input":"required name=search_term_string"}],"inLanguage":"ja"}]}},"_links":{"self":[{"href":"https:\/\/www.parishotelminerve.com\/ja\/wp-json\/wp\/v2\/pages\/495"}],"collection":[{"href":"https:\/\/www.parishotelminerve.com\/ja\/wp-json\/wp\/v2\/pages"}],"about":[{"href":"https:\/\/www.parishotelminerve.com\/ja\/wp-json\/wp\/v2\/types\/page"}],"author":[{"embeddable":true,"href":"https:\/\/www.parishotelminerve.com\/ja\/wp-json\/wp\/v2\/users\/1"}],"replies":[{"embeddable":true,"href":"https:\/\/www.parishotelminerve.com\/ja\/wp-json\/wp\/v2\/comments?post=495"}],"version-history":[{"count":4,"href":"https:\/\/www.parishotelminerve.com\/ja\/wp-json\/wp\/v2\/pages\/495\/revisions"}],"predecessor-version":[{"id":2077,"href":"https:\/\/www.parishotelminerve.com\/ja\/wp-json\/wp\/v2\/pages\/495\/revisions\/2077"}],"wp:attachment":[{"href":"https:\/\/www.parishotelminerve.com\/ja\/wp-json\/wp\/v2\/media?parent=495"}],"curies":[{"name":"wp","href":"https:\/\/api.w.org\/{rel}","templated":true}]}}