{"id":488,"date":"2018-12-10T18:39:26","date_gmt":"2018-12-10T17:39:26","guid":{"rendered":"https:\/\/www.parishotelminerve.com\/chambres-hotel-minerve-paris\/"},"modified":"2024-01-24T10:05:58","modified_gmt":"2024-01-24T09:05:58","slug":"rooms-hotel-minerve-paris","status":"publish","type":"page","link":"https:\/\/www.parishotelminerve.com\/ja\/rooms-hotel-minerve-paris\/","title":{"rendered":"Chambres"},"content":{"rendered":"<p>[vc_row css_animation=&#8221;&#8221; row_type=&#8221;row&#8221; use_row_as_full_screen_section=&#8221;no&#8221; type=&#8221;full_width&#8221; angled_section=&#8221;no&#8221; text_align=&#8221;left&#8221; background_image_as_pattern=&#8221;without_pattern&#8221; css=&#8221;.vc_custom_1544448491317{margin-bottom: 0px !important;padding-bottom: 0px !important;}&#8221; z_index=&#8221;&#8221;][vc_column][rev_slider_vc alias=&#8221;chambres-ja&#8221;][\/vc_column][\/vc_row][vc_row css_animation=&#8221;&#8221; row_type=&#8221;row&#8221; use_row_as_full_screen_section=&#8221;no&#8221; type=&#8221;grid&#8221; angled_section=&#8221;no&#8221; text_align=&#8221;center&#8221; background_image_as_pattern=&#8221;without_pattern&#8221; padding_top=&#8221;50&#8243; z_index=&#8221;&#8221;][vc_column][vc_column_text]<\/p>\n<h1>\u30db\u30c6\u30eb \u30df\u30cd\u30eb\u30f4 \u30d1\u30ea\u306e\u5ba2\u5ba4<\/h1>\n<p>[\/vc_column_text][vc_empty_space height=&#8221;12px&#8221;][vc_separator type=&#8221;small&#8221; position=&#8221;center&#8221; color=&#8221;#95775d&#8221; thickness=&#8221;3&#8243; width=&#8221;150&#8243;][vc_empty_space height=&#8221;10px&#8221;][\/vc_column][\/vc_row][vc_row css_animation=&#8221;&#8221; row_type=&#8221;row&#8221; use_row_as_full_screen_section=&#8221;no&#8221; type=&#8221;grid&#8221; angled_section=&#8221;no&#8221; text_align=&#8221;center&#8221; background_image_as_pattern=&#8221;without_pattern&#8221; padding_top=&#8221;50&#8243; z_index=&#8221;&#8221; css=&#8221;.vc_custom_1544454746609{margin-top: 0px !important;padding-top: 0px !important;}&#8221;][vc_column width=&#8221;2\/3&#8243; offset=&#8221;vc_col-lg-offset-2 vc_col-md-offset-2 vc_col-xs-12&#8243;][vc_column_text]<\/p>\n<div style=\"text-align: justify;\">\n<p>\u5f53\u30db\u30c6\u30eb\u306e\u5ba2\u5ba4\u306f\u3001\u305d\u308c\u305e\u308c\u306b\u500b\u6027\u306e\u3042\u308b\u5185\u88c5\u3092\u65bd\u3057\u3066\u304a\u308a\u307e\u3059\u3002\u5168\u5ba4\u306b\u30b7\u30e3\u30ef\u30fc\u307e\u305f\u306f\u30d0\u30b9\u30bf\u30d6\u3001\u30c8\u30a4\u30ec\u3001\u30d8\u30a2\u30c9\u30e9\u30a4\u30e4\u30fc\u3001\u885b\u661f\u653e\u9001\u30c6\u30ec\u30d3\u3001\u96fb\u8a71\u3092\u5b8c\u5099\u3057\u3001\u3088\u308a\u5e83\u3044\u304a\u90e8\u5c4b\u3082\u3054\u3056\u3044\u307e\u3059\u3002<\/p>\n<p>\u5168\u5ba4\u3068\u5168\u9928\u306b\u7121\u6599\u306eWifi\u30a4\u30f3\u30bf\u30fc\u30cd\u30c3\u30c8\u30a2\u30af\u30bb\u30b9\u3068\u5c02\u7528\u30a8\u30a2\u30b3\u30f3\u3092\u5099\u3048\u3066\u304a\u308a\u307e\u3059\u3002<\/p>\n<p>\u4e2d\u5ead\u306b\u9762\u3057\u305f\u3044\u304f\u3064\u304b\u306e\u304a\u90e8\u5c4b\u3067\u306f\u3001\u30dc\u30b6\u30fc\u30eb\u51fa\u8eab\u306e\u30a2\u30fc\u30c6\u30a3\u30b9\u30c8\u304c\u624b\u639b\u3051\u305f\u3001\u516c\u5712\u306e\u98a8\u666f\u3092\u63cf\u3044\u305f\u5927\u304d\u306a\u30d5\u30ec\u30b9\u30b3\u753b\u3092\u304a\u697d\u3057\u307f\u3044\u305f\u3060\u3051\u307e\u3059\u3002<\/p>\n<p>\u5f53\u30db\u30c6\u30eb\u306b\u306f\u30d0\u30ea\u30a2\u30d5\u30ea\u30fc\u306e\u5ba2\u5ba4\u3082\u3054\u3056\u3044\u307e\u3059\u3002<\/p>\n<p>\u5bbf\u6cca\u7a0e\uff1a5.20 \u30e6\u30fc\u30ed \/ 1\u540d\u69d8 \/ 1\u6cca<\/p>\n<\/div>\n<p>[\/vc_column_text][\/vc_column][\/vc_row][vc_row css_animation=&#8221;&#8221; row_type=&#8221;row&#8221; use_row_as_full_screen_section=&#8221;yes&#8221; type=&#8221;full_width&#8221; angled_section=&#8221;no&#8221; text_align=&#8221;left&#8221; background_image_as_pattern=&#8221;without_pattern&#8221; padding_top=&#8221;50&#8243; z_index=&#8221;&#8221; css=&#8221;.vc_custom_1544451374989{margin-bottom: 30px !important;}&#8221;][vc_column width=&#8221;1\/2&#8243; css=&#8221;.vc_custom_1544500937758{padding-right: 20px !important;padding-left: 20px !important;}&#8221; offset=&#8221;vc_col-lg-3 vc_col-md-3 vc_col-xs-12&#8243;][vc_gallery interval=&#8221;5&#8243; images=&#8221;1594,1601,1608,1587&#8243; img_size=&#8221;full&#8221; onclick=&#8221;img_link_large&#8221; direction_nav=&#8221;no&#8221; control_nav=&#8221;no&#8221; css=&#8221;.vc_custom_1706087109125{margin-bottom: 0px !important;padding-bottom: 0px !important;}&#8221; el_class=&#8221;foobox&#8221;][vc_column_text css=&#8221;.vc_custom_1552918636845{margin-top: 10px !important;padding-top: 0px !important;}&#8221;]<\/p>\n<p style=\"text-align: center;\">\u30b7\u30f3\u30b0\u30eb<\/p>\n<p style=\"text-align: center;\">9 m\u00b2 \u2013 120 x 190\u306e\u30b7\u30f3\u30b0\u30eb\u30d9\u30c3\u30c9\uff11\u53f0 \u2013 1\u540d\u69d8<\/p>\n<p>&nbsp;<\/p>\n<p style=\"text-align: center;\"><a  itemprop=\"url\" href=\"https:\/\/www.secure-hotel-booking.com\/Hotel-Minerve\/2QAV\/ja?hotelId=21912\" target=\"_blank\"  class=\"qbutton  default\" style=\"border-radius: 0px;-moz-border-radius: 0px;-webkit-border-radius: 0px; \">\u3054\u4e88\u7d04<i class=\"qode_icon_font_awesome fa fa-calendar qode_button_icon_element\" style=\"\" ><\/i><\/a><\/p>\n<p>[\/vc_column_text][\/vc_column][vc_column width=&#8221;1\/2&#8243; css=&#8221;.vc_custom_1544500926217{padding-right: 20px !important;padding-left: 20px !important;}&#8221; offset=&#8221;vc_col-lg-3 vc_col-md-3 vc_col-xs-12&#8243;][vc_gallery interval=&#8221;3&#8243; images=&#8221;1622,1615,1629,1636,1643,1650,1657,1664,1671,1678&#8243; img_size=&#8221;full&#8221; onclick=&#8221;img_link_large&#8221; direction_nav=&#8221;no&#8221; el_class=&#8221;foobox&#8221;][vc_column_text css=&#8221;.vc_custom_1552918721618{margin-top: 10px !important;padding-top: 0px !important;}&#8221;]<\/p>\n<p style=\"text-align: center;\">\u30b9\u30fc\u30da\u30ea\u30a2\u30b7\u30f3\u30b0\u30eb<\/p>\n<p style=\"text-align: center;\">12 m\u00b2 \u2013 120 x 200\u306e\u30b7\u30f3\u30b0\u30eb\u30d9\u30c3\u30c9\uff11\u53f0 \u2013 1\u540d\u69d8<\/p>\n<p>&nbsp;<\/p>\n<p style=\"text-align: center;\"><a  itemprop=\"url\" href=\"https:\/\/www.secure-hotel-booking.com\/Hotel-Minerve\/2QAV\/ja?hotelId=21912\" target=\"_blank\"  class=\"qbutton  default\" style=\"border-radius: 0px;-moz-border-radius: 0px;-webkit-border-radius: 0px; \">\u3054\u4e88\u7d04<i class=\"qode_icon_font_awesome fa fa-calendar qode_button_icon_element\" style=\"\" ><\/i><\/a><\/p>\n<p>[\/vc_column_text][\/vc_column][vc_column width=&#8221;1\/2&#8243; css=&#8221;.vc_custom_1544500914432{padding-right: 20px !important;padding-left: 20px !important;}&#8221; offset=&#8221;vc_col-lg-3 vc_col-md-3 vc_col-xs-12&#8243;][vc_gallery interval=&#8221;3&#8243; images=&#8221;1875,1889,1896,1882&#8243; img_size=&#8221;full&#8221; onclick=&#8221;img_link_large&#8221; direction_nav=&#8221;no&#8221; el_class=&#8221;foobox&#8221;][vc_column_text css=&#8221;.vc_custom_1552918742343{margin-top: 10px !important;padding-top: 0px !important;}&#8221;]<\/p>\n<p style=\"text-align: center;\">\u30c4\u30a4\u30f3<\/p>\n<p style=\"text-align: center;\">12m\u00b2 \u2013 80 x 200\u306e\u30b7\u30f3\u30b0\u30eb\u30d9\u30c3\u30c92\u53f0 \u2013 2\u540d\u69d8<\/p>\n<p>&nbsp;<\/p>\n<p style=\"text-align: center;\"><a  itemprop=\"url\" href=\"https:\/\/www.secure-hotel-booking.com\/Hotel-Minerve\/2QAV\/ja?hotelId=21912\" target=\"_blank\"  class=\"qbutton  default\" style=\"border-radius: 0px;-moz-border-radius: 0px;-webkit-border-radius: 0px; \">\u3054\u4e88\u7d04<i class=\"qode_icon_font_awesome fa fa-calendar qode_button_icon_element\" style=\"\" ><\/i><\/a><\/p>\n<p>[\/vc_column_text][\/vc_column][vc_column width=&#8221;1\/2&#8243; offset=&#8221;vc_col-lg-3 vc_col-md-3 vc_col-xs-12&#8243; css=&#8221;.vc_custom_1544501294041{padding-right: 20px !important;padding-left: 20px !important;}&#8221;][vc_gallery interval=&#8221;3&#8243; images=&#8221;1853,1860,1867,1797,1790,1783,1804,1811,1818,1825,1832,1839,1846&#8243; img_size=&#8221;full&#8221; onclick=&#8221;img_link_large&#8221; direction_nav=&#8221;no&#8221; el_class=&#8221;foobox&#8221;][vc_column_text css=&#8221;.vc_custom_1552918767120{margin-top: 10px !important;padding-top: 0px !important;}&#8221;]<\/p>\n<p style=\"text-align: center;\">\u30c4\u30a4\u30f3\u30b9\u30fc\u30da\u30ea\u30a2<\/p>\n<p style=\"text-align: center;\">14m\u00b2 \u2013 90 x 200\u306e\u30b7\u30f3\u30b0\u30eb\u30d9\u30c3\u30c92\u53f0 \u2013 2\u540d\u69d8<\/p>\n<p>&nbsp;<\/p>\n<p style=\"text-align: center;\"><a  itemprop=\"url\" href=\"https:\/\/www.secure-hotel-booking.com\/Hotel-Minerve\/2QAV\/ja?hotelId=21912\" target=\"_blank\"  class=\"qbutton  default\" style=\"border-radius: 0px;-moz-border-radius: 0px;-webkit-border-radius: 0px; \">\u3054\u4e88\u7d04<i class=\"qode_icon_font_awesome fa fa-calendar qode_button_icon_element\" style=\"\" ><\/i><\/a><\/p>\n<p>[\/vc_column_text][\/vc_column][\/vc_row][vc_row css_animation=&#8221;&#8221; row_type=&#8221;row&#8221; use_row_as_full_screen_section=&#8221;yes&#8221; type=&#8221;full_width&#8221; angled_section=&#8221;no&#8221; text_align=&#8221;left&#8221; background_image_as_pattern=&#8221;without_pattern&#8221; padding_top=&#8221;50&#8243; z_index=&#8221;&#8221; css=&#8221;.vc_custom_1544502954643{margin-bottom: 70px !important;}&#8221;][vc_column width=&#8221;1\/2&#8243; css=&#8221;.vc_custom_1544500937758{padding-right: 20px !important;padding-left: 20px !important;}&#8221; offset=&#8221;vc_col-lg-3 vc_col-md-3 vc_col-xs-12&#8243;][vc_gallery interval=&#8221;5&#8243; images=&#8221;1685,1692,1699,1706,1720,1727,1734,1741,1748,1755,1762,1769,1776&#8243; img_size=&#8221;full&#8221; onclick=&#8221;img_link_large&#8221; direction_nav=&#8221;no&#8221; control_nav=&#8221;no&#8221; css=&#8221;.vc_custom_1706087144086{margin-bottom: 0px !important;padding-bottom: 0px !important;}&#8221; el_class=&#8221;foobox&#8221;][vc_column_text css=&#8221;.vc_custom_1552918790274{margin-top: 10px !important;padding-top: 0px !important;}&#8221;]<\/p>\n<p style=\"text-align: center;\">\u30b9\u30fc\u30da\u30ea\u30a2\u30c0\u30d6\u30eb<\/p>\n<p style=\"text-align: center;\">14 m\u00b2 \u2013 150 x 190\u306e\u30c0\u30d6\u30eb\u30d9\u30c3\u30c91\u53f0 \u2013 2\u540d\u69d8<\/p>\n<p>&nbsp;<\/p>\n<p style=\"text-align: center;\"><a  itemprop=\"url\" href=\"https:\/\/www.secure-hotel-booking.com\/Hotel-Minerve\/2QAV\/ja?hotelId=21912\" target=\"_blank\"  class=\"qbutton  default\" style=\"border-radius: 0px;-moz-border-radius: 0px;-webkit-border-radius: 0px; \">\u3054\u4e88\u7d04<i class=\"qode_icon_font_awesome fa fa-calendar qode_button_icon_element\" style=\"\" ><\/i><\/a><\/p>\n<p>[\/vc_column_text][\/vc_column][vc_column width=&#8221;1\/2&#8243; css=&#8221;.vc_custom_1544500926217{padding-right: 20px !important;padding-left: 20px !important;}&#8221; offset=&#8221;vc_col-lg-3 vc_col-md-3 vc_col-xs-12&#8243;][vc_gallery interval=&#8221;3&#8243; images=&#8221;1538,1545,1552,1559,1566,1573,1580&#8243; img_size=&#8221;full&#8221; onclick=&#8221;img_link_large&#8221; direction_nav=&#8221;no&#8221; el_class=&#8221;foobox&#8221;][vc_column_text css=&#8221;.vc_custom_1552918811142{margin-top: 10px !important;padding-top: 0px !important;}&#8221;]<\/p>\n<p style=\"text-align: center;\">\u30b8\u30e5\u30cb\u30a2\u30b9\u30a4\u30fc\u30c8<\/p>\n<p style=\"text-align: center;\">15 m\u00b2 \u2013 150 x 200\u306e\u30c0\u30d6\u30eb\u30d9\u30c3\u30c91\u53f0 \u2013 2\u540d\u69d8<\/p>\n<p>&nbsp;<\/p>\n<p style=\"text-align: center;\"><a  itemprop=\"url\" href=\"https:\/\/www.secure-hotel-booking.com\/Hotel-Minerve\/2QAV\/ja?hotelId=21912\" target=\"_blank\"  class=\"qbutton  default\" style=\"border-radius: 0px;-moz-border-radius: 0px;-webkit-border-radius: 0px; \">\u3054\u4e88\u7d04<i class=\"qode_icon_font_awesome fa fa-calendar qode_button_icon_element\" style=\"\" ><\/i><\/a><\/p>\n<p>[\/vc_column_text][\/vc_column][vc_column width=&#8221;1\/2&#8243; css=&#8221;.vc_custom_1544500914432{padding-right: 20px !important;padding-left: 20px !important;}&#8221; offset=&#8221;vc_col-lg-3 vc_col-md-3 vc_col-xs-12&#8243;][vc_gallery interval=&#8221;3&#8243; images=&#8221;1468,1461,1475,1447,1440,1482,1489,1496,1503,1510,1517,1524&#8243; img_size=&#8221;full&#8221; onclick=&#8221;img_link_large&#8221; direction_nav=&#8221;no&#8221; el_class=&#8221;foobox&#8221;][vc_column_text css=&#8221;.vc_custom_1552918833455{margin-top: 10px !important;padding-top: 0px !important;}&#8221;]<\/p>\n<p style=\"text-align: center;\">\u30c7\u30b6\u30a4\u30f3 \u30a8\u30b0\u30bc\u30af\u30c6\u30a3\u30d6\u30eb\u30fc\u30e0<\/p>\n<p style=\"text-align: center;\">15m\u00b2 \u2013 150 x 200\u306e\u30c0\u30d6\u30eb\u30d9\u30c3\u30c91\u53f0 \u2013 2\u540d\u69d8<\/p>\n<p>&nbsp;<\/p>\n<p style=\"text-align: center;\"><a  itemprop=\"url\" href=\"https:\/\/www.secure-hotel-booking.com\/Hotel-Minerve\/2QAV\/ja?hotelId=21912\" target=\"_blank\"  class=\"qbutton  default\" style=\"border-radius: 0px;-moz-border-radius: 0px;-webkit-border-radius: 0px; \">\u3054\u4e88\u7d04<i class=\"qode_icon_font_awesome fa fa-calendar qode_button_icon_element\" style=\"\" ><\/i><\/a><\/p>\n<p>[\/vc_column_text][\/vc_column][vc_column width=&#8221;1\/2&#8243; offset=&#8221;vc_col-lg-3 vc_col-md-3 vc_col-xs-12&#8243; css=&#8221;.vc_custom_1544501294041{padding-right: 20px !important;padding-left: 20px !important;}&#8221;][\/vc_column][\/vc_row]<\/p>\n","protected":false},"excerpt":{"rendered":"<p>[vc_row css_animation=&#8221;&#8221; row_type&#8230;<\/p>\n","protected":false},"author":1,"featured_media":0,"parent":0,"menu_order":0,"comment_status":"closed","ping_status":"closed","template":"full_width.php","meta":{"footnotes":""},"yoast_head":"<!-- This site is optimized with the Yoast SEO plugin v21.8.1 - https:\/\/yoast.com\/wordpress\/plugins\/seo\/ -->\n<title>\u2192 \u30db\u30c6\u30eb \u30df\u30cd\u30eb\u30f4 \u30d1\u30ea\u306e\u5ba2\u5ba4<\/title>\n<meta name=\"description\" content=\"\u5f53\u30db\u30c6\u30eb\u306e\u5ba2\u5ba4\u306f\u3001\u305d\u308c\u305e\u308c\u306b\u500b\u6027\u306e\u3042\u308b\u5185\u88c5\u3092\u65bd\u3057\u3066\u304a\u308a\u307e\u3059\u3002\u5168\u5ba4\u306b\u30b7\u30e3\u30ef\u30fc\u307e\u305f\u306f\u30d0\u30b9\u30bf\u30d6\u3001\u30c8\u30a4\u30ec\u3001\u30d8\u30a2\u30c9\u30e9\u30a4\u30e4\u30fc\u3001\u885b\u661f\u653e\u9001\u30c6\u30ec\u30d3\u3001\u96fb\u8a71\u3092\u5b8c\u5099\u3057\u3001\u3088\u308a\u5e83\u3044\u304a\u90e8\u5c4b\u3082\u3054\u3056\u3044\u307e\u3059\u3002\" \/>\n<meta name=\"robots\" content=\"index, follow, max-snippet:-1, max-image-preview:large, max-video-preview:-1\" \/>\n<link rel=\"canonical\" href=\"https:\/\/www.parishotelminerve.com\/ja\/rooms-hotel-minerve-paris\/\" \/>\n<meta property=\"og:locale\" content=\"ja_JP\" \/>\n<meta property=\"og:type\" content=\"article\" \/>\n<meta property=\"og:title\" content=\"\u2192 \u30db\u30c6\u30eb \u30df\u30cd\u30eb\u30f4 \u30d1\u30ea\u306e\u5ba2\u5ba4\" \/>\n<meta property=\"og:description\" content=\"\u5f53\u30db\u30c6\u30eb\u306e\u5ba2\u5ba4\u306f\u3001\u305d\u308c\u305e\u308c\u306b\u500b\u6027\u306e\u3042\u308b\u5185\u88c5\u3092\u65bd\u3057\u3066\u304a\u308a\u307e\u3059\u3002\u5168\u5ba4\u306b\u30b7\u30e3\u30ef\u30fc\u307e\u305f\u306f\u30d0\u30b9\u30bf\u30d6\u3001\u30c8\u30a4\u30ec\u3001\u30d8\u30a2\u30c9\u30e9\u30a4\u30e4\u30fc\u3001\u885b\u661f\u653e\u9001\u30c6\u30ec\u30d3\u3001\u96fb\u8a71\u3092\u5b8c\u5099\u3057\u3001\u3088\u308a\u5e83\u3044\u304a\u90e8\u5c4b\u3082\u3054\u3056\u3044\u307e\u3059\u3002\" \/>\n<meta property=\"og:url\" content=\"https:\/\/www.parishotelminerve.com\/ja\/rooms-hotel-minerve-paris\/\" \/>\n<meta property=\"og:site_name\" content=\"H\u00f4tel Minerve Paris\" \/>\n<meta property=\"article:modified_time\" content=\"2024-01-24T09:05:58+00:00\" \/>\n<meta name=\"twitter:card\" content=\"summary_large_image\" \/>\n<meta name=\"twitter:label1\" content=\"\u63a8\u5b9a\u8aad\u307f\u53d6\u308a\u6642\u9593\" \/>\n\t<meta name=\"twitter:data1\" content=\"3\u5206\" \/>\n<script type=\"application\/ld+json\" class=\"yoast-schema-graph\">{\"@context\":\"https:\/\/schema.org\",\"@graph\":[{\"@type\":\"WebPage\",\"@id\":\"https:\/\/www.parishotelminerve.com\/ja\/rooms-hotel-minerve-paris\/\",\"url\":\"https:\/\/www.parishotelminerve.com\/ja\/rooms-hotel-minerve-paris\/\",\"name\":\"\u2192 \u30db\u30c6\u30eb \u30df\u30cd\u30eb\u30f4 \u30d1\u30ea\u306e\u5ba2\u5ba4\",\"isPartOf\":{\"@id\":\"https:\/\/www.parishotelminerve.com\/en\/#website\"},\"datePublished\":\"2018-12-10T17:39:26+00:00\",\"dateModified\":\"2024-01-24T09:05:58+00:00\",\"description\":\"\u5f53\u30db\u30c6\u30eb\u306e\u5ba2\u5ba4\u306f\u3001\u305d\u308c\u305e\u308c\u306b\u500b\u6027\u306e\u3042\u308b\u5185\u88c5\u3092\u65bd\u3057\u3066\u304a\u308a\u307e\u3059\u3002\u5168\u5ba4\u306b\u30b7\u30e3\u30ef\u30fc\u307e\u305f\u306f\u30d0\u30b9\u30bf\u30d6\u3001\u30c8\u30a4\u30ec\u3001\u30d8\u30a2\u30c9\u30e9\u30a4\u30e4\u30fc\u3001\u885b\u661f\u653e\u9001\u30c6\u30ec\u30d3\u3001\u96fb\u8a71\u3092\u5b8c\u5099\u3057\u3001\u3088\u308a\u5e83\u3044\u304a\u90e8\u5c4b\u3082\u3054\u3056\u3044\u307e\u3059\u3002\",\"breadcrumb\":{\"@id\":\"https:\/\/www.parishotelminerve.com\/ja\/rooms-hotel-minerve-paris\/#breadcrumb\"},\"inLanguage\":\"ja\",\"potentialAction\":[{\"@type\":\"ReadAction\",\"target\":[\"https:\/\/www.parishotelminerve.com\/ja\/rooms-hotel-minerve-paris\/\"]}]},{\"@type\":\"BreadcrumbList\",\"@id\":\"https:\/\/www.parishotelminerve.com\/ja\/rooms-hotel-minerve-paris\/#breadcrumb\",\"itemListElement\":[{\"@type\":\"ListItem\",\"position\":1,\"name\":\"Accueil\",\"item\":\"https:\/\/www.parishotelminerve.com\/ja\/\"},{\"@type\":\"ListItem\",\"position\":2,\"name\":\"Chambres\"}]},{\"@type\":\"WebSite\",\"@id\":\"https:\/\/www.parishotelminerve.com\/en\/#website\",\"url\":\"https:\/\/www.parishotelminerve.com\/en\/\",\"name\":\"H\u00f4tel Minerve Paris\",\"description\":\"H\u00f4tel 3 \u00e9toiles de charme au coeur du quartier latin\",\"potentialAction\":[{\"@type\":\"SearchAction\",\"target\":{\"@type\":\"EntryPoint\",\"urlTemplate\":\"https:\/\/www.parishotelminerve.com\/en\/?s={search_term_string}\"},\"query-input\":\"required name=search_term_string\"}],\"inLanguage\":\"ja\"}]}<\/script>\n<!-- \/ Yoast SEO plugin. -->","yoast_head_json":{"title":"\u2192 \u30db\u30c6\u30eb \u30df\u30cd\u30eb\u30f4 \u30d1\u30ea\u306e\u5ba2\u5ba4","description":"\u5f53\u30db\u30c6\u30eb\u306e\u5ba2\u5ba4\u306f\u3001\u305d\u308c\u305e\u308c\u306b\u500b\u6027\u306e\u3042\u308b\u5185\u88c5\u3092\u65bd\u3057\u3066\u304a\u308a\u307e\u3059\u3002\u5168\u5ba4\u306b\u30b7\u30e3\u30ef\u30fc\u307e\u305f\u306f\u30d0\u30b9\u30bf\u30d6\u3001\u30c8\u30a4\u30ec\u3001\u30d8\u30a2\u30c9\u30e9\u30a4\u30e4\u30fc\u3001\u885b\u661f\u653e\u9001\u30c6\u30ec\u30d3\u3001\u96fb\u8a71\u3092\u5b8c\u5099\u3057\u3001\u3088\u308a\u5e83\u3044\u304a\u90e8\u5c4b\u3082\u3054\u3056\u3044\u307e\u3059\u3002","robots":{"index":"index","follow":"follow","max-snippet":"max-snippet:-1","max-image-preview":"max-image-preview:large","max-video-preview":"max-video-preview:-1"},"canonical":"https:\/\/www.parishotelminerve.com\/ja\/rooms-hotel-minerve-paris\/","og_locale":"ja_JP","og_type":"article","og_title":"\u2192 \u30db\u30c6\u30eb \u30df\u30cd\u30eb\u30f4 \u30d1\u30ea\u306e\u5ba2\u5ba4","og_description":"\u5f53\u30db\u30c6\u30eb\u306e\u5ba2\u5ba4\u306f\u3001\u305d\u308c\u305e\u308c\u306b\u500b\u6027\u306e\u3042\u308b\u5185\u88c5\u3092\u65bd\u3057\u3066\u304a\u308a\u307e\u3059\u3002\u5168\u5ba4\u306b\u30b7\u30e3\u30ef\u30fc\u307e\u305f\u306f\u30d0\u30b9\u30bf\u30d6\u3001\u30c8\u30a4\u30ec\u3001\u30d8\u30a2\u30c9\u30e9\u30a4\u30e4\u30fc\u3001\u885b\u661f\u653e\u9001\u30c6\u30ec\u30d3\u3001\u96fb\u8a71\u3092\u5b8c\u5099\u3057\u3001\u3088\u308a\u5e83\u3044\u304a\u90e8\u5c4b\u3082\u3054\u3056\u3044\u307e\u3059\u3002","og_url":"https:\/\/www.parishotelminerve.com\/ja\/rooms-hotel-minerve-paris\/","og_site_name":"H\u00f4tel Minerve Paris","article_modified_time":"2024-01-24T09:05:58+00:00","twitter_card":"summary_large_image","twitter_misc":{"\u63a8\u5b9a\u8aad\u307f\u53d6\u308a\u6642\u9593":"3\u5206"},"schema":{"@context":"https:\/\/schema.org","@graph":[{"@type":"WebPage","@id":"https:\/\/www.parishotelminerve.com\/ja\/rooms-hotel-minerve-paris\/","url":"https:\/\/www.parishotelminerve.com\/ja\/rooms-hotel-minerve-paris\/","name":"\u2192 \u30db\u30c6\u30eb \u30df\u30cd\u30eb\u30f4 \u30d1\u30ea\u306e\u5ba2\u5ba4","isPartOf":{"@id":"https:\/\/www.parishotelminerve.com\/en\/#website"},"datePublished":"2018-12-10T17:39:26+00:00","dateModified":"2024-01-24T09:05:58+00:00","description":"\u5f53\u30db\u30c6\u30eb\u306e\u5ba2\u5ba4\u306f\u3001\u305d\u308c\u305e\u308c\u306b\u500b\u6027\u306e\u3042\u308b\u5185\u88c5\u3092\u65bd\u3057\u3066\u304a\u308a\u307e\u3059\u3002\u5168\u5ba4\u306b\u30b7\u30e3\u30ef\u30fc\u307e\u305f\u306f\u30d0\u30b9\u30bf\u30d6\u3001\u30c8\u30a4\u30ec\u3001\u30d8\u30a2\u30c9\u30e9\u30a4\u30e4\u30fc\u3001\u885b\u661f\u653e\u9001\u30c6\u30ec\u30d3\u3001\u96fb\u8a71\u3092\u5b8c\u5099\u3057\u3001\u3088\u308a\u5e83\u3044\u304a\u90e8\u5c4b\u3082\u3054\u3056\u3044\u307e\u3059\u3002","breadcrumb":{"@id":"https:\/\/www.parishotelminerve.com\/ja\/rooms-hotel-minerve-paris\/#breadcrumb"},"inLanguage":"ja","potentialAction":[{"@type":"ReadAction","target":["https:\/\/www.parishotelminerve.com\/ja\/rooms-hotel-minerve-paris\/"]}]},{"@type":"BreadcrumbList","@id":"https:\/\/www.parishotelminerve.com\/ja\/rooms-hotel-minerve-paris\/#breadcrumb","itemListElement":[{"@type":"ListItem","position":1,"name":"Accueil","item":"https:\/\/www.parishotelminerve.com\/ja\/"},{"@type":"ListItem","position":2,"name":"Chambres"}]},{"@type":"WebSite","@id":"https:\/\/www.parishotelminerve.com\/en\/#website","url":"https:\/\/www.parishotelminerve.com\/en\/","name":"H\u00f4tel Minerve Paris","description":"H\u00f4tel 3 \u00e9toiles de charme au coeur du quartier latin","potentialAction":[{"@type":"SearchAction","target":{"@type":"EntryPoint","urlTemplate":"https:\/\/www.parishotelminerve.com\/en\/?s={search_term_string}"},"query-input":"required name=search_term_string"}],"inLanguage":"ja"}]}},"_links":{"self":[{"href":"https:\/\/www.parishotelminerve.com\/ja\/wp-json\/wp\/v2\/pages\/488"}],"collection":[{"href":"https:\/\/www.parishotelminerve.com\/ja\/wp-json\/wp\/v2\/pages"}],"about":[{"href":"https:\/\/www.parishotelminerve.com\/ja\/wp-json\/wp\/v2\/types\/page"}],"author":[{"embeddable":true,"href":"https:\/\/www.parishotelminerve.com\/ja\/wp-json\/wp\/v2\/users\/1"}],"replies":[{"embeddable":true,"href":"https:\/\/www.parishotelminerve.com\/ja\/wp-json\/wp\/v2\/comments?post=488"}],"version-history":[{"count":7,"href":"https:\/\/www.parishotelminerve.com\/ja\/wp-json\/wp\/v2\/pages\/488\/revisions"}],"predecessor-version":[{"id":2076,"href":"https:\/\/www.parishotelminerve.com\/ja\/wp-json\/wp\/v2\/pages\/488\/revisions\/2076"}],"wp:attachment":[{"href":"https:\/\/www.parishotelminerve.com\/ja\/wp-json\/wp\/v2\/media?parent=488"}],"curies":[{"name":"wp","href":"https:\/\/api.w.org\/{rel}","templated":true}]}}