{"id":533,"date":"2018-12-11T06:00:17","date_gmt":"2018-12-11T05:00:17","guid":{"rendered":"https:\/\/www.parishotelminerve.com\/plan-paris-minerve-hotel\/"},"modified":"2019-03-18T17:43:52","modified_gmt":"2019-03-18T16:43:52","slug":"plan-paris-minerve-hotel","status":"publish","type":"page","link":"https:\/\/www.parishotelminerve.com\/it\/plan-paris-minerve-hotel\/","title":{"rendered":"Situation"},"content":{"rendered":"<p>[vc_row css_animation=&#8221;&#8221; row_type=&#8221;row&#8221; use_row_as_full_screen_section=&#8221;no&#8221; type=&#8221;full_width&#8221; angled_section=&#8221;no&#8221; text_align=&#8221;left&#8221; background_image_as_pattern=&#8221;without_pattern&#8221; css=&#8221;.vc_custom_1544448491317{margin-bottom: 0px !important;padding-bottom: 0px !important;}&#8221; z_index=&#8221;&#8221;][vc_column][vc_raw_html]JTNDaWZyYW1lJTIwc3JjJTNEJTIyaHR0cHMlM0ElMkYlMkZ3d3cuZ29vZ2xlLmNvbSUyRm1hcHMlMkZlbWJlZCUzRnBiJTNEJTIxMW0xOCUyMTFtMTIlMjExbTMlMjExZDUyNTAuNjYzMTI1MDk1NzklMjEyZDIuMzQ5NTM4MzgyNDY2NjY3JTIxM2Q0OC44NTE4ODc1NDM3MDYwNyUyMTJtMyUyMTFmMCUyMTJmMCUyMTNmMCUyMTNtMiUyMTFpMTAyNCUyMTJpNzY4JTIxNGYxMy4xJTIxM20zJTIxMW0yJTIxMXMweDQ3ZTY3MWU1YmI0MTE2MTklMjUzQTB4OTViOWJiOTcxZWFlMTQ3MyUyMTJzMTMlMkJSdWUlMkJkZXMlMkIlMjVDMyUyNTg5Y29sZXMlMjUyQyUyQjc1MDA1JTJCUGFyaXMlMjE1ZTAlMjEzbTIlMjExc2ZyJTIxMnNmciUyMTR2MTQxMjc1MTgzNjA5OSUyMiUyMHdpZHRoJTNEJTIyMTAwJTI1JTIyJTIwaGVpZ2h0JTNEJTIyNTUwJTIyJTIwZnJhbWVib3JkZXIlM0QlMjIwJTIyJTIwc3R5bGUlM0QlMjJib3JkZXIlM0EwJTIyJTNFJTNDJTJGaWZyYW1lJTNFJTBB[\/vc_raw_html][\/vc_column][\/vc_row][vc_row css_animation=&#8221;&#8221; row_type=&#8221;row&#8221; use_row_as_full_screen_section=&#8221;no&#8221; type=&#8221;grid&#8221; angled_section=&#8221;no&#8221; text_align=&#8221;center&#8221; background_image_as_pattern=&#8221;without_pattern&#8221; padding_top=&#8221;50&#8243; z_index=&#8221;&#8221;][vc_column][vc_column_text]<\/p>\n<h1>NEL CUORE DEL QUARTIERE LATINO NEL V ARRONDISSEMENT DI PARIGI<\/h1>\n<p>[\/vc_column_text][vc_empty_space height=&#8221;12px&#8221;][vc_separator type=&#8221;small&#8221; position=&#8221;center&#8221; color=&#8221;#95775d&#8221; thickness=&#8221;3&#8243; width=&#8221;150&#8243;][vc_empty_space height=&#8221;10px&#8221;][\/vc_column][\/vc_row][vc_row css_animation=&#8221;&#8221; row_type=&#8221;row&#8221; use_row_as_full_screen_section=&#8221;no&#8221; type=&#8221;grid&#8221; angled_section=&#8221;no&#8221; text_align=&#8221;center&#8221; background_image_as_pattern=&#8221;without_pattern&#8221; padding_top=&#8221;50&#8243; z_index=&#8221;&#8221; css=&#8221;.vc_custom_1544454746609{margin-top: 0px !important;padding-top: 0px !important;}&#8221;][vc_column width=&#8221;2\/3&#8243; offset=&#8221;vc_col-lg-offset-2 vc_col-md-offset-2 vc_col-xs-12&#8243;][vc_column_text]<\/p>\n<div style=\"text-align: justify;\">\n<p>Parcheggio privato a pagamento e custodito nei pressi dell&#8217;hotel (50 m).<\/p>\n<p><u>Autobus:<\/u><br \/>\n-&gt;\u00a0<a class=\"qode-prettyphoto\" href=\"https:\/\/www.parishotelminerve.com\/img\/bus_63.jpg\" rel=\"prettyPhoto[rel-bus63]\" data-rel=\"prettyPhoto[rel-bus63]\">63<\/a>\u00a0: diretto Mus\u00e9e d\u2019Orsay \u2013 Invalides \u2013 Tour Eiffel \u2013 Gare de Lyon<br \/>\n-&gt;\u00a0<a class=\"qode-prettyphoto\" href=\"https:\/\/www.parishotelminerve.com\/img\/bus_67.jpg\" rel=\"prettyPhoto[rel-bus67]\" data-rel=\"prettyPhoto[rel-bus67]\">67<\/a>\u00a0: diretto Louvre \u2013 Montmartre<br \/>\n-&gt;\u00a0<a class=\"qode-prettyphoto\" href=\"https:\/\/www.parishotelminerve.com\/img\/bus_89.jpg\" rel=\"prettyPhoto[rel-bus89]\" data-rel=\"prettyPhoto[rel-bus89]\">89<\/a>\u00a0: diretto Gare d\u2019Austerlitz e Montparnasse<\/p>\n<p><u>Metropolitana:<\/u><br \/>\n-&gt;<a class=\"qode-prettyphoto\" href=\"https:\/\/www.parishotelminerve.com\/img\/ligne_10.jpg\" rel=\"prettyPhoto[rel-m10]\" data-rel=\"prettyPhoto[rel-m10]\">linea 10<\/a>\u00a0: Austerlitz \u2013 Boulogne Roland Garros<br \/>\n-&gt;<a class=\"qode-prettyphoto\" href=\"https:\/\/www.parishotelminerve.com\/img\/ligne_7.jpg\" rel=\"prettyPhoto[rel-m7]\" data-rel=\"prettyPhoto[rel-m7]\">linea 7<\/a>\u00a0: Jussieu: Pont Neuf, Il Louvre, Gare de l\u2019Est, Muse\u00e9 des Sciences et des Techniques, Op\u00e9ra<\/p>\n<p><u>RER :\u00a0<\/u><br \/>\nSt Michel: diretto Gare du Nord, Eurostar e Thalys, Parc des Expositions de Villepinte, Roissy CDG<\/p>\n<\/div>\n<p>[\/vc_column_text][\/vc_column][\/vc_row][vc_row css_animation=&#8221;&#8221; row_type=&#8221;row&#8221; use_row_as_full_screen_section=&#8221;yes&#8221; type=&#8221;full_width&#8221; angled_section=&#8221;no&#8221; text_align=&#8221;left&#8221; background_image_as_pattern=&#8221;without_pattern&#8221; padding_top=&#8221;50&#8243; z_index=&#8221;&#8221; css=&#8221;.vc_custom_1544451374989{margin-bottom: 30px !important;}&#8221;][vc_column][vc_single_image image=&#8221;340&#8243; img_size=&#8221;full&#8221; alignment=&#8221;center&#8221; qode_css_animation=&#8221;&#8221;][\/vc_column][\/vc_row][vc_row css_animation=&#8221;&#8221; row_type=&#8221;row&#8221; use_row_as_full_screen_section=&#8221;no&#8221; type=&#8221;grid&#8221; angled_section=&#8221;no&#8221; text_align=&#8221;center&#8221; background_image_as_pattern=&#8221;without_pattern&#8221; padding_top=&#8221;50&#8243; z_index=&#8221;&#8221;][vc_column][vc_column_text]<\/p>\n<h2>Cattedrale di Notre-Dame de Paris<\/h2>\n<p>[\/vc_column_text][vc_empty_space height=&#8221;12px&#8221;][vc_separator type=&#8221;small&#8221; position=&#8221;center&#8221; color=&#8221;#95775d&#8221; thickness=&#8221;3&#8243; width=&#8221;150&#8243;][vc_empty_space height=&#8221;10px&#8221;][\/vc_column][\/vc_row][vc_row css_animation=&#8221;&#8221; row_type=&#8221;row&#8221; use_row_as_full_screen_section=&#8221;no&#8221; type=&#8221;grid&#8221; angled_section=&#8221;no&#8221; text_align=&#8221;center&#8221; background_image_as_pattern=&#8221;without_pattern&#8221; padding_top=&#8221;50&#8243; z_index=&#8221;&#8221; css=&#8221;.vc_custom_1544504972905{margin-top: 0px !important;padding-top: 0px !important;padding-bottom: 70px !important;}&#8221;][vc_column width=&#8221;2\/3&#8243; offset=&#8221;vc_col-lg-offset-2 vc_col-md-offset-2 vc_col-xs-12&#8243;][vc_column_text]<\/p>\n<div style=\"text-align: justify;\">\n<h3><\/h3>\n<p><strong>-&gt; In metropolitana:<\/strong> Cluny la Sorbonne, Cardinal Lemoine e Maubert<\/p>\n<p><strong>-&gt; A piedi :<\/strong> prendere rue de Poissy di fronte all&#8217;hotel fino a raggiungere il quai de la Tournelle, dove si trova Notre Dame. L&#8217;hotel si trova a meno di 10 minuti a piedi.<\/p>\n<p>&nbsp;<\/p>\n<p>Notre Dame de Paris o Notre-Dame \u00e8 la cattedrale dell&#8217;arcidiocesi cattolica di Parigi.<\/p>\n<p>&nbsp;<\/p>\n<p>Si trova nella met\u00e0 orientale dell&#8217;Ile de la Cit\u00e9, nel quarto arrondissement di Parigi. La facciata occidentale domina il piazzale Notre-Dame &#8211; Place Jean-Paul-ll.<\/p>\n<p>&nbsp;<\/p>\n<p>L&#8217;edificio \u00e8 stato costruito nel corso di molti decenni (due secoli), quindi lo stile non \u00e8 del tutto uniforme: ha caratteristiche del gotico primitivo (volte separate dalla navata) e del tardo gotico. I due rosoni che ornano ogni braccio del transetto sono tra i pi\u00f9 grandi d&#8217;Europa, ognuno dei quali misura 13 metri di diametro. Al suo completamento, era una delle pi\u00f9 grandi cattedrali dell&#8217;Occidente.<\/p>\n<p>&nbsp;<\/p>\n<p>Luogo di culto spirituale e di pellegrinaggio, monumento storico del patrimonio parigino, nazionale e internazionale, la Cattedrale di Notre Dame de Paris attira un numero notevole di fedeli, pellegrini e visitatori (quasi 14 milioni all&#8217;anno).<\/p>\n<\/div>\n<p>[\/vc_column_text][\/vc_column][\/vc_row]<\/p>\n","protected":false},"excerpt":{"rendered":"<p>[vc_row css_animation=&#8221;&#8221; row_type=&#8221;row&#8221; use_row_as_full_screen_section=&#8221;no&#8221; type=&#8221;full_width&#8221; angled_section=&#8221;no&#8221; text_align=&#8221;left&#8221; background_image_as_pattern=&#8221;without_pattern&#8221; css=&#8221;.vc_custom_1544448491317{margin-bottom: 0px !important;padding-bottom: 0px !important;}&#8221; z_index=&#8221;&#8221;][vc_column][vc_raw_html]JTNDaWZyYW1lJTIwc3JjJTNEJTIyaHR0cHMlM0ElMkYlMkZ3d3cuZ29vZ2xlLmNvbSUyRm1hcHMlMkZlbWJlZCUzRnBiJTNEJTIxMW0xOCUyMTFtMTIlMjExbTMlMjExZDUyNTAuNjYzMTI1MDk1NzklMjEyZDIuMzQ5NTM4MzgyNDY2NjY3JTIxM2Q0OC44NTE4ODc1NDM3MDYwNyUyMTJtMyUyMTFmMCUyMTJmMCUyMTNmMCUyMTNtMiUyMTFpMTAyNCUyMTJpNzY4JTIxNGYxMy4xJTIxM20zJTIxMW0yJTIxMXMweDQ3ZTY3MWU1YmI0MTE2MTklMjUzQTB4OTViOWJiOTcxZWFlMTQ3MyUyMTJzMTMlMkJSdWUlMkJkZXMlMkIlMjVDMyUyNTg5Y29sZXMlMjUyQyUyQjc1MDA1JTJCUGFyaXMlMjE1ZTAlMjEzbTIlMjExc2ZyJTIxMnNmciUyMTR2MTQxMjc1MTgzNjA5OSUyMiUyMHdpZHRoJTNEJTIyMTAwJTI1JTIyJTIwaGVpZ2h0JTNEJTIyNTUwJTIyJTIwZnJhbWVib3JkZXIlM0QlMjIwJTIyJTIwc3R5bGUlM0QlMjJib3JkZXIlM0EwJTIyJTNFJTNDJTJGaWZyYW1lJTNFJTBB[\/vc_raw_html][\/vc_column][\/vc_row][vc_row css_animation=&#8221;&#8221; row_type=&#8221;row&#8221; use_row_as_full_screen_section=&#8221;no&#8221; type=&#8221;grid&#8221; angled_section=&#8221;no&#8221; text_align=&#8221;center&#8221; background_image_as_pattern=&#8221;without_pattern&#8221; padding_top=&#8221;50&#8243; z_index=&#8221;&#8221;][vc_column][vc_column_text] NEL CUORE DEL QUARTIERE LATINO NEL V ARRONDISSEMENT DI PARIGI [\/vc_column_text][vc_empty_space height=&#8221;12px&#8221;][vc_separator type=&#8221;small&#8221; position=&#8221;center&#8221; color=&#8221;#95775d&#8221; thickness=&#8221;3&#8243; width=&#8221;150&#8243;][vc_empty_space height=&#8221;10px&#8221;][\/vc_column][\/vc_row][vc_row css_animation=&#8221;&#8221; row_type=&#8221;row&#8221; use_row_as_full_screen_section=&#8221;no&#8221; type=&#8221;grid&#8221;&#8230;<\/p>\n","protected":false},"author":1,"featured_media":0,"parent":0,"menu_order":0,"comment_status":"closed","ping_status":"closed","template":"full_width.php","meta":{"footnotes":""},"yoast_head":"<!-- This site is optimized with the Yoast SEO plugin v21.8.1 - https:\/\/yoast.com\/wordpress\/plugins\/seo\/ -->\n<title>\u2192 Posizione dell&#039;hotel MINERVE nel cuore del quartiere latino di parigi<\/title>\n<meta name=\"description\" content=\"L&#039;Hotel Minerve, 3 stelle, hotel di charme e caract\u00e8re, vi d\u00e0 il benvenuto in un ambiente accogliente, vicino a Notre Dame e alla Sorbona.\" \/>\n<meta name=\"robots\" content=\"index, follow, max-snippet:-1, max-image-preview:large, max-video-preview:-1\" \/>\n<link rel=\"canonical\" href=\"https:\/\/www.parishotelminerve.com\/it\/plan-paris-minerve-hotel\/\" \/>\n<meta property=\"og:locale\" content=\"it_IT\" \/>\n<meta property=\"og:type\" content=\"article\" \/>\n<meta property=\"og:title\" content=\"\u2192 Posizione dell&#039;hotel MINERVE nel cuore del quartiere latino di parigi\" \/>\n<meta property=\"og:description\" content=\"L&#039;Hotel Minerve, 3 stelle, hotel di charme e caract\u00e8re, vi d\u00e0 il benvenuto in un ambiente accogliente, vicino a Notre Dame e alla Sorbona.\" \/>\n<meta property=\"og:url\" content=\"https:\/\/www.parishotelminerve.com\/it\/plan-paris-minerve-hotel\/\" \/>\n<meta property=\"og:site_name\" content=\"H\u00f4tel Minerve Paris\" \/>\n<meta property=\"article:modified_time\" content=\"2019-03-18T16:43:52+00:00\" \/>\n<meta name=\"twitter:card\" content=\"summary_large_image\" \/>\n<meta name=\"twitter:label1\" content=\"Tempo di lettura stimato\" \/>\n\t<meta name=\"twitter:data1\" content=\"3 minuti\" \/>\n<script type=\"application\/ld+json\" class=\"yoast-schema-graph\">{\"@context\":\"https:\/\/schema.org\",\"@graph\":[{\"@type\":\"WebPage\",\"@id\":\"https:\/\/www.parishotelminerve.com\/it\/plan-paris-minerve-hotel\/\",\"url\":\"https:\/\/www.parishotelminerve.com\/it\/plan-paris-minerve-hotel\/\",\"name\":\"\u2192 Posizione dell'hotel MINERVE nel cuore del quartiere latino di parigi\",\"isPartOf\":{\"@id\":\"https:\/\/www.parishotelminerve.com\/en\/#website\"},\"datePublished\":\"2018-12-11T05:00:17+00:00\",\"dateModified\":\"2019-03-18T16:43:52+00:00\",\"description\":\"L'Hotel Minerve, 3 stelle, hotel di charme e caract\u00e8re, vi d\u00e0 il benvenuto in un ambiente accogliente, vicino a Notre Dame e alla Sorbona.\",\"breadcrumb\":{\"@id\":\"https:\/\/www.parishotelminerve.com\/it\/plan-paris-minerve-hotel\/#breadcrumb\"},\"inLanguage\":\"it-IT\",\"potentialAction\":[{\"@type\":\"ReadAction\",\"target\":[\"https:\/\/www.parishotelminerve.com\/it\/plan-paris-minerve-hotel\/\"]}]},{\"@type\":\"BreadcrumbList\",\"@id\":\"https:\/\/www.parishotelminerve.com\/it\/plan-paris-minerve-hotel\/#breadcrumb\",\"itemListElement\":[{\"@type\":\"ListItem\",\"position\":1,\"name\":\"Accueil\",\"item\":\"https:\/\/www.parishotelminerve.com\/it\/\"},{\"@type\":\"ListItem\",\"position\":2,\"name\":\"Situation\"}]},{\"@type\":\"WebSite\",\"@id\":\"https:\/\/www.parishotelminerve.com\/en\/#website\",\"url\":\"https:\/\/www.parishotelminerve.com\/en\/\",\"name\":\"H\u00f4tel Minerve Paris\",\"description\":\"H\u00f4tel 3 \u00e9toiles de charme au coeur du quartier latin\",\"potentialAction\":[{\"@type\":\"SearchAction\",\"target\":{\"@type\":\"EntryPoint\",\"urlTemplate\":\"https:\/\/www.parishotelminerve.com\/en\/?s={search_term_string}\"},\"query-input\":\"required name=search_term_string\"}],\"inLanguage\":\"it-IT\"}]}<\/script>\n<!-- \/ Yoast SEO plugin. -->","yoast_head_json":{"title":"\u2192 Posizione dell'hotel MINERVE nel cuore del quartiere latino di parigi","description":"L'Hotel Minerve, 3 stelle, hotel di charme e caract\u00e8re, vi d\u00e0 il benvenuto in un ambiente accogliente, vicino a Notre Dame e alla Sorbona.","robots":{"index":"index","follow":"follow","max-snippet":"max-snippet:-1","max-image-preview":"max-image-preview:large","max-video-preview":"max-video-preview:-1"},"canonical":"https:\/\/www.parishotelminerve.com\/it\/plan-paris-minerve-hotel\/","og_locale":"it_IT","og_type":"article","og_title":"\u2192 Posizione dell'hotel MINERVE nel cuore del quartiere latino di parigi","og_description":"L'Hotel Minerve, 3 stelle, hotel di charme e caract\u00e8re, vi d\u00e0 il benvenuto in un ambiente accogliente, vicino a Notre Dame e alla Sorbona.","og_url":"https:\/\/www.parishotelminerve.com\/it\/plan-paris-minerve-hotel\/","og_site_name":"H\u00f4tel Minerve Paris","article_modified_time":"2019-03-18T16:43:52+00:00","twitter_card":"summary_large_image","twitter_misc":{"Tempo di lettura stimato":"3 minuti"},"schema":{"@context":"https:\/\/schema.org","@graph":[{"@type":"WebPage","@id":"https:\/\/www.parishotelminerve.com\/it\/plan-paris-minerve-hotel\/","url":"https:\/\/www.parishotelminerve.com\/it\/plan-paris-minerve-hotel\/","name":"\u2192 Posizione dell'hotel MINERVE nel cuore del quartiere latino di parigi","isPartOf":{"@id":"https:\/\/www.parishotelminerve.com\/en\/#website"},"datePublished":"2018-12-11T05:00:17+00:00","dateModified":"2019-03-18T16:43:52+00:00","description":"L'Hotel Minerve, 3 stelle, hotel di charme e caract\u00e8re, vi d\u00e0 il benvenuto in un ambiente accogliente, vicino a Notre Dame e alla Sorbona.","breadcrumb":{"@id":"https:\/\/www.parishotelminerve.com\/it\/plan-paris-minerve-hotel\/#breadcrumb"},"inLanguage":"it-IT","potentialAction":[{"@type":"ReadAction","target":["https:\/\/www.parishotelminerve.com\/it\/plan-paris-minerve-hotel\/"]}]},{"@type":"BreadcrumbList","@id":"https:\/\/www.parishotelminerve.com\/it\/plan-paris-minerve-hotel\/#breadcrumb","itemListElement":[{"@type":"ListItem","position":1,"name":"Accueil","item":"https:\/\/www.parishotelminerve.com\/it\/"},{"@type":"ListItem","position":2,"name":"Situation"}]},{"@type":"WebSite","@id":"https:\/\/www.parishotelminerve.com\/en\/#website","url":"https:\/\/www.parishotelminerve.com\/en\/","name":"H\u00f4tel Minerve Paris","description":"H\u00f4tel 3 \u00e9toiles de charme au coeur du quartier latin","potentialAction":[{"@type":"SearchAction","target":{"@type":"EntryPoint","urlTemplate":"https:\/\/www.parishotelminerve.com\/en\/?s={search_term_string}"},"query-input":"required name=search_term_string"}],"inLanguage":"it-IT"}]}},"_links":{"self":[{"href":"https:\/\/www.parishotelminerve.com\/it\/wp-json\/wp\/v2\/pages\/533"}],"collection":[{"href":"https:\/\/www.parishotelminerve.com\/it\/wp-json\/wp\/v2\/pages"}],"about":[{"href":"https:\/\/www.parishotelminerve.com\/it\/wp-json\/wp\/v2\/types\/page"}],"author":[{"embeddable":true,"href":"https:\/\/www.parishotelminerve.com\/it\/wp-json\/wp\/v2\/users\/1"}],"replies":[{"embeddable":true,"href":"https:\/\/www.parishotelminerve.com\/it\/wp-json\/wp\/v2\/comments?post=533"}],"version-history":[{"count":2,"href":"https:\/\/www.parishotelminerve.com\/it\/wp-json\/wp\/v2\/pages\/533\/revisions"}],"predecessor-version":[{"id":748,"href":"https:\/\/www.parishotelminerve.com\/it\/wp-json\/wp\/v2\/pages\/533\/revisions\/748"}],"wp:attachment":[{"href":"https:\/\/www.parishotelminerve.com\/it\/wp-json\/wp\/v2\/media?parent=533"}],"curies":[{"name":"wp","href":"https:\/\/api.w.org\/{rel}","templated":true}]}}