{"id":513,"date":"2018-12-12T14:37:27","date_gmt":"2018-12-12T13:37:27","guid":{"rendered":"https:\/\/www.parishotelminerve.com\/seminaires-reunions-hotel-minerve-paris\/"},"modified":"2019-03-18T17:29:21","modified_gmt":"2019-03-18T16:29:21","slug":"seminari-hotel-minerve-paris","status":"publish","type":"page","link":"https:\/\/www.parishotelminerve.com\/it\/seminari-hotel-minerve-paris\/","title":{"rendered":"S\u00e9minaires"},"content":{"rendered":"<p>[vc_row css_animation=&#8221;&#8221; row_type=&#8221;row&#8221; use_row_as_full_screen_section=&#8221;no&#8221; type=&#8221;full_width&#8221; angled_section=&#8221;no&#8221; text_align=&#8221;left&#8221; background_image_as_pattern=&#8221;without_pattern&#8221; css=&#8221;.vc_custom_1544448491317{margin-bottom: 0px !important;padding-bottom: 0px !important;}&#8221; z_index=&#8221;&#8221;][vc_column][rev_slider_vc alias=&#8221;seminaires&#8221;][\/vc_column][\/vc_row][vc_row css_animation=&#8221;&#8221; row_type=&#8221;row&#8221; use_row_as_full_screen_section=&#8221;no&#8221; type=&#8221;grid&#8221; angled_section=&#8221;no&#8221; text_align=&#8221;center&#8221; background_image_as_pattern=&#8221;without_pattern&#8221; padding_top=&#8221;50&#8243; z_index=&#8221;&#8221;][vc_column][vc_column_text]<\/p>\n<h1>I NOSTRI SALONI RISTRUTTURATI E CLIMATIZZATI PER I VOSTRI SEMINARI:<\/h1>\n<p>[\/vc_column_text][vc_empty_space height=&#8221;12px&#8221;][vc_separator type=&#8221;small&#8221; position=&#8221;center&#8221; color=&#8221;#95775d&#8221; thickness=&#8221;3&#8243; width=&#8221;150&#8243;][vc_empty_space height=&#8221;10px&#8221;][\/vc_column][\/vc_row][vc_row css_animation=&#8221;&#8221; row_type=&#8221;row&#8221; use_row_as_full_screen_section=&#8221;no&#8221; type=&#8221;grid&#8221; angled_section=&#8221;no&#8221; text_align=&#8221;center&#8221; background_image_as_pattern=&#8221;without_pattern&#8221; padding_top=&#8221;50&#8243; z_index=&#8221;&#8221; css=&#8221;.vc_custom_1544454746609{margin-top: 0px !important;padding-top: 0px !important;}&#8221;][vc_column width=&#8221;2\/3&#8243; offset=&#8221;vc_col-lg-offset-2 vc_col-md-offset-2 vc_col-xs-12&#8243;][vc_column_text]<\/p>\n<div style=\"text-align: justify;\">\n<p><strong>Salone Michel-Ange,<\/strong><br \/>\nEsposto al sole, pareti in pietra bocciardata, soffitto in stile Michelangelo.<br \/>\nCapienza da 2 a 45 persone.<\/p>\n<p>&nbsp;<\/p>\n<p><strong>Salone Minerve,<\/strong><br \/>\nIl nostro secondo salone con volte in pietra a vista, mobili antichi in stile Luigi XIII.<br \/>\nCapienza da 2 a 50 persone.<\/p>\n<p>&nbsp;<\/p>\n<p><strong>Pi\u00f9 2 saloni secondari da 15 a 16 m\u00b2,<\/strong> uno dei quali \u00e8 adiacente alla sala Minerve e l&#8217;altro si apre su un grazioso cortile.<\/p>\n<p><u>Apparecchiature fornite su richiesta:<\/u> retro-proiettore, videoproiettore, grande schermo, cartoncino, videoregistratore, televisione, WI-FI, ecc.<\/p>\n<\/div>\n<p>[\/vc_column_text][\/vc_column][\/vc_row][vc_row css_animation=&#8221;&#8221; row_type=&#8221;row&#8221; use_row_as_full_screen_section=&#8221;no&#8221; type=&#8221;grid&#8221; angled_section=&#8221;no&#8221; text_align=&#8221;center&#8221; background_image_as_pattern=&#8221;without_pattern&#8221; padding_top=&#8221;50&#8243; z_index=&#8221;&#8221; css=&#8221;.vc_custom_1544630614014{margin-top: 0px !important;margin-bottom: 50px !important;padding-top: 30px !important;}&#8221;][vc_column width=&#8221;2\/3&#8243; offset=&#8221;vc_col-lg-offset-2 vc_col-md-offset-2 vc_col-xs-12&#8243;][vc_column_text]<\/p>\n<table border=\"0\" width=\"100%\" cellspacing=\"1\" cellpadding=\"10\" bgcolor=\"#362a1b\">\n<tbody>\n<tr style=\"background: #362a1b;\">\n<td bgcolor=\"#362a1b\"><span style=\"font-weight: bold; color: #fff;\">Salone<\/span><\/td>\n<td align=\"center\" bgcolor=\"#362a1b\"><img decoding=\"async\" class=\"alignnone size-full wp-image-420\" src=\"https:\/\/www.parishotelminerve.com\/wp-content\/uploads\/2018\/12\/seminaire_m2.gif\" alt=\"\" width=\"18\" height=\"17\" \/>\u00a0<span style=\"font-weight: bold; color: #fff;\">m\u00b2<\/span><\/td>\n<td align=\"center\" bgcolor=\"#362a1b\"><img decoding=\"async\" class=\"alignnone size-full wp-image-424\" src=\"https:\/\/www.parishotelminerve.com\/wp-content\/uploads\/2018\/12\/seminaire_theatre.gif\" alt=\"\" width=\"16\" height=\"18\" \/><\/td>\n<td align=\"center\" bgcolor=\"#362a1b\"><img decoding=\"async\" class=\"alignnone size-full wp-image-414\" src=\"https:\/\/www.parishotelminerve.com\/wp-content\/uploads\/2018\/12\/seminaire_classe.gif\" alt=\"\" width=\"16\" height=\"22\" \/><\/td>\n<td align=\"center\" bgcolor=\"#362a1b\"><img decoding=\"async\" class=\"alignnone size-full wp-image-426\" src=\"https:\/\/www.parishotelminerve.com\/wp-content\/uploads\/2018\/12\/seminaire_u.gif\" alt=\"\" width=\"20\" height=\"21\" \/><\/td>\n<td align=\"center\" bgcolor=\"#362a1b\"><img decoding=\"async\" class=\"alignnone size-full wp-image-412\" src=\"https:\/\/www.parishotelminerve.com\/wp-content\/uploads\/2018\/12\/seminaire_banquet.png\" alt=\"\" width=\"26\" height=\"23\" \/><\/td>\n<td align=\"center\" bgcolor=\"#362a1b\"><img decoding=\"async\" class=\"alignnone size-full wp-image-418\" src=\"https:\/\/www.parishotelminerve.com\/wp-content\/uploads\/2018\/12\/seminaire_cocktail.png\" alt=\"\" width=\"7\" height=\"21\" \/><\/td>\n<\/tr>\n<tr>\n<td style=\"border: 1px solid #362a1b;\" bgcolor=\"#FFFFFF\"><strong>Michel-Ange<\/strong><br \/>\nEsposto al sole<\/td>\n<td style=\"border: 1px solid #362a1b;\" align=\"center\" bgcolor=\"#FFFFFF\"><strong class=\"titre_page\">45<\/strong><\/td>\n<td style=\"border: 1px solid #362a1b;\" align=\"center\" bgcolor=\"#FFFFFF\">40<\/td>\n<td style=\"border: 1px solid #362a1b;\" align=\"center\" bgcolor=\"#FFFFFF\">30<\/td>\n<td style=\"border: 1px solid #362a1b;\" align=\"center\" bgcolor=\"#FFFFFF\">24<\/td>\n<td style=\"border: 1px solid #362a1b;\" align=\"center\" bgcolor=\"#FFFFFF\">24<\/td>\n<td style=\"border: 1px solid #362a1b;\" align=\"center\" bgcolor=\"#FFFFFF\">45<\/td>\n<\/tr>\n<tr>\n<td style=\"border: 1px solid #362a1b;\" bgcolor=\"#FFFFFF\"><strong>Minerve<\/strong><\/td>\n<td style=\"border: 1px solid #362a1b;\" align=\"center\" bgcolor=\"#FFFFFF\"><strong class=\"titre_page\">55<\/strong><\/td>\n<td style=\"border: 1px solid #362a1b;\" align=\"center\" bgcolor=\"#FFFFFF\">45<\/td>\n<td style=\"border: 1px solid #362a1b;\" align=\"center\" bgcolor=\"#FFFFFF\">30<\/td>\n<td style=\"border: 1px solid #362a1b;\" align=\"center\" bgcolor=\"#FFFFFF\">24<\/td>\n<td style=\"border: 1px solid #362a1b;\" align=\"center\" bgcolor=\"#FFFFFF\">32<\/td>\n<td style=\"border: 1px solid #362a1b;\" align=\"center\" bgcolor=\"#FFFFFF\">50<\/td>\n<\/tr>\n<\/tbody>\n<\/table>\n<p>&nbsp;<\/p>\n<p>Per qualsiasi prenotazione o richiesta di preventivo, contattare direttamente l&#8217;hotel al numero +33 1 43 26 26 04 o all&#8217;indirizzo <a href=\"mailto:resa@parishotelminerve.com\">resa@parishotelminerve.com<\/a>[\/vc_column_text][\/vc_column][\/vc_row]<\/p>\n","protected":false},"excerpt":{"rendered":"<p>[vc_row css_animation=&#8221;&#8221; row_type=&#8221;row&#8221; use_row_as_full_screen_section=&#8221;no&#8221; type=&#8221;full_width&#8221; angled_section=&#8221;no&#8221; text_align=&#8221;left&#8221; background_image_as_pattern=&#8221;without_pattern&#8221; css=&#8221;.vc_custom_1544448491317{margin-bottom: 0px !important;padding-bottom: 0px !important;}&#8221; z_index=&#8221;&#8221;][vc_column][rev_slider_vc alias=&#8221;seminaires&#8221;][\/vc_column][\/vc_row][vc_row css_animation=&#8221;&#8221; row_type=&#8221;row&#8221; use_row_as_full_screen_section=&#8221;no&#8221; type=&#8221;grid&#8221; angled_section=&#8221;no&#8221; text_align=&#8221;center&#8221; background_image_as_pattern=&#8221;without_pattern&#8221; padding_top=&#8221;50&#8243; z_index=&#8221;&#8221;][vc_column][vc_column_text] I NOSTRI SALONI RISTRUTTURATI E CLIMATIZZATI PER I VOSTRI SEMINARI: [\/vc_column_text][vc_empty_space height=&#8221;12px&#8221;][vc_separator type=&#8221;small&#8221; position=&#8221;center&#8221; color=&#8221;#95775d&#8221; thickness=&#8221;3&#8243; width=&#8221;150&#8243;][vc_empty_space height=&#8221;10px&#8221;][\/vc_column][\/vc_row][vc_row css_animation=&#8221;&#8221; row_type=&#8221;row&#8221; use_row_as_full_screen_section=&#8221;no&#8221;&#8230;<\/p>\n","protected":false},"author":1,"featured_media":0,"parent":0,"menu_order":0,"comment_status":"closed","ping_status":"closed","template":"full_width.php","meta":{"footnotes":""},"yoast_head":"<!-- This site is optimized with the Yoast SEO plugin v21.8.1 - https:\/\/yoast.com\/wordpress\/plugins\/seo\/ -->\n<title>\u2192 Saloni ristrutturati e climatizzati per i vostri seminari all&#039;hotel Minerve<\/title>\n<meta name=\"description\" content=\"L&#039;Hotel Minerve Paris offre 2 sale rinnovate e climatizzate per i vostri seminari e riunioni di lavoro da 2 a 50 persone.\" \/>\n<meta name=\"robots\" content=\"index, follow, max-snippet:-1, max-image-preview:large, max-video-preview:-1\" \/>\n<link rel=\"canonical\" href=\"https:\/\/www.parishotelminerve.com\/it\/seminari-hotel-minerve-paris\/\" \/>\n<meta property=\"og:locale\" content=\"it_IT\" \/>\n<meta property=\"og:type\" content=\"article\" \/>\n<meta property=\"og:title\" content=\"\u2192 Saloni ristrutturati e climatizzati per i vostri seminari all&#039;hotel Minerve\" \/>\n<meta property=\"og:description\" content=\"L&#039;Hotel Minerve Paris offre 2 sale rinnovate e climatizzate per i vostri seminari e riunioni di lavoro da 2 a 50 persone.\" \/>\n<meta property=\"og:url\" content=\"https:\/\/www.parishotelminerve.com\/it\/seminari-hotel-minerve-paris\/\" \/>\n<meta property=\"og:site_name\" content=\"H\u00f4tel Minerve Paris\" \/>\n<meta property=\"article:modified_time\" content=\"2019-03-18T16:29:21+00:00\" \/>\n<meta property=\"og:image\" content=\"https:\/\/www.parishotelminerve.com\/wp-content\/uploads\/2018\/12\/seminaire_m2.gif\" \/>\n<meta name=\"twitter:card\" content=\"summary_large_image\" \/>\n<meta name=\"twitter:label1\" content=\"Tempo di lettura stimato\" \/>\n\t<meta name=\"twitter:data1\" content=\"2 minuti\" \/>\n<script type=\"application\/ld+json\" class=\"yoast-schema-graph\">{\"@context\":\"https:\/\/schema.org\",\"@graph\":[{\"@type\":\"WebPage\",\"@id\":\"https:\/\/www.parishotelminerve.com\/it\/seminari-hotel-minerve-paris\/\",\"url\":\"https:\/\/www.parishotelminerve.com\/it\/seminari-hotel-minerve-paris\/\",\"name\":\"\u2192 Saloni ristrutturati e climatizzati per i vostri seminari all'hotel Minerve\",\"isPartOf\":{\"@id\":\"https:\/\/www.parishotelminerve.com\/en\/#website\"},\"datePublished\":\"2018-12-12T13:37:27+00:00\",\"dateModified\":\"2019-03-18T16:29:21+00:00\",\"description\":\"L'Hotel Minerve Paris offre 2 sale rinnovate e climatizzate per i vostri seminari e riunioni di lavoro da 2 a 50 persone.\",\"breadcrumb\":{\"@id\":\"https:\/\/www.parishotelminerve.com\/it\/seminari-hotel-minerve-paris\/#breadcrumb\"},\"inLanguage\":\"it-IT\",\"potentialAction\":[{\"@type\":\"ReadAction\",\"target\":[\"https:\/\/www.parishotelminerve.com\/it\/seminari-hotel-minerve-paris\/\"]}]},{\"@type\":\"BreadcrumbList\",\"@id\":\"https:\/\/www.parishotelminerve.com\/it\/seminari-hotel-minerve-paris\/#breadcrumb\",\"itemListElement\":[{\"@type\":\"ListItem\",\"position\":1,\"name\":\"Accueil\",\"item\":\"https:\/\/www.parishotelminerve.com\/it\/\"},{\"@type\":\"ListItem\",\"position\":2,\"name\":\"S\u00e9minaires\"}]},{\"@type\":\"WebSite\",\"@id\":\"https:\/\/www.parishotelminerve.com\/en\/#website\",\"url\":\"https:\/\/www.parishotelminerve.com\/en\/\",\"name\":\"H\u00f4tel Minerve Paris\",\"description\":\"H\u00f4tel 3 \u00e9toiles de charme au coeur du quartier latin\",\"potentialAction\":[{\"@type\":\"SearchAction\",\"target\":{\"@type\":\"EntryPoint\",\"urlTemplate\":\"https:\/\/www.parishotelminerve.com\/en\/?s={search_term_string}\"},\"query-input\":\"required name=search_term_string\"}],\"inLanguage\":\"it-IT\"}]}<\/script>\n<!-- \/ Yoast SEO plugin. -->","yoast_head_json":{"title":"\u2192 Saloni ristrutturati e climatizzati per i vostri seminari all'hotel Minerve","description":"L'Hotel Minerve Paris offre 2 sale rinnovate e climatizzate per i vostri seminari e riunioni di lavoro da 2 a 50 persone.","robots":{"index":"index","follow":"follow","max-snippet":"max-snippet:-1","max-image-preview":"max-image-preview:large","max-video-preview":"max-video-preview:-1"},"canonical":"https:\/\/www.parishotelminerve.com\/it\/seminari-hotel-minerve-paris\/","og_locale":"it_IT","og_type":"article","og_title":"\u2192 Saloni ristrutturati e climatizzati per i vostri seminari all'hotel Minerve","og_description":"L'Hotel Minerve Paris offre 2 sale rinnovate e climatizzate per i vostri seminari e riunioni di lavoro da 2 a 50 persone.","og_url":"https:\/\/www.parishotelminerve.com\/it\/seminari-hotel-minerve-paris\/","og_site_name":"H\u00f4tel Minerve Paris","article_modified_time":"2019-03-18T16:29:21+00:00","og_image":[{"url":"https:\/\/www.parishotelminerve.com\/wp-content\/uploads\/2018\/12\/seminaire_m2.gif"}],"twitter_card":"summary_large_image","twitter_misc":{"Tempo di lettura stimato":"2 minuti"},"schema":{"@context":"https:\/\/schema.org","@graph":[{"@type":"WebPage","@id":"https:\/\/www.parishotelminerve.com\/it\/seminari-hotel-minerve-paris\/","url":"https:\/\/www.parishotelminerve.com\/it\/seminari-hotel-minerve-paris\/","name":"\u2192 Saloni ristrutturati e climatizzati per i vostri seminari all'hotel Minerve","isPartOf":{"@id":"https:\/\/www.parishotelminerve.com\/en\/#website"},"datePublished":"2018-12-12T13:37:27+00:00","dateModified":"2019-03-18T16:29:21+00:00","description":"L'Hotel Minerve Paris offre 2 sale rinnovate e climatizzate per i vostri seminari e riunioni di lavoro da 2 a 50 persone.","breadcrumb":{"@id":"https:\/\/www.parishotelminerve.com\/it\/seminari-hotel-minerve-paris\/#breadcrumb"},"inLanguage":"it-IT","potentialAction":[{"@type":"ReadAction","target":["https:\/\/www.parishotelminerve.com\/it\/seminari-hotel-minerve-paris\/"]}]},{"@type":"BreadcrumbList","@id":"https:\/\/www.parishotelminerve.com\/it\/seminari-hotel-minerve-paris\/#breadcrumb","itemListElement":[{"@type":"ListItem","position":1,"name":"Accueil","item":"https:\/\/www.parishotelminerve.com\/it\/"},{"@type":"ListItem","position":2,"name":"S\u00e9minaires"}]},{"@type":"WebSite","@id":"https:\/\/www.parishotelminerve.com\/en\/#website","url":"https:\/\/www.parishotelminerve.com\/en\/","name":"H\u00f4tel Minerve Paris","description":"H\u00f4tel 3 \u00e9toiles de charme au coeur du quartier latin","potentialAction":[{"@type":"SearchAction","target":{"@type":"EntryPoint","urlTemplate":"https:\/\/www.parishotelminerve.com\/en\/?s={search_term_string}"},"query-input":"required name=search_term_string"}],"inLanguage":"it-IT"}]}},"_links":{"self":[{"href":"https:\/\/www.parishotelminerve.com\/it\/wp-json\/wp\/v2\/pages\/513"}],"collection":[{"href":"https:\/\/www.parishotelminerve.com\/it\/wp-json\/wp\/v2\/pages"}],"about":[{"href":"https:\/\/www.parishotelminerve.com\/it\/wp-json\/wp\/v2\/types\/page"}],"author":[{"embeddable":true,"href":"https:\/\/www.parishotelminerve.com\/it\/wp-json\/wp\/v2\/users\/1"}],"replies":[{"embeddable":true,"href":"https:\/\/www.parishotelminerve.com\/it\/wp-json\/wp\/v2\/comments?post=513"}],"version-history":[{"count":2,"href":"https:\/\/www.parishotelminerve.com\/it\/wp-json\/wp\/v2\/pages\/513\/revisions"}],"predecessor-version":[{"id":734,"href":"https:\/\/www.parishotelminerve.com\/it\/wp-json\/wp\/v2\/pages\/513\/revisions\/734"}],"wp:attachment":[{"href":"https:\/\/www.parishotelminerve.com\/it\/wp-json\/wp\/v2\/media?parent=513"}],"curies":[{"name":"wp","href":"https:\/\/api.w.org\/{rel}","templated":true}]}}