{"id":539,"date":"2018-12-11T06:00:17","date_gmt":"2018-12-11T05:00:17","guid":{"rendered":"https:\/\/www.parishotelminerve.com\/plan-paris-minerve-hotel\/"},"modified":"2019-03-18T14:40:49","modified_gmt":"2019-03-18T13:40:49","slug":"ubicacion-paris-minerve-hotel","status":"publish","type":"page","link":"https:\/\/www.parishotelminerve.com\/es\/ubicacion-paris-minerve-hotel\/","title":{"rendered":"Situation"},"content":{"rendered":"<p>[vc_row css_animation=\u00bb\u00bb row_type=\u00bbrow\u00bb use_row_as_full_screen_section=\u00bbno\u00bb type=\u00bbfull_width\u00bb angled_section=\u00bbno\u00bb text_align=\u00bbleft\u00bb background_image_as_pattern=\u00bbwithout_pattern\u00bb css=\u00bb.vc_custom_1544448491317{margin-bottom: 0px !important;padding-bottom: 0px !important;}\u00bb z_index=\u00bb\u00bb][vc_column][vc_raw_html]JTNDaWZyYW1lJTIwc3JjJTNEJTIyaHR0cHMlM0ElMkYlMkZ3d3cuZ29vZ2xlLmNvbSUyRm1hcHMlMkZlbWJlZCUzRnBiJTNEJTIxMW0xOCUyMTFtMTIlMjExbTMlMjExZDUyNTAuNjYzMTI1MDk1NzklMjEyZDIuMzQ5NTM4MzgyNDY2NjY3JTIxM2Q0OC44NTE4ODc1NDM3MDYwNyUyMTJtMyUyMTFmMCUyMTJmMCUyMTNmMCUyMTNtMiUyMTFpMTAyNCUyMTJpNzY4JTIxNGYxMy4xJTIxM20zJTIxMW0yJTIxMXMweDQ3ZTY3MWU1YmI0MTE2MTklMjUzQTB4OTViOWJiOTcxZWFlMTQ3MyUyMTJzMTMlMkJSdWUlMkJkZXMlMkIlMjVDMyUyNTg5Y29sZXMlMjUyQyUyQjc1MDA1JTJCUGFyaXMlMjE1ZTAlMjEzbTIlMjExc2ZyJTIxMnNmciUyMTR2MTQxMjc1MTgzNjA5OSUyMiUyMHdpZHRoJTNEJTIyMTAwJTI1JTIyJTIwaGVpZ2h0JTNEJTIyNTUwJTIyJTIwZnJhbWVib3JkZXIlM0QlMjIwJTIyJTIwc3R5bGUlM0QlMjJib3JkZXIlM0EwJTIyJTNFJTNDJTJGaWZyYW1lJTNFJTBB[\/vc_raw_html][\/vc_column][\/vc_row][vc_row css_animation=\u00bb\u00bb row_type=\u00bbrow\u00bb use_row_as_full_screen_section=\u00bbno\u00bb type=\u00bbgrid\u00bb angled_section=\u00bbno\u00bb text_align=\u00bbcenter\u00bb background_image_as_pattern=\u00bbwithout_pattern\u00bb padding_top=\u00bb50&#8243; z_index=\u00bb\u00bb][vc_column][vc_column_text]<\/p>\n<h1>EN EL CORAZ\u00d3N DEL BARRIO LATINO, EN EL V DISTRITO DE PAR\u00cdS<\/h1>\n<p>[\/vc_column_text][vc_empty_space height=\u00bb12px\u00bb][vc_separator type=\u00bbsmall\u00bb position=\u00bbcenter\u00bb color=\u00bb#95775d\u00bb thickness=\u00bb3&#8243; width=\u00bb150&#8243;][vc_empty_space height=\u00bb10px\u00bb][\/vc_column][\/vc_row][vc_row css_animation=\u00bb\u00bb row_type=\u00bbrow\u00bb use_row_as_full_screen_section=\u00bbno\u00bb type=\u00bbgrid\u00bb angled_section=\u00bbno\u00bb text_align=\u00bbcenter\u00bb background_image_as_pattern=\u00bbwithout_pattern\u00bb padding_top=\u00bb50&#8243; z_index=\u00bb\u00bb css=\u00bb.vc_custom_1544454746609{margin-top: 0px !important;padding-top: 0px !important;}\u00bb][vc_column width=\u00bb2\/3&#8243; offset=\u00bbvc_col-lg-offset-2 vc_col-md-offset-2 vc_col-xs-12&#8243;][vc_column_text]<\/p>\n<div style=\"text-align: justify;\">\n<p>Aparcamiento de pago privado y vigilado cerca del hotel (50 m).<\/p>\n<p><u>Autob\u00fas:<\/u><br \/>\n-&gt;\u00a0<a class=\"qode-prettyphoto\" href=\"https:\/\/www.parishotelminerve.com\/img\/bus_63.jpg\" rel=\"prettyPhoto[rel-bus63]\" data-rel=\"prettyPhoto[rel-bus63]\">63<\/a>\u00a0: directo al Museo de Orsay \u2013 Inv\u00e1lidos \u2013 Torre Eiffel \u2013 Estaci\u00f3n de Par\u00eds-Lyon<br \/>\n-&gt;\u00a0<a class=\"qode-prettyphoto\" href=\"https:\/\/www.parishotelminerve.com\/img\/bus_67.jpg\" rel=\"prettyPhoto[rel-bus67]\" data-rel=\"prettyPhoto[rel-bus67]\">67<\/a>\u00a0: directo a Louvre \u2013 Montmartre<br \/>\n-&gt;\u00a0<a class=\"qode-prettyphoto\" href=\"https:\/\/www.parishotelminerve.com\/img\/bus_89.jpg\" rel=\"prettyPhoto[rel-bus89]\" data-rel=\"prettyPhoto[rel-bus89]\">89<\/a>\u00a0: directo a la Estaci\u00f3n de Austerlitz y Montparnasse<\/p>\n<p><u>M\u00e9tro :<\/u><br \/>\n-&gt;<a class=\"qode-prettyphoto\" href=\"https:\/\/www.parishotelminerve.com\/img\/ligne_10.jpg\" rel=\"prettyPhoto[rel-m10]\" data-rel=\"prettyPhoto[rel-m10]\">l\u00ednea 10<\/a>\u00a0: Austerlitz \u2013 Boulogne Roland Garros<br \/>\n-&gt;<a class=\"qode-prettyphoto\" href=\"https:\/\/www.parishotelminerve.com\/img\/ligne_7.jpg\" rel=\"prettyPhoto[rel-m7]\" data-rel=\"prettyPhoto[rel-m7]\">l\u00ednea 7<\/a>\u00a0: Jussieu: Pont Neuf, Le Louvre, Estaci\u00f3n de Par\u00eds-Este, Mus\u00e9e des Sciences et des Techniques, \u00d3pera<\/p>\n<p><u>RER :\u00a0<\/u><br \/>\nSt Michel : directo a Estaci\u00f3n de Par\u00eds-Norte, Eurostar y Thalys, Parque de Exposiciones de Villepinte, Roissy CDG<\/p>\n<\/div>\n<p>[\/vc_column_text][\/vc_column][\/vc_row][vc_row css_animation=\u00bb\u00bb row_type=\u00bbrow\u00bb use_row_as_full_screen_section=\u00bbyes\u00bb type=\u00bbfull_width\u00bb angled_section=\u00bbno\u00bb text_align=\u00bbleft\u00bb background_image_as_pattern=\u00bbwithout_pattern\u00bb padding_top=\u00bb50&#8243; z_index=\u00bb\u00bb css=\u00bb.vc_custom_1544451374989{margin-bottom: 30px !important;}\u00bb][vc_column][vc_single_image image=\u00bb340&#8243; img_size=\u00bbfull\u00bb alignment=\u00bbcenter\u00bb qode_css_animation=\u00bb\u00bb][\/vc_column][\/vc_row][vc_row css_animation=\u00bb\u00bb row_type=\u00bbrow\u00bb use_row_as_full_screen_section=\u00bbno\u00bb type=\u00bbgrid\u00bb angled_section=\u00bbno\u00bb text_align=\u00bbcenter\u00bb background_image_as_pattern=\u00bbwithout_pattern\u00bb padding_top=\u00bb50&#8243; z_index=\u00bb\u00bb][vc_column][vc_column_text]<\/p>\n<h2>La Catedral de Notre-Dame de Paris<\/h2>\n<p>[\/vc_column_text][vc_empty_space height=\u00bb12px\u00bb][vc_separator type=\u00bbsmall\u00bb position=\u00bbcenter\u00bb color=\u00bb#95775d\u00bb thickness=\u00bb3&#8243; width=\u00bb150&#8243;][vc_empty_space height=\u00bb10px\u00bb][\/vc_column][\/vc_row][vc_row css_animation=\u00bb\u00bb row_type=\u00bbrow\u00bb use_row_as_full_screen_section=\u00bbno\u00bb type=\u00bbgrid\u00bb angled_section=\u00bbno\u00bb text_align=\u00bbcenter\u00bb background_image_as_pattern=\u00bbwithout_pattern\u00bb padding_top=\u00bb50&#8243; z_index=\u00bb\u00bb css=\u00bb.vc_custom_1544504972905{margin-top: 0px !important;padding-top: 0px !important;padding-bottom: 70px !important;}\u00bb][vc_column width=\u00bb2\/3&#8243; offset=\u00bbvc_col-lg-offset-2 vc_col-md-offset-2 vc_col-xs-12&#8243;][vc_column_text]<\/p>\n<div style=\"text-align: justify;\">\n<h3><\/h3>\n<p><strong>-&gt; En metro:<\/strong> Cluny la Sorbonne, Cardinal Lemoine y Maubert<\/p>\n<p><strong>-&gt; A pie:<\/strong> Tomar la rue de Poissy, frente al hotel, y seguirla hasta el Quai de la Tournelle; ver\u00e1s a continuaci\u00f3n Notre Dame. El hotel se encuentra a menos de 10 minutos a pie.<\/p>\n<p>&nbsp;<\/p>\n<p>Notre Dame de Paris, o Notre-Dame, es la catedral de Ia archidi\u00f3cesis cat\u00f3lica de Par\u00eds.<\/p>\n<p>&nbsp;<\/p>\n<p>Se encuentra situada en la mitad este de la \u00cele de la Cit\u00e9, en el IV distrito de Par\u00eds. Su fachada occidental domina el atrio de Notre-Dame &#8211; place Jean-Paul-ll.<\/p>\n<p>&nbsp;<\/p>\n<p>Como la construcci\u00f3n se extendi\u00f3 a lo largo de numerosas d\u00e9cadas (dos siglos) el estilo no es completamente uniforme: posee caracter\u00edsticas del g\u00f3tico primitivo (b\u00f3vedas sexpartitas de la nave) y del g\u00f3tico radiante. Los dos rosetones que adornan cada uno de los brazos del transepto se cuentan entre los m\u00e1s grandes de Europa gracias a sus 13 metros de di\u00e1metro. Una vez terminada, se convirti\u00f3 en una de las catedrales m\u00e1s grandes de occidente.<\/p>\n<p>&nbsp;<\/p>\n<p>Un lugar importante de culto y de peregrinaje, monumento hist\u00f3rico del patrimonio parisino, nacional e internacional, la Catedral de Notre Dame de Paris atrae a un n\u00famero considerable de fieles, peregrinos y visitantes (cerca de 14 millones al a\u00f1o).<\/p>\n<\/div>\n<p>[\/vc_column_text][\/vc_column][\/vc_row]<\/p>\n","protected":false},"excerpt":{"rendered":"<p>[vc_row css_animation=\u00bb\u00bb row_type=\u00bbrow\u00bb use_row_as_full_screen_section=\u00bbno\u00bb type=\u00bbfull_width\u00bb angled_section=\u00bbno\u00bb text_align=\u00bbleft\u00bb background_image_as_pattern=\u00bbwithout_pattern\u00bb css=\u00bb.vc_custom_1544448491317{margin-bottom: 0px !important;padding-bottom: 0px !important;}\u00bb z_index=\u00bb\u00bb][vc_column][vc_raw_html]JTNDaWZyYW1lJTIwc3JjJTNEJTIyaHR0cHMlM0ElMkYlMkZ3d3cuZ29vZ2xlLmNvbSUyRm1hcHMlMkZlbWJlZCUzRnBiJTNEJTIxMW0xOCUyMTFtMTIlMjExbTMlMjExZDUyNTAuNjYzMTI1MDk1NzklMjEyZDIuMzQ5NTM4MzgyNDY2NjY3JTIxM2Q0OC44NTE4ODc1NDM3MDYwNyUyMTJtMyUyMTFmMCUyMTJmMCUyMTNmMCUyMTNtMiUyMTFpMTAyNCUyMTJpNzY4JTIxNGYxMy4xJTIxM20zJTIxMW0yJTIxMXMweDQ3ZTY3MWU1YmI0MTE2MTklMjUzQTB4OTViOWJiOTcxZWFlMTQ3MyUyMTJzMTMlMkJSdWUlMkJkZXMlMkIlMjVDMyUyNTg5Y29sZXMlMjUyQyUyQjc1MDA1JTJCUGFyaXMlMjE1ZTAlMjEzbTIlMjExc2ZyJTIxMnNmciUyMTR2MTQxMjc1MTgzNjA5OSUyMiUyMHdpZHRoJTNEJTIyMTAwJTI1JTIyJTIwaGVpZ2h0JTNEJTIyNTUwJTIyJTIwZnJhbWVib3JkZXIlM0QlMjIwJTIyJTIwc3R5bGUlM0QlMjJib3JkZXIlM0EwJTIyJTNFJTNDJTJGaWZyYW1lJTNFJTBB[\/vc_raw_html][\/vc_column][\/vc_row][vc_row css_animation=\u00bb\u00bb row_type=\u00bbrow\u00bb use_row_as_full_screen_section=\u00bbno\u00bb type=\u00bbgrid\u00bb angled_section=\u00bbno\u00bb text_align=\u00bbcenter\u00bb background_image_as_pattern=\u00bbwithout_pattern\u00bb padding_top=\u00bb50&#8243; z_index=\u00bb\u00bb][vc_column][vc_column_text] EN EL CORAZ\u00d3N DEL BARRIO LATINO, EN EL V DISTRITO DE PAR\u00cdS [\/vc_column_text][vc_empty_space height=\u00bb12px\u00bb][vc_separator type=\u00bbsmall\u00bb position=\u00bbcenter\u00bb color=\u00bb#95775d\u00bb thickness=\u00bb3&#8243; width=\u00bb150&#8243;][vc_empty_space height=\u00bb10px\u00bb][\/vc_column][\/vc_row][vc_row css_animation=\u00bb\u00bb row_type=\u00bbrow\u00bb&#8230;<\/p>\n","protected":false},"author":1,"featured_media":0,"parent":0,"menu_order":0,"comment_status":"closed","ping_status":"closed","template":"full_width.php","meta":{"footnotes":""},"yoast_head":"<!-- This site is optimized with the Yoast SEO plugin v21.8.1 - https:\/\/yoast.com\/wordpress\/plugins\/seo\/ -->\n<title>\u2192 Situaci\u00f3n del hotel Minerve Paris. En el Barrio Latino, Notre-Dame.<\/title>\n<meta name=\"description\" content=\"Situaci\u00f3n del hotel Minerve Paris. Hotel con encanto en el barrio latino de Par\u00eds, cerca de la catedral de Notre Dame, la Sorbona y el Pante\u00f3n.\" \/>\n<meta name=\"robots\" content=\"index, follow, max-snippet:-1, max-image-preview:large, max-video-preview:-1\" \/>\n<link rel=\"canonical\" href=\"https:\/\/www.parishotelminerve.com\/es\/ubicacion-paris-minerve-hotel\/\" \/>\n<meta property=\"og:locale\" content=\"es_ES\" \/>\n<meta property=\"og:type\" content=\"article\" \/>\n<meta property=\"og:title\" content=\"\u2192 Situaci\u00f3n del hotel Minerve Paris. En el Barrio Latino, Notre-Dame.\" \/>\n<meta property=\"og:description\" content=\"Situaci\u00f3n del hotel Minerve Paris. Hotel con encanto en el barrio latino de Par\u00eds, cerca de la catedral de Notre Dame, la Sorbona y el Pante\u00f3n.\" \/>\n<meta property=\"og:url\" content=\"https:\/\/www.parishotelminerve.com\/es\/ubicacion-paris-minerve-hotel\/\" \/>\n<meta property=\"og:site_name\" content=\"H\u00f4tel Minerve Paris\" \/>\n<meta property=\"article:modified_time\" content=\"2019-03-18T13:40:49+00:00\" \/>\n<meta name=\"twitter:card\" content=\"summary_large_image\" \/>\n<meta name=\"twitter:label1\" content=\"Tiempo de lectura\" \/>\n\t<meta name=\"twitter:data1\" content=\"4 minutos\" \/>\n<script type=\"application\/ld+json\" class=\"yoast-schema-graph\">{\"@context\":\"https:\/\/schema.org\",\"@graph\":[{\"@type\":\"WebPage\",\"@id\":\"https:\/\/www.parishotelminerve.com\/es\/ubicacion-paris-minerve-hotel\/\",\"url\":\"https:\/\/www.parishotelminerve.com\/es\/ubicacion-paris-minerve-hotel\/\",\"name\":\"\u2192 Situaci\u00f3n del hotel Minerve Paris. En el Barrio Latino, Notre-Dame.\",\"isPartOf\":{\"@id\":\"https:\/\/www.parishotelminerve.com\/en\/#website\"},\"datePublished\":\"2018-12-11T05:00:17+00:00\",\"dateModified\":\"2019-03-18T13:40:49+00:00\",\"description\":\"Situaci\u00f3n del hotel Minerve Paris. Hotel con encanto en el barrio latino de Par\u00eds, cerca de la catedral de Notre Dame, la Sorbona y el Pante\u00f3n.\",\"breadcrumb\":{\"@id\":\"https:\/\/www.parishotelminerve.com\/es\/ubicacion-paris-minerve-hotel\/#breadcrumb\"},\"inLanguage\":\"es\",\"potentialAction\":[{\"@type\":\"ReadAction\",\"target\":[\"https:\/\/www.parishotelminerve.com\/es\/ubicacion-paris-minerve-hotel\/\"]}]},{\"@type\":\"BreadcrumbList\",\"@id\":\"https:\/\/www.parishotelminerve.com\/es\/ubicacion-paris-minerve-hotel\/#breadcrumb\",\"itemListElement\":[{\"@type\":\"ListItem\",\"position\":1,\"name\":\"Accueil\",\"item\":\"https:\/\/www.parishotelminerve.com\/es\/\"},{\"@type\":\"ListItem\",\"position\":2,\"name\":\"Situation\"}]},{\"@type\":\"WebSite\",\"@id\":\"https:\/\/www.parishotelminerve.com\/en\/#website\",\"url\":\"https:\/\/www.parishotelminerve.com\/en\/\",\"name\":\"H\u00f4tel Minerve Paris\",\"description\":\"H\u00f4tel 3 \u00e9toiles de charme au coeur du quartier latin\",\"potentialAction\":[{\"@type\":\"SearchAction\",\"target\":{\"@type\":\"EntryPoint\",\"urlTemplate\":\"https:\/\/www.parishotelminerve.com\/en\/?s={search_term_string}\"},\"query-input\":\"required name=search_term_string\"}],\"inLanguage\":\"es\"}]}<\/script>\n<!-- \/ Yoast SEO plugin. -->","yoast_head_json":{"title":"\u2192 Situaci\u00f3n del hotel Minerve Paris. En el Barrio Latino, Notre-Dame.","description":"Situaci\u00f3n del hotel Minerve Paris. Hotel con encanto en el barrio latino de Par\u00eds, cerca de la catedral de Notre Dame, la Sorbona y el Pante\u00f3n.","robots":{"index":"index","follow":"follow","max-snippet":"max-snippet:-1","max-image-preview":"max-image-preview:large","max-video-preview":"max-video-preview:-1"},"canonical":"https:\/\/www.parishotelminerve.com\/es\/ubicacion-paris-minerve-hotel\/","og_locale":"es_ES","og_type":"article","og_title":"\u2192 Situaci\u00f3n del hotel Minerve Paris. En el Barrio Latino, Notre-Dame.","og_description":"Situaci\u00f3n del hotel Minerve Paris. Hotel con encanto en el barrio latino de Par\u00eds, cerca de la catedral de Notre Dame, la Sorbona y el Pante\u00f3n.","og_url":"https:\/\/www.parishotelminerve.com\/es\/ubicacion-paris-minerve-hotel\/","og_site_name":"H\u00f4tel Minerve Paris","article_modified_time":"2019-03-18T13:40:49+00:00","twitter_card":"summary_large_image","twitter_misc":{"Tiempo de lectura":"4 minutos"},"schema":{"@context":"https:\/\/schema.org","@graph":[{"@type":"WebPage","@id":"https:\/\/www.parishotelminerve.com\/es\/ubicacion-paris-minerve-hotel\/","url":"https:\/\/www.parishotelminerve.com\/es\/ubicacion-paris-minerve-hotel\/","name":"\u2192 Situaci\u00f3n del hotel Minerve Paris. En el Barrio Latino, Notre-Dame.","isPartOf":{"@id":"https:\/\/www.parishotelminerve.com\/en\/#website"},"datePublished":"2018-12-11T05:00:17+00:00","dateModified":"2019-03-18T13:40:49+00:00","description":"Situaci\u00f3n del hotel Minerve Paris. Hotel con encanto en el barrio latino de Par\u00eds, cerca de la catedral de Notre Dame, la Sorbona y el Pante\u00f3n.","breadcrumb":{"@id":"https:\/\/www.parishotelminerve.com\/es\/ubicacion-paris-minerve-hotel\/#breadcrumb"},"inLanguage":"es","potentialAction":[{"@type":"ReadAction","target":["https:\/\/www.parishotelminerve.com\/es\/ubicacion-paris-minerve-hotel\/"]}]},{"@type":"BreadcrumbList","@id":"https:\/\/www.parishotelminerve.com\/es\/ubicacion-paris-minerve-hotel\/#breadcrumb","itemListElement":[{"@type":"ListItem","position":1,"name":"Accueil","item":"https:\/\/www.parishotelminerve.com\/es\/"},{"@type":"ListItem","position":2,"name":"Situation"}]},{"@type":"WebSite","@id":"https:\/\/www.parishotelminerve.com\/en\/#website","url":"https:\/\/www.parishotelminerve.com\/en\/","name":"H\u00f4tel Minerve Paris","description":"H\u00f4tel 3 \u00e9toiles de charme au coeur du quartier latin","potentialAction":[{"@type":"SearchAction","target":{"@type":"EntryPoint","urlTemplate":"https:\/\/www.parishotelminerve.com\/en\/?s={search_term_string}"},"query-input":"required name=search_term_string"}],"inLanguage":"es"}]}},"_links":{"self":[{"href":"https:\/\/www.parishotelminerve.com\/es\/wp-json\/wp\/v2\/pages\/539"}],"collection":[{"href":"https:\/\/www.parishotelminerve.com\/es\/wp-json\/wp\/v2\/pages"}],"about":[{"href":"https:\/\/www.parishotelminerve.com\/es\/wp-json\/wp\/v2\/types\/page"}],"author":[{"embeddable":true,"href":"https:\/\/www.parishotelminerve.com\/es\/wp-json\/wp\/v2\/users\/1"}],"replies":[{"embeddable":true,"href":"https:\/\/www.parishotelminerve.com\/es\/wp-json\/wp\/v2\/comments?post=539"}],"version-history":[{"count":2,"href":"https:\/\/www.parishotelminerve.com\/es\/wp-json\/wp\/v2\/pages\/539\/revisions"}],"predecessor-version":[{"id":599,"href":"https:\/\/www.parishotelminerve.com\/es\/wp-json\/wp\/v2\/pages\/539\/revisions\/599"}],"wp:attachment":[{"href":"https:\/\/www.parishotelminerve.com\/es\/wp-json\/wp\/v2\/media?parent=539"}],"curies":[{"name":"wp","href":"https:\/\/api.w.org\/{rel}","templated":true}]}}