{"id":519,"date":"2018-12-12T14:37:27","date_gmt":"2018-12-12T13:37:27","guid":{"rendered":"https:\/\/www.parishotelminerve.com\/seminaires-reunions-hotel-minerve-paris\/"},"modified":"2019-03-18T14:28:52","modified_gmt":"2019-03-18T13:28:52","slug":"seminarios-hotel-minerve-paris","status":"publish","type":"page","link":"https:\/\/www.parishotelminerve.com\/es\/seminarios-hotel-minerve-paris\/","title":{"rendered":"S\u00e9minaires"},"content":{"rendered":"<p>[vc_row css_animation=\u00bb\u00bb row_type=\u00bbrow\u00bb use_row_as_full_screen_section=\u00bbno\u00bb type=\u00bbfull_width\u00bb angled_section=\u00bbno\u00bb text_align=\u00bbleft\u00bb background_image_as_pattern=\u00bbwithout_pattern\u00bb css=\u00bb.vc_custom_1544448491317{margin-bottom: 0px !important;padding-bottom: 0px !important;}\u00bb z_index=\u00bb\u00bb][vc_column][rev_slider_vc alias=\u00bbseminaires\u00bb][\/vc_column][\/vc_row][vc_row css_animation=\u00bb\u00bb row_type=\u00bbrow\u00bb use_row_as_full_screen_section=\u00bbno\u00bb type=\u00bbgrid\u00bb angled_section=\u00bbno\u00bb text_align=\u00bbcenter\u00bb background_image_as_pattern=\u00bbwithout_pattern\u00bb padding_top=\u00bb50&#8243; z_index=\u00bb\u00bb][vc_column][vc_column_text]<\/p>\n<h1>NUESTROS SALONES, RENOVADOS Y CLIMATIZADOS, PARA TUS SEMINARIOS:<\/h1>\n<p>[\/vc_column_text][vc_empty_space height=\u00bb12px\u00bb][vc_separator type=\u00bbsmall\u00bb position=\u00bbcenter\u00bb color=\u00bb#95775d\u00bb thickness=\u00bb3&#8243; width=\u00bb150&#8243;][vc_empty_space height=\u00bb10px\u00bb][\/vc_column][\/vc_row][vc_row css_animation=\u00bb\u00bb row_type=\u00bbrow\u00bb use_row_as_full_screen_section=\u00bbno\u00bb type=\u00bbgrid\u00bb angled_section=\u00bbno\u00bb text_align=\u00bbcenter\u00bb background_image_as_pattern=\u00bbwithout_pattern\u00bb padding_top=\u00bb50&#8243; z_index=\u00bb\u00bb css=\u00bb.vc_custom_1544454746609{margin-top: 0px !important;padding-top: 0px !important;}\u00bb][vc_column width=\u00bb2\/3&#8243; offset=\u00bbvc_col-lg-offset-2 vc_col-md-offset-2 vc_col-xs-12&#8243;][vc_column_text]<\/p>\n<div style=\"text-align: justify;\">\n<p><strong>Salon Michel-Ange,<\/strong><br \/>\nLuz natural, muros de piedra hechos con bujarda, techo de estilo Miguel-\u00c1ngel.<br \/>\nCapacidad: de 2 a 45 personas.<\/p>\n<p>&nbsp;<\/p>\n<p><strong>Salon Minerve,<\/strong><br \/>\nNuestro segundo sal\u00f3n, con una b\u00f3veda de piedras vistas y mobiliario antiguo de estilo Luis XIII.<br \/>\nCapacidad: de 2 a 50 personas.<\/p>\n<p>&nbsp;<\/p>\n<p><strong>Adem\u00e1s, 2 salas de comisi\u00f3n de 15 a 16 m\u00b2<\/strong>, una de las cuales es contigua a la sala Minerve, y la otra da a un bonito jard\u00edn interior.<\/p>\n<p><u>Equipo disponible bajo demanda:<\/u> retroproyector, videoproyector, pantalla de gran tama\u00f1o, paper board, reproductor de v\u00eddeo, televisor, Wi-Fi, etc.<\/p>\n<\/div>\n<p>[\/vc_column_text][\/vc_column][\/vc_row][vc_row css_animation=\u00bb\u00bb row_type=\u00bbrow\u00bb use_row_as_full_screen_section=\u00bbno\u00bb type=\u00bbgrid\u00bb angled_section=\u00bbno\u00bb text_align=\u00bbcenter\u00bb background_image_as_pattern=\u00bbwithout_pattern\u00bb padding_top=\u00bb50&#8243; z_index=\u00bb\u00bb css=\u00bb.vc_custom_1544630614014{margin-top: 0px !important;margin-bottom: 50px !important;padding-top: 30px !important;}\u00bb][vc_column width=\u00bb2\/3&#8243; offset=\u00bbvc_col-lg-offset-2 vc_col-md-offset-2 vc_col-xs-12&#8243;][vc_column_text]<\/p>\n<table border=\"0\" width=\"100%\" cellspacing=\"1\" cellpadding=\"10\" bgcolor=\"#362a1b\">\n<tbody>\n<tr style=\"background: #362a1b;\">\n<td bgcolor=\"#362a1b\"><span style=\"font-weight: bold; color: #fff;\">Nuestros salones<\/span><\/td>\n<td align=\"center\" bgcolor=\"#362a1b\"><img decoding=\"async\" class=\"alignnone size-full wp-image-420\" src=\"https:\/\/www.parishotelminerve.com\/wp-content\/uploads\/2018\/12\/seminaire_m2.gif\" alt=\"\" width=\"18\" height=\"17\" \/>\u00a0<span style=\"font-weight: bold; color: #fff;\">m\u00b2<\/span><\/td>\n<td align=\"center\" bgcolor=\"#362a1b\"><img decoding=\"async\" class=\"alignnone size-full wp-image-424\" src=\"https:\/\/www.parishotelminerve.com\/wp-content\/uploads\/2018\/12\/seminaire_theatre.gif\" alt=\"\" width=\"16\" height=\"18\" \/><\/td>\n<td align=\"center\" bgcolor=\"#362a1b\"><img decoding=\"async\" class=\"alignnone size-full wp-image-414\" src=\"https:\/\/www.parishotelminerve.com\/wp-content\/uploads\/2018\/12\/seminaire_classe.gif\" alt=\"\" width=\"16\" height=\"22\" \/><\/td>\n<td align=\"center\" bgcolor=\"#362a1b\"><img decoding=\"async\" class=\"alignnone size-full wp-image-426\" src=\"https:\/\/www.parishotelminerve.com\/wp-content\/uploads\/2018\/12\/seminaire_u.gif\" alt=\"\" width=\"20\" height=\"21\" \/><\/td>\n<td align=\"center\" bgcolor=\"#362a1b\"><img decoding=\"async\" class=\"alignnone size-full wp-image-412\" src=\"https:\/\/www.parishotelminerve.com\/wp-content\/uploads\/2018\/12\/seminaire_banquet.png\" alt=\"\" width=\"26\" height=\"23\" \/><\/td>\n<td align=\"center\" bgcolor=\"#362a1b\"><img decoding=\"async\" class=\"alignnone size-full wp-image-418\" src=\"https:\/\/www.parishotelminerve.com\/wp-content\/uploads\/2018\/12\/seminaire_cocktail.png\" alt=\"\" width=\"7\" height=\"21\" \/><\/td>\n<\/tr>\n<tr>\n<td style=\"border: 1px solid #362a1b;\" bgcolor=\"#FFFFFF\"><strong>Michel-Ange<\/strong><br \/>\nA la luz del dia<\/td>\n<td style=\"border: 1px solid #362a1b;\" align=\"center\" bgcolor=\"#FFFFFF\"><strong class=\"titre_page\">45<\/strong><\/td>\n<td style=\"border: 1px solid #362a1b;\" align=\"center\" bgcolor=\"#FFFFFF\">40<\/td>\n<td style=\"border: 1px solid #362a1b;\" align=\"center\" bgcolor=\"#FFFFFF\">30<\/td>\n<td style=\"border: 1px solid #362a1b;\" align=\"center\" bgcolor=\"#FFFFFF\">24<\/td>\n<td style=\"border: 1px solid #362a1b;\" align=\"center\" bgcolor=\"#FFFFFF\">24<\/td>\n<td style=\"border: 1px solid #362a1b;\" align=\"center\" bgcolor=\"#FFFFFF\">45<\/td>\n<\/tr>\n<tr>\n<td style=\"border: 1px solid #362a1b;\" bgcolor=\"#FFFFFF\"><strong>Minerve<\/strong><\/td>\n<td style=\"border: 1px solid #362a1b;\" align=\"center\" bgcolor=\"#FFFFFF\"><strong class=\"titre_page\">55<\/strong><\/td>\n<td style=\"border: 1px solid #362a1b;\" align=\"center\" bgcolor=\"#FFFFFF\">45<\/td>\n<td style=\"border: 1px solid #362a1b;\" align=\"center\" bgcolor=\"#FFFFFF\">30<\/td>\n<td style=\"border: 1px solid #362a1b;\" align=\"center\" bgcolor=\"#FFFFFF\">24<\/td>\n<td style=\"border: 1px solid #362a1b;\" align=\"center\" bgcolor=\"#FFFFFF\">32<\/td>\n<td style=\"border: 1px solid #362a1b;\" align=\"center\" bgcolor=\"#FFFFFF\">50<\/td>\n<\/tr>\n<\/tbody>\n<\/table>\n<p>&nbsp;<\/p>\n<p>Para cualquier tipo de reserva o solicitud de presupuesto, contactar directamente con el hotel en el +33 1 43 26 26 04 o en <a href=\"mailto:resa@parishotelminerve.com\">resa@parishotelminerve.com<\/a>[\/vc_column_text][\/vc_column][\/vc_row]<\/p>\n","protected":false},"excerpt":{"rendered":"<p>[vc_row css_animation=\u00bb\u00bb row_type=\u00bbrow\u00bb use_row_as_full_screen_section=\u00bbno\u00bb type=\u00bbfull_width\u00bb angled_section=\u00bbno\u00bb text_align=\u00bbleft\u00bb background_image_as_pattern=\u00bbwithout_pattern\u00bb css=\u00bb.vc_custom_1544448491317{margin-bottom: 0px !important;padding-bottom: 0px !important;}\u00bb z_index=\u00bb\u00bb][vc_column][rev_slider_vc alias=\u00bbseminaires\u00bb][\/vc_column][\/vc_row][vc_row css_animation=\u00bb\u00bb row_type=\u00bbrow\u00bb use_row_as_full_screen_section=\u00bbno\u00bb type=\u00bbgrid\u00bb angled_section=\u00bbno\u00bb text_align=\u00bbcenter\u00bb background_image_as_pattern=\u00bbwithout_pattern\u00bb padding_top=\u00bb50&#8243; z_index=\u00bb\u00bb][vc_column][vc_column_text] NUESTROS SALONES, RENOVADOS Y CLIMATIZADOS, PARA TUS SEMINARIOS: [\/vc_column_text][vc_empty_space height=\u00bb12px\u00bb][vc_separator type=\u00bbsmall\u00bb position=\u00bbcenter\u00bb color=\u00bb#95775d\u00bb thickness=\u00bb3&#8243; width=\u00bb150&#8243;][vc_empty_space height=\u00bb10px\u00bb][\/vc_column][\/vc_row][vc_row css_animation=\u00bb\u00bb row_type=\u00bbrow\u00bb use_row_as_full_screen_section=\u00bbno\u00bb type=\u00bbgrid\u00bb angled_section=\u00bbno\u00bb&#8230;<\/p>\n","protected":false},"author":1,"featured_media":0,"parent":0,"menu_order":0,"comment_status":"closed","ping_status":"closed","template":"full_width.php","meta":{"footnotes":""},"yoast_head":"<!-- This site is optimized with the Yoast SEO plugin v21.8.1 - https:\/\/yoast.com\/wordpress\/plugins\/seo\/ -->\n<title>Salones renovados y climatizados para sus seminarios en el hotel Minerve<\/title>\n<meta name=\"description\" content=\"El Hotel Minerve Paris ofrece 2 salones renovados y con aire acondicionado para sus seminarios y reuniones de negocios de 2 a 50 personas.\" \/>\n<meta name=\"robots\" content=\"index, follow, max-snippet:-1, max-image-preview:large, max-video-preview:-1\" \/>\n<link rel=\"canonical\" href=\"https:\/\/www.parishotelminerve.com\/es\/seminarios-hotel-minerve-paris\/\" \/>\n<meta property=\"og:locale\" content=\"es_ES\" \/>\n<meta property=\"og:type\" content=\"article\" \/>\n<meta property=\"og:title\" content=\"Salones renovados y climatizados para sus seminarios en el hotel Minerve\" \/>\n<meta property=\"og:description\" content=\"El Hotel Minerve Paris ofrece 2 salones renovados y con aire acondicionado para sus seminarios y reuniones de negocios de 2 a 50 personas.\" \/>\n<meta property=\"og:url\" content=\"https:\/\/www.parishotelminerve.com\/es\/seminarios-hotel-minerve-paris\/\" \/>\n<meta property=\"og:site_name\" content=\"H\u00f4tel Minerve Paris\" \/>\n<meta property=\"article:modified_time\" content=\"2019-03-18T13:28:52+00:00\" \/>\n<meta property=\"og:image\" content=\"https:\/\/www.parishotelminerve.com\/wp-content\/uploads\/2018\/12\/seminaire_m2.gif\" \/>\n<meta name=\"twitter:card\" content=\"summary_large_image\" \/>\n<meta name=\"twitter:label1\" content=\"Tiempo de lectura\" \/>\n\t<meta name=\"twitter:data1\" content=\"2 minutos\" \/>\n<script type=\"application\/ld+json\" class=\"yoast-schema-graph\">{\"@context\":\"https:\/\/schema.org\",\"@graph\":[{\"@type\":\"WebPage\",\"@id\":\"https:\/\/www.parishotelminerve.com\/es\/seminarios-hotel-minerve-paris\/\",\"url\":\"https:\/\/www.parishotelminerve.com\/es\/seminarios-hotel-minerve-paris\/\",\"name\":\"Salones renovados y climatizados para sus seminarios en el hotel Minerve\",\"isPartOf\":{\"@id\":\"https:\/\/www.parishotelminerve.com\/en\/#website\"},\"datePublished\":\"2018-12-12T13:37:27+00:00\",\"dateModified\":\"2019-03-18T13:28:52+00:00\",\"description\":\"El Hotel Minerve Paris ofrece 2 salones renovados y con aire acondicionado para sus seminarios y reuniones de negocios de 2 a 50 personas.\",\"breadcrumb\":{\"@id\":\"https:\/\/www.parishotelminerve.com\/es\/seminarios-hotel-minerve-paris\/#breadcrumb\"},\"inLanguage\":\"es\",\"potentialAction\":[{\"@type\":\"ReadAction\",\"target\":[\"https:\/\/www.parishotelminerve.com\/es\/seminarios-hotel-minerve-paris\/\"]}]},{\"@type\":\"BreadcrumbList\",\"@id\":\"https:\/\/www.parishotelminerve.com\/es\/seminarios-hotel-minerve-paris\/#breadcrumb\",\"itemListElement\":[{\"@type\":\"ListItem\",\"position\":1,\"name\":\"Accueil\",\"item\":\"https:\/\/www.parishotelminerve.com\/es\/\"},{\"@type\":\"ListItem\",\"position\":2,\"name\":\"S\u00e9minaires\"}]},{\"@type\":\"WebSite\",\"@id\":\"https:\/\/www.parishotelminerve.com\/en\/#website\",\"url\":\"https:\/\/www.parishotelminerve.com\/en\/\",\"name\":\"H\u00f4tel Minerve Paris\",\"description\":\"H\u00f4tel 3 \u00e9toiles de charme au coeur du quartier latin\",\"potentialAction\":[{\"@type\":\"SearchAction\",\"target\":{\"@type\":\"EntryPoint\",\"urlTemplate\":\"https:\/\/www.parishotelminerve.com\/en\/?s={search_term_string}\"},\"query-input\":\"required name=search_term_string\"}],\"inLanguage\":\"es\"}]}<\/script>\n<!-- \/ Yoast SEO plugin. -->","yoast_head_json":{"title":"Salones renovados y climatizados para sus seminarios en el hotel Minerve","description":"El Hotel Minerve Paris ofrece 2 salones renovados y con aire acondicionado para sus seminarios y reuniones de negocios de 2 a 50 personas.","robots":{"index":"index","follow":"follow","max-snippet":"max-snippet:-1","max-image-preview":"max-image-preview:large","max-video-preview":"max-video-preview:-1"},"canonical":"https:\/\/www.parishotelminerve.com\/es\/seminarios-hotel-minerve-paris\/","og_locale":"es_ES","og_type":"article","og_title":"Salones renovados y climatizados para sus seminarios en el hotel Minerve","og_description":"El Hotel Minerve Paris ofrece 2 salones renovados y con aire acondicionado para sus seminarios y reuniones de negocios de 2 a 50 personas.","og_url":"https:\/\/www.parishotelminerve.com\/es\/seminarios-hotel-minerve-paris\/","og_site_name":"H\u00f4tel Minerve Paris","article_modified_time":"2019-03-18T13:28:52+00:00","og_image":[{"url":"https:\/\/www.parishotelminerve.com\/wp-content\/uploads\/2018\/12\/seminaire_m2.gif"}],"twitter_card":"summary_large_image","twitter_misc":{"Tiempo de lectura":"2 minutos"},"schema":{"@context":"https:\/\/schema.org","@graph":[{"@type":"WebPage","@id":"https:\/\/www.parishotelminerve.com\/es\/seminarios-hotel-minerve-paris\/","url":"https:\/\/www.parishotelminerve.com\/es\/seminarios-hotel-minerve-paris\/","name":"Salones renovados y climatizados para sus seminarios en el hotel Minerve","isPartOf":{"@id":"https:\/\/www.parishotelminerve.com\/en\/#website"},"datePublished":"2018-12-12T13:37:27+00:00","dateModified":"2019-03-18T13:28:52+00:00","description":"El Hotel Minerve Paris ofrece 2 salones renovados y con aire acondicionado para sus seminarios y reuniones de negocios de 2 a 50 personas.","breadcrumb":{"@id":"https:\/\/www.parishotelminerve.com\/es\/seminarios-hotel-minerve-paris\/#breadcrumb"},"inLanguage":"es","potentialAction":[{"@type":"ReadAction","target":["https:\/\/www.parishotelminerve.com\/es\/seminarios-hotel-minerve-paris\/"]}]},{"@type":"BreadcrumbList","@id":"https:\/\/www.parishotelminerve.com\/es\/seminarios-hotel-minerve-paris\/#breadcrumb","itemListElement":[{"@type":"ListItem","position":1,"name":"Accueil","item":"https:\/\/www.parishotelminerve.com\/es\/"},{"@type":"ListItem","position":2,"name":"S\u00e9minaires"}]},{"@type":"WebSite","@id":"https:\/\/www.parishotelminerve.com\/en\/#website","url":"https:\/\/www.parishotelminerve.com\/en\/","name":"H\u00f4tel Minerve Paris","description":"H\u00f4tel 3 \u00e9toiles de charme au coeur du quartier latin","potentialAction":[{"@type":"SearchAction","target":{"@type":"EntryPoint","urlTemplate":"https:\/\/www.parishotelminerve.com\/en\/?s={search_term_string}"},"query-input":"required name=search_term_string"}],"inLanguage":"es"}]}},"_links":{"self":[{"href":"https:\/\/www.parishotelminerve.com\/es\/wp-json\/wp\/v2\/pages\/519"}],"collection":[{"href":"https:\/\/www.parishotelminerve.com\/es\/wp-json\/wp\/v2\/pages"}],"about":[{"href":"https:\/\/www.parishotelminerve.com\/es\/wp-json\/wp\/v2\/types\/page"}],"author":[{"embeddable":true,"href":"https:\/\/www.parishotelminerve.com\/es\/wp-json\/wp\/v2\/users\/1"}],"replies":[{"embeddable":true,"href":"https:\/\/www.parishotelminerve.com\/es\/wp-json\/wp\/v2\/comments?post=519"}],"version-history":[{"count":2,"href":"https:\/\/www.parishotelminerve.com\/es\/wp-json\/wp\/v2\/pages\/519\/revisions"}],"predecessor-version":[{"id":585,"href":"https:\/\/www.parishotelminerve.com\/es\/wp-json\/wp\/v2\/pages\/519\/revisions\/585"}],"wp:attachment":[{"href":"https:\/\/www.parishotelminerve.com\/es\/wp-json\/wp\/v2\/media?parent=519"}],"curies":[{"name":"wp","href":"https:\/\/api.w.org\/{rel}","templated":true}]}}