{"id":509,"date":"2018-07-02T08:03:07","date_gmt":"2018-07-02T08:03:07","guid":{"rendered":"https:\/\/www.parishotelminerve.com\/home\/"},"modified":"2019-03-25T12:14:34","modified_gmt":"2019-03-25T11:14:34","slug":"home","status":"publish","type":"page","link":"https:\/\/www.parishotelminerve.com\/es\/","title":{"rendered":"Home"},"content":{"rendered":"<p>[vc_row css_animation=\u00bb\u00bb row_type=\u00bbrow\u00bb use_row_as_full_screen_section=\u00bbno\u00bb type=\u00bbfull_width\u00bb angled_section=\u00bbno\u00bb text_align=\u00bbleft\u00bb background_image_as_pattern=\u00bbwithout_pattern\u00bb css=\u00bb.vc_custom_1544448491317{margin-bottom: 0px !important;padding-bottom: 0px !important;}\u00bb z_index=\u00bb\u00bb][vc_column][rev_slider_vc alias=\u00bbaccueil\u00bb][\/vc_column][\/vc_row][vc_row css_animation=\u00bb\u00bb row_type=\u00bbrow\u00bb use_row_as_full_screen_section=\u00bbno\u00bb type=\u00bbgrid\u00bb angled_section=\u00bbno\u00bb text_align=\u00bbcenter\u00bb background_image_as_pattern=\u00bbwithout_pattern\u00bb padding_top=\u00bb50&#8243; z_index=\u00bb\u00bb][vc_column][vc_column_text]<\/p>\n<h1>EN EL CORAZ\u00d3N DEL BARRIO LATINO, EN EL V DISTRITO DE PAR\u00cdS<\/h1>\n<p>[\/vc_column_text][vc_empty_space height=\u00bb12px\u00bb][vc_separator type=\u00bbsmall\u00bb position=\u00bbcenter\u00bb color=\u00bb#95775d\u00bb thickness=\u00bb3&#8243; width=\u00bb150&#8243;][vc_empty_space height=\u00bb10px\u00bb][\/vc_column][\/vc_row][vc_row css_animation=\u00bb\u00bb row_type=\u00bbrow\u00bb use_row_as_full_screen_section=\u00bbno\u00bb type=\u00bbgrid\u00bb angled_section=\u00bbno\u00bb text_align=\u00bbcenter\u00bb background_image_as_pattern=\u00bbwithout_pattern\u00bb padding_top=\u00bb50&#8243; z_index=\u00bb\u00bb css=\u00bb.vc_custom_1544454746609{margin-top: 0px !important;padding-top: 0px !important;}\u00bb][vc_column width=\u00bb2\/3&#8243; offset=\u00bbvc_col-lg-offset-2 vc_col-md-offset-2 vc_col-xs-12&#8243;][vc_column_text]<\/p>\n<div style=\"text-align: justify;\">\n<p>El Minerve Hotel, con 3 estrellas de encanto y car\u00e1cter, te acoger\u00e1 en un ambiente distendido y en las proximidades de Notre Dame y de la Sorbona.<\/p>\n<p>Este encantador hotel est\u00e1 decorado con materiales nobles, tapices, muros de piedra, boiseries, vigas vistas y frescos murales pintados por un artista de Bellas Artes. Ven a descubrirlos.<\/p>\n<\/div>\n<p>[\/vc_column_text][\/vc_column][\/vc_row][vc_row css_animation=\u00bb\u00bb row_type=\u00bbrow\u00bb use_row_as_full_screen_section=\u00bbyes\u00bb type=\u00bbfull_width\u00bb angled_section=\u00bbno\u00bb text_align=\u00bbleft\u00bb background_image_as_pattern=\u00bbwithout_pattern\u00bb padding_top=\u00bb50&#8243; z_index=\u00bb\u00bb css=\u00bb.vc_custom_1544451374989{margin-bottom: 30px !important;}\u00bb][vc_column][vc_single_image image=\u00bb280&#8243; img_size=\u00bbfull\u00bb alignment=\u00bbcenter\u00bb qode_css_animation=\u00bb\u00bb][\/vc_column][\/vc_row][vc_row css_animation=\u00bb\u00bb row_type=\u00bbrow\u00bb use_row_as_full_screen_section=\u00bbno\u00bb type=\u00bbgrid\u00bb angled_section=\u00bbno\u00bb text_align=\u00bbcenter\u00bb background_image_as_pattern=\u00bbwithout_pattern\u00bb padding_top=\u00bb50&#8243; z_index=\u00bb\u00bb css=\u00bb.vc_custom_1544455599848{margin-top: 0px !important;margin-bottom: 50px !important;padding-top: 0px !important;}\u00bb][vc_column width=\u00bb2\/3&#8243; offset=\u00bbvc_col-lg-offset-2 vc_col-md-offset-2 vc_col-xs-12&#8243;][vc_column_text]<\/p>\n<div style=\"text-align: justify;\">El inmueble noble Haussmaniano de 1864 est\u00e1 decorado con unos floridos balcones con vistas.<\/div>\n<p>[\/vc_column_text][\/vc_column][\/vc_row][vc_row css_animation=\u00bb\u00bb row_type=\u00bbrow\u00bb use_row_as_full_screen_section=\u00bbno\u00bb type=\u00bbfull_width\u00bb angled_section=\u00bbno\u00bb text_align=\u00bbleft\u00bb background_image_as_pattern=\u00bbwithout_pattern\u00bb padding_bottom=\u00bb0&#8243; css=\u00bb.vc_custom_1544456018328{margin-top: 0px !important;margin-bottom: 0px !important;padding-top: 0px !important;padding-bottom: 0px !important;}\u00bb z_index=\u00bb\u00bb][vc_column css=\u00bb.vc_custom_1544456024391{margin-top: 0px !important;margin-bottom: 0px !important;border-bottom-width: 0px !important;padding-top: 0px !important;padding-bottom: 0px !important;}\u00bb][vc_single_image image=\u00bb277&#8243; img_size=\u00bbfull\u00bb alignment=\u00bbcenter\u00bb style=\u00bbvc_box_shadow_3d\u00bb qode_css_animation=\u00bb\u00bb css=\u00bb.vc_custom_1544456033932{margin-top: 0px !important;margin-bottom: 0px !important;border-top-width: 0px !important;border-bottom-width: 0px !important;padding-top: 0px !important;padding-bottom: 0px !important;}\u00bb][\/vc_column][\/vc_row]<\/p>\n","protected":false},"excerpt":{"rendered":"<p>[vc_row css_animation=\u00bb\u00bb row_type=\u00bbrow\u00bb use_row_as_full_screen_section=\u00bbno\u00bb type=\u00bbfull_width\u00bb angled_section=\u00bbno\u00bb text_align=\u00bbleft\u00bb background_image_as_pattern=\u00bbwithout_pattern\u00bb css=\u00bb.vc_custom_1544448491317{margin-bottom: 0px !important;padding-bottom: 0px !important;}\u00bb z_index=\u00bb\u00bb][vc_column][rev_slider_vc alias=\u00bbaccueil\u00bb][\/vc_column][\/vc_row][vc_row css_animation=\u00bb\u00bb row_type=\u00bbrow\u00bb use_row_as_full_screen_section=\u00bbno\u00bb type=\u00bbgrid\u00bb angled_section=\u00bbno\u00bb text_align=\u00bbcenter\u00bb background_image_as_pattern=\u00bbwithout_pattern\u00bb padding_top=\u00bb50&#8243; z_index=\u00bb\u00bb][vc_column][vc_column_text] EN EL CORAZ\u00d3N DEL BARRIO LATINO, EN EL V DISTRITO DE PAR\u00cdS [\/vc_column_text][vc_empty_space height=\u00bb12px\u00bb][vc_separator type=\u00bbsmall\u00bb position=\u00bbcenter\u00bb color=\u00bb#95775d\u00bb thickness=\u00bb3&#8243; width=\u00bb150&#8243;][vc_empty_space height=\u00bb10px\u00bb][\/vc_column][\/vc_row][vc_row css_animation=\u00bb\u00bb&#8230;<\/p>\n","protected":false},"author":1,"featured_media":0,"parent":0,"menu_order":0,"comment_status":"closed","ping_status":"closed","template":"full_width.php","meta":{"footnotes":""},"yoast_head":"<!-- This site is optimized with the Yoast SEO plugin v21.8.1 - https:\/\/yoast.com\/wordpress\/plugins\/seo\/ -->\n<title>HOTEL MINERVE PARIS | SITIO WEB OFICIAL | MEJOR TARIFA<\/title>\n<meta name=\"description\" content=\"Hotel Minerve Paris 5 es un encantador hotel de 3 estrellas en el centro del Barrio Latino. Cerca de Notre Dame de Paris. codigo promocional: PARIS\" \/>\n<meta name=\"robots\" content=\"index, follow, max-snippet:-1, max-image-preview:large, max-video-preview:-1\" \/>\n<link rel=\"canonical\" href=\"https:\/\/www.parishotelminerve.com\/es\/\" \/>\n<meta property=\"og:locale\" content=\"es_ES\" \/>\n<meta property=\"og:type\" content=\"article\" \/>\n<meta property=\"og:title\" content=\"HOTEL MINERVE PARIS | SITIO WEB OFICIAL | MEJOR TARIFA\" \/>\n<meta property=\"og:description\" content=\"Hotel Minerve Paris 5 es un encantador hotel de 3 estrellas en el centro del Barrio Latino. Cerca de Notre Dame de Paris. codigo promocional: PARIS\" \/>\n<meta property=\"og:url\" content=\"https:\/\/www.parishotelminerve.com\/es\/\" \/>\n<meta property=\"og:site_name\" content=\"H\u00f4tel Minerve Paris\" \/>\n<meta property=\"article:modified_time\" content=\"2019-03-25T11:14:34+00:00\" \/>\n<meta name=\"twitter:card\" content=\"summary_large_image\" \/>\n<meta name=\"twitter:label1\" content=\"Tiempo de lectura\" \/>\n\t<meta name=\"twitter:data1\" content=\"2 minutos\" \/>\n<script type=\"application\/ld+json\" class=\"yoast-schema-graph\">{\"@context\":\"https:\/\/schema.org\",\"@graph\":[{\"@type\":\"WebPage\",\"@id\":\"https:\/\/www.parishotelminerve.com\/es\/\",\"url\":\"https:\/\/www.parishotelminerve.com\/es\/\",\"name\":\"HOTEL MINERVE PARIS | SITIO WEB OFICIAL | MEJOR TARIFA\",\"isPartOf\":{\"@id\":\"https:\/\/www.parishotelminerve.com\/en\/#website\"},\"datePublished\":\"2018-07-02T08:03:07+00:00\",\"dateModified\":\"2019-03-25T11:14:34+00:00\",\"description\":\"Hotel Minerve Paris 5 es un encantador hotel de 3 estrellas en el centro del Barrio Latino. Cerca de Notre Dame de Paris. codigo promocional: PARIS\",\"breadcrumb\":{\"@id\":\"https:\/\/www.parishotelminerve.com\/es\/#breadcrumb\"},\"inLanguage\":\"es\",\"potentialAction\":[{\"@type\":\"ReadAction\",\"target\":[\"https:\/\/www.parishotelminerve.com\/es\/\"]}]},{\"@type\":\"BreadcrumbList\",\"@id\":\"https:\/\/www.parishotelminerve.com\/es\/#breadcrumb\",\"itemListElement\":[{\"@type\":\"ListItem\",\"position\":1,\"name\":\"Accueil\",\"item\":\"https:\/\/www.parishotelminerve.com\/es\/\"},{\"@type\":\"ListItem\",\"position\":2,\"name\":\"Home\"}]},{\"@type\":\"WebSite\",\"@id\":\"https:\/\/www.parishotelminerve.com\/en\/#website\",\"url\":\"https:\/\/www.parishotelminerve.com\/en\/\",\"name\":\"H\u00f4tel Minerve Paris\",\"description\":\"H\u00f4tel 3 \u00e9toiles de charme au coeur du quartier latin\",\"potentialAction\":[{\"@type\":\"SearchAction\",\"target\":{\"@type\":\"EntryPoint\",\"urlTemplate\":\"https:\/\/www.parishotelminerve.com\/en\/?s={search_term_string}\"},\"query-input\":\"required name=search_term_string\"}],\"inLanguage\":\"es\"}]}<\/script>\n<!-- \/ Yoast SEO plugin. -->","yoast_head_json":{"title":"HOTEL MINERVE PARIS | SITIO WEB OFICIAL | MEJOR TARIFA","description":"Hotel Minerve Paris 5 es un encantador hotel de 3 estrellas en el centro del Barrio Latino. Cerca de Notre Dame de Paris. codigo promocional: PARIS","robots":{"index":"index","follow":"follow","max-snippet":"max-snippet:-1","max-image-preview":"max-image-preview:large","max-video-preview":"max-video-preview:-1"},"canonical":"https:\/\/www.parishotelminerve.com\/es\/","og_locale":"es_ES","og_type":"article","og_title":"HOTEL MINERVE PARIS | SITIO WEB OFICIAL | MEJOR TARIFA","og_description":"Hotel Minerve Paris 5 es un encantador hotel de 3 estrellas en el centro del Barrio Latino. Cerca de Notre Dame de Paris. codigo promocional: PARIS","og_url":"https:\/\/www.parishotelminerve.com\/es\/","og_site_name":"H\u00f4tel Minerve Paris","article_modified_time":"2019-03-25T11:14:34+00:00","twitter_card":"summary_large_image","twitter_misc":{"Tiempo de lectura":"2 minutos"},"schema":{"@context":"https:\/\/schema.org","@graph":[{"@type":"WebPage","@id":"https:\/\/www.parishotelminerve.com\/es\/","url":"https:\/\/www.parishotelminerve.com\/es\/","name":"HOTEL MINERVE PARIS | SITIO WEB OFICIAL | MEJOR TARIFA","isPartOf":{"@id":"https:\/\/www.parishotelminerve.com\/en\/#website"},"datePublished":"2018-07-02T08:03:07+00:00","dateModified":"2019-03-25T11:14:34+00:00","description":"Hotel Minerve Paris 5 es un encantador hotel de 3 estrellas en el centro del Barrio Latino. Cerca de Notre Dame de Paris. codigo promocional: PARIS","breadcrumb":{"@id":"https:\/\/www.parishotelminerve.com\/es\/#breadcrumb"},"inLanguage":"es","potentialAction":[{"@type":"ReadAction","target":["https:\/\/www.parishotelminerve.com\/es\/"]}]},{"@type":"BreadcrumbList","@id":"https:\/\/www.parishotelminerve.com\/es\/#breadcrumb","itemListElement":[{"@type":"ListItem","position":1,"name":"Accueil","item":"https:\/\/www.parishotelminerve.com\/es\/"},{"@type":"ListItem","position":2,"name":"Home"}]},{"@type":"WebSite","@id":"https:\/\/www.parishotelminerve.com\/en\/#website","url":"https:\/\/www.parishotelminerve.com\/en\/","name":"H\u00f4tel Minerve Paris","description":"H\u00f4tel 3 \u00e9toiles de charme au coeur du quartier latin","potentialAction":[{"@type":"SearchAction","target":{"@type":"EntryPoint","urlTemplate":"https:\/\/www.parishotelminerve.com\/en\/?s={search_term_string}"},"query-input":"required name=search_term_string"}],"inLanguage":"es"}]}},"_links":{"self":[{"href":"https:\/\/www.parishotelminerve.com\/es\/wp-json\/wp\/v2\/pages\/509"}],"collection":[{"href":"https:\/\/www.parishotelminerve.com\/es\/wp-json\/wp\/v2\/pages"}],"about":[{"href":"https:\/\/www.parishotelminerve.com\/es\/wp-json\/wp\/v2\/types\/page"}],"author":[{"embeddable":true,"href":"https:\/\/www.parishotelminerve.com\/es\/wp-json\/wp\/v2\/users\/1"}],"replies":[{"embeddable":true,"href":"https:\/\/www.parishotelminerve.com\/es\/wp-json\/wp\/v2\/comments?post=509"}],"version-history":[{"count":2,"href":"https:\/\/www.parishotelminerve.com\/es\/wp-json\/wp\/v2\/pages\/509\/revisions"}],"predecessor-version":[{"id":552,"href":"https:\/\/www.parishotelminerve.com\/es\/wp-json\/wp\/v2\/pages\/509\/revisions\/552"}],"wp:attachment":[{"href":"https:\/\/www.parishotelminerve.com\/es\/wp-json\/wp\/v2\/media?parent=509"}],"curies":[{"name":"wp","href":"https:\/\/api.w.org\/{rel}","templated":true}]}}