{"id":499,"date":"2018-12-11T06:21:33","date_gmt":"2018-12-11T05:21:33","guid":{"rendered":"https:\/\/www.parishotelminerve.com\/galerie-photos-hotel-minerve-paris\/"},"modified":"2024-01-24T09:52:41","modified_gmt":"2024-01-24T08:52:41","slug":"galeria-de-fotos-hotel-minerve-paris","status":"publish","type":"page","link":"https:\/\/www.parishotelminerve.com\/es\/galeria-de-fotos-hotel-minerve-paris\/","title":{"rendered":"Galerie"},"content":{"rendered":"<p>[vc_row css_animation=\u00bb\u00bb row_type=\u00bbrow\u00bb use_row_as_full_screen_section=\u00bbno\u00bb type=\u00bbfull_width\u00bb angled_section=\u00bbno\u00bb text_align=\u00bbleft\u00bb background_image_as_pattern=\u00bbwithout_pattern\u00bb css=\u00bb.vc_custom_1544448491317{margin-bottom: 0px !important;padding-bottom: 0px !important;}\u00bb z_index=\u00bb\u00bb][vc_column][vc_gallery type=\u00bbimage_grid\u00bb images=\u00bb951,1422,1401,1359,1415,1352,1380,1429,1905,1912,1919,1926,1933,1940,1947,1954,1961,1968,1975,1982,1996,2003,2010,1892,1885,1878,1871,1863,1856,1849,1842,1835,1828,1821,1814,1807,1800,1793,1786,1779,1772,1765,1758,1751,1744,1737,1730,1723,1716,1702,1695,1688,1681,1674,1667,1660,1653,1646,1639,1632,1625,1618,1611,1604,1597,1590,1583,1576,1569,1562,1555,1548,1541,1534,1520,1513,1506,1499,1492,1485,1478,1471,1464,1457,1443,1436,1387,392&#8243; img_size=\u00bbmedium\u00bb onclick=\u00bbimg_link_large\u00bb column_number=\u00bb4&#8243; grayscale=\u00bbno\u00bb images_space=\u00bbgallery_with_space\u00bb css=\u00bb.vc_custom_1706086361644{padding-top: 20px !important;padding-right: 20px !important;padding-bottom: 20px !important;padding-left: 20px !important;}\u00bb el_class=\u00bbfoobox\u00bb][\/vc_column][\/vc_row]<\/p>\n","protected":false},"excerpt":{"rendered":"<p>[vc_row css_animation=\u00bb\u00bb row_type=\u00bbrow\u00bb use_row_as_full_screen_section=\u00bbno\u00bb type=\u00bbfull_width\u00bb angled_section=\u00bbno\u00bb text_align=\u00bbleft\u00bb background_image_as_pattern=\u00bbwithout_pattern\u00bb css=\u00bb.vc_custom_1544448491317{margin-bottom: 0px !important;padding-bottom: 0px !important;}\u00bb z_index=\u00bb\u00bb][vc_column][vc_gallery type=\u00bbimage_grid\u00bb images=\u00bb951,1422,1401,1359,1415,1352,1380,1429,1905,1912,1919,1926,1933,1940,1947,1954,1961,1968,1975,1982,1996,2003,2010,1892,1885,1878,1871,1863,1856,1849,1842,1835,1828,1821,1814,1807,1800,1793,1786,1779,1772,1765,1758,1751,1744,1737,1730,1723,1716,1702,1695,1688,1681,1674,1667,1660,1653,1646,1639,1632,1625,1618,1611,1604,1597,1590,1583,1576,1569,1562,1555,1548,1541,1534,1520,1513,1506,1499,1492,1485,1478,1471,1464,1457,1443,1436,1387,392&#8243; img_size=\u00bbmedium\u00bb onclick=\u00bbimg_link_large\u00bb column_number=\u00bb4&#8243; grayscale=\u00bbno\u00bb images_space=\u00bbgallery_with_space\u00bb css=\u00bb.vc_custom_1706086361644{padding-top: 20px !important;padding-right: 20px !important;padding-bottom: 20px !important;padding-left: 20px !important;}\u00bb el_class=\u00bbfoobox\u00bb][\/vc_column][\/vc_row]<\/p>\n","protected":false},"author":1,"featured_media":0,"parent":0,"menu_order":0,"comment_status":"closed","ping_status":"closed","template":"full_width.php","meta":{"footnotes":""},"yoast_head":"<!-- This site is optimized with the Yoast SEO plugin v21.8.1 - https:\/\/yoast.com\/wordpress\/plugins\/seo\/ -->\n<title>\u2192 Galer\u00eda de fotos Hotel MInerve Paris, Hotel 3 estrellas barrio latino<\/title>\n<meta name=\"description\" content=\"El Minerve Hotel, con 3 estrellas de encanto y car\u00e1cter, te acoger\u00e1 en un ambiente distendido y en las proximidades de Notre Dame y de la Sorbona.\" \/>\n<meta name=\"robots\" content=\"index, follow, max-snippet:-1, max-image-preview:large, max-video-preview:-1\" \/>\n<link rel=\"canonical\" href=\"https:\/\/www.parishotelminerve.com\/es\/galeria-de-fotos-hotel-minerve-paris\/\" \/>\n<meta property=\"og:locale\" content=\"es_ES\" \/>\n<meta property=\"og:type\" content=\"article\" \/>\n<meta property=\"og:title\" content=\"\u2192 Galer\u00eda de fotos Hotel MInerve Paris, Hotel 3 estrellas barrio latino\" \/>\n<meta property=\"og:description\" content=\"El Minerve Hotel, con 3 estrellas de encanto y car\u00e1cter, te acoger\u00e1 en un ambiente distendido y en las proximidades de Notre Dame y de la Sorbona.\" \/>\n<meta property=\"og:url\" content=\"https:\/\/www.parishotelminerve.com\/es\/galeria-de-fotos-hotel-minerve-paris\/\" \/>\n<meta property=\"og:site_name\" content=\"H\u00f4tel Minerve Paris\" \/>\n<meta property=\"article:modified_time\" content=\"2024-01-24T08:52:41+00:00\" \/>\n<meta name=\"twitter:card\" content=\"summary_large_image\" \/>\n<meta name=\"twitter:label1\" content=\"Tiempo de lectura\" \/>\n\t<meta name=\"twitter:data1\" content=\"1 minuto\" \/>\n<script type=\"application\/ld+json\" class=\"yoast-schema-graph\">{\"@context\":\"https:\/\/schema.org\",\"@graph\":[{\"@type\":\"WebPage\",\"@id\":\"https:\/\/www.parishotelminerve.com\/es\/galeria-de-fotos-hotel-minerve-paris\/\",\"url\":\"https:\/\/www.parishotelminerve.com\/es\/galeria-de-fotos-hotel-minerve-paris\/\",\"name\":\"\u2192 Galer\u00eda de fotos Hotel MInerve Paris, Hotel 3 estrellas barrio latino\",\"isPartOf\":{\"@id\":\"https:\/\/www.parishotelminerve.com\/en\/#website\"},\"datePublished\":\"2018-12-11T05:21:33+00:00\",\"dateModified\":\"2024-01-24T08:52:41+00:00\",\"description\":\"El Minerve Hotel, con 3 estrellas de encanto y car\u00e1cter, te acoger\u00e1 en un ambiente distendido y en las proximidades de Notre Dame y de la Sorbona.\",\"breadcrumb\":{\"@id\":\"https:\/\/www.parishotelminerve.com\/es\/galeria-de-fotos-hotel-minerve-paris\/#breadcrumb\"},\"inLanguage\":\"es\",\"potentialAction\":[{\"@type\":\"ReadAction\",\"target\":[\"https:\/\/www.parishotelminerve.com\/es\/galeria-de-fotos-hotel-minerve-paris\/\"]}]},{\"@type\":\"BreadcrumbList\",\"@id\":\"https:\/\/www.parishotelminerve.com\/es\/galeria-de-fotos-hotel-minerve-paris\/#breadcrumb\",\"itemListElement\":[{\"@type\":\"ListItem\",\"position\":1,\"name\":\"Accueil\",\"item\":\"https:\/\/www.parishotelminerve.com\/es\/\"},{\"@type\":\"ListItem\",\"position\":2,\"name\":\"Galerie\"}]},{\"@type\":\"WebSite\",\"@id\":\"https:\/\/www.parishotelminerve.com\/en\/#website\",\"url\":\"https:\/\/www.parishotelminerve.com\/en\/\",\"name\":\"H\u00f4tel Minerve Paris\",\"description\":\"H\u00f4tel 3 \u00e9toiles de charme au coeur du quartier latin\",\"potentialAction\":[{\"@type\":\"SearchAction\",\"target\":{\"@type\":\"EntryPoint\",\"urlTemplate\":\"https:\/\/www.parishotelminerve.com\/en\/?s={search_term_string}\"},\"query-input\":\"required name=search_term_string\"}],\"inLanguage\":\"es\"}]}<\/script>\n<!-- \/ Yoast SEO plugin. -->","yoast_head_json":{"title":"\u2192 Galer\u00eda de fotos Hotel MInerve Paris, Hotel 3 estrellas barrio latino","description":"El Minerve Hotel, con 3 estrellas de encanto y car\u00e1cter, te acoger\u00e1 en un ambiente distendido y en las proximidades de Notre Dame y de la Sorbona.","robots":{"index":"index","follow":"follow","max-snippet":"max-snippet:-1","max-image-preview":"max-image-preview:large","max-video-preview":"max-video-preview:-1"},"canonical":"https:\/\/www.parishotelminerve.com\/es\/galeria-de-fotos-hotel-minerve-paris\/","og_locale":"es_ES","og_type":"article","og_title":"\u2192 Galer\u00eda de fotos Hotel MInerve Paris, Hotel 3 estrellas barrio latino","og_description":"El Minerve Hotel, con 3 estrellas de encanto y car\u00e1cter, te acoger\u00e1 en un ambiente distendido y en las proximidades de Notre Dame y de la Sorbona.","og_url":"https:\/\/www.parishotelminerve.com\/es\/galeria-de-fotos-hotel-minerve-paris\/","og_site_name":"H\u00f4tel Minerve Paris","article_modified_time":"2024-01-24T08:52:41+00:00","twitter_card":"summary_large_image","twitter_misc":{"Tiempo de lectura":"1 minuto"},"schema":{"@context":"https:\/\/schema.org","@graph":[{"@type":"WebPage","@id":"https:\/\/www.parishotelminerve.com\/es\/galeria-de-fotos-hotel-minerve-paris\/","url":"https:\/\/www.parishotelminerve.com\/es\/galeria-de-fotos-hotel-minerve-paris\/","name":"\u2192 Galer\u00eda de fotos Hotel MInerve Paris, Hotel 3 estrellas barrio latino","isPartOf":{"@id":"https:\/\/www.parishotelminerve.com\/en\/#website"},"datePublished":"2018-12-11T05:21:33+00:00","dateModified":"2024-01-24T08:52:41+00:00","description":"El Minerve Hotel, con 3 estrellas de encanto y car\u00e1cter, te acoger\u00e1 en un ambiente distendido y en las proximidades de Notre Dame y de la Sorbona.","breadcrumb":{"@id":"https:\/\/www.parishotelminerve.com\/es\/galeria-de-fotos-hotel-minerve-paris\/#breadcrumb"},"inLanguage":"es","potentialAction":[{"@type":"ReadAction","target":["https:\/\/www.parishotelminerve.com\/es\/galeria-de-fotos-hotel-minerve-paris\/"]}]},{"@type":"BreadcrumbList","@id":"https:\/\/www.parishotelminerve.com\/es\/galeria-de-fotos-hotel-minerve-paris\/#breadcrumb","itemListElement":[{"@type":"ListItem","position":1,"name":"Accueil","item":"https:\/\/www.parishotelminerve.com\/es\/"},{"@type":"ListItem","position":2,"name":"Galerie"}]},{"@type":"WebSite","@id":"https:\/\/www.parishotelminerve.com\/en\/#website","url":"https:\/\/www.parishotelminerve.com\/en\/","name":"H\u00f4tel Minerve Paris","description":"H\u00f4tel 3 \u00e9toiles de charme au coeur du quartier latin","potentialAction":[{"@type":"SearchAction","target":{"@type":"EntryPoint","urlTemplate":"https:\/\/www.parishotelminerve.com\/en\/?s={search_term_string}"},"query-input":"required name=search_term_string"}],"inLanguage":"es"}]}},"_links":{"self":[{"href":"https:\/\/www.parishotelminerve.com\/es\/wp-json\/wp\/v2\/pages\/499"}],"collection":[{"href":"https:\/\/www.parishotelminerve.com\/es\/wp-json\/wp\/v2\/pages"}],"about":[{"href":"https:\/\/www.parishotelminerve.com\/es\/wp-json\/wp\/v2\/types\/page"}],"author":[{"embeddable":true,"href":"https:\/\/www.parishotelminerve.com\/es\/wp-json\/wp\/v2\/users\/1"}],"replies":[{"embeddable":true,"href":"https:\/\/www.parishotelminerve.com\/es\/wp-json\/wp\/v2\/comments?post=499"}],"version-history":[{"count":13,"href":"https:\/\/www.parishotelminerve.com\/es\/wp-json\/wp\/v2\/pages\/499\/revisions"}],"predecessor-version":[{"id":2066,"href":"https:\/\/www.parishotelminerve.com\/es\/wp-json\/wp\/v2\/pages\/499\/revisions\/2066"}],"wp:attachment":[{"href":"https:\/\/www.parishotelminerve.com\/es\/wp-json\/wp\/v2\/media?parent=499"}],"curies":[{"name":"wp","href":"https:\/\/api.w.org\/{rel}","templated":true}]}}